{"id":1924,"date":"2015-09-21T12:27:39","date_gmt":"2015-09-21T10:27:39","guid":{"rendered":"http:\/\/www.anffasms.it\/?page_id=1924"},"modified":"2017-02-23T11:01:07","modified_gmt":"2017-02-23T10:01:07","slug":"conferenza-progetto-auto","status":"publish","type":"page","link":"https:\/\/www.anffasms.it\/?page_id=1924","title":{"rendered":"Conferenza progetto AUTO"},"content":{"rendered":"<div class=\"fusion-fullwidth fullwidth-box fusion-builder-row-1 hundred-percent-fullwidth non-hundred-percent-height-scrolling\" style=\"--awb-border-radius-top-left:0px;--awb-border-radius-top-right:0px;--awb-border-radius-bottom-right:0px;--awb-border-radius-bottom-left:0px;--awb-overflow:visible;--awb-flex-wrap:wrap;\" ><div class=\"fusion-builder-row fusion-row\"><div class=\"fusion-layout-column fusion_builder_column fusion-builder-column-0 fusion_builder_column_1_1 1_1 fusion-one-full fusion-column-first fusion-column-last fusion-column-no-min-height\" style=\"--awb-bg-size:cover;--awb-margin-bottom:0px;\"><div class=\"fusion-column-wrapper fusion-flex-column-wrapper-legacy\"><div class=\"fusion-text fusion-text-1\"><p>[no_toc]<\/p>\n<\/div><div class=\"fusion-clearfix\"><\/div><\/div><\/div><div class=\"fusion-layout-column fusion_builder_column fusion-builder-column-1 fusion_builder_column_1_1 1_1 fusion-one-full fusion-column-first fusion-column-last\" style=\"--awb-bg-size:cover;\"><div class=\"fusion-column-wrapper fusion-flex-column-wrapper-legacy\"><div class=\"fusion-title title fusion-title-1 sep-underline sep-solid fusion-title-text fusion-title-size-three\" style=\"--awb-margin-top-small:0px;--awb-margin-right-small:0px;--awb-margin-bottom-small:20px;--awb-margin-left-small:0px;\"><h3 class=\"fusion-title-heading title-heading-left\" style=\"margin:0;\">Conferenza conclusiva Progetto Europeo AUTO (Autistic Adult Training For New Opportunities)<\/h3><\/div><div class=\"fusion-clearfix\"><\/div><\/div><\/div><div class=\"fusion-layout-column fusion_builder_column fusion-builder-column-2 fusion_builder_column_1_2 1_2 fusion-one-half fusion-column-first\" style=\"--awb-bg-size:cover;width:48%; margin-right: 4%;\"><div class=\"fusion-column-wrapper fusion-flex-column-wrapper-legacy\"><div class=\"fusion-text fusion-text-2\"><p>9 ottobre 2015<\/p>\n<p>Centro Congressi &#8220;CarraraFiere&#8221; SALA MARMOTECA<br \/>\nViale Galileo Galilei 133<br \/>\nMarina di Carrara<\/p>\n<p>All&#8217;interno della conferenza sar\u00e0 presentata la versione definitiva dell&#8217; &#8220;Handbook of best practices&#8221; related to the integration of people with autism spectrum disorder into labour market.<\/p>\n<\/div><div class=\"fusion-title title fusion-title-2 fusion-sep-none fusion-title-text fusion-title-size-four\" style=\"--awb-margin-top-small:0px;--awb-margin-right-small:0px;--awb-margin-bottom-small:20px;--awb-margin-left-small:0px;\"><h4 class=\"fusion-title-heading title-heading-left\" style=\"margin:0;\">Programma Conferenza<\/h4><\/div><div class=\"fusion-text fusion-text-3\"><p><strong>08,30<\/strong> Registrazione dei partecipanti<br \/>\n<strong>09,00<\/strong> Apertura dei lavori della conferenza &#8211; Presidente Anffas Onlus prof.ssa Fiorella Nari<br \/>\n<strong>09,15<\/strong> Saluti delle autorit\u00e0 \u2013 Angelo Zubbani, Sindaco di Carrara \u2013 Prof. Alessando Volpi, Sindaco di Massa,<br \/>\nPresidente conferenza dei Sindaci \u2013 Rappresentante Asl1 MS \u2013 Dott. Riccardo Varese, Presidente<br \/>\nSdS Lunigiana<br \/>\n<strong>09,45<\/strong> Auto Project nel contesto della progettazione europea &#8211; Dott.ssa Rosanna Di Nuzzo<br \/>\n<strong>10,00<\/strong> La nascita del progetto AUTO e le politiche europee per l\u2019autismo &#8211; Avv. Ivana Genestrone<br \/>\n<strong>10,15<\/strong> Il percorso del progetto \u201cAUTO\u201d dalla ricerca al manuale di buone prassi &#8211; D.ssa Chiara Canali<br \/>\n<strong>10,45<\/strong> Pausa caff\u00e8<br \/>\n<strong>11,10<\/strong> Edupro (Lituania): La situazione delle persone autistiche in Lituania &#8211; Dott.ssa Gintare Cernikiene<br \/>\n<strong>11,40<\/strong> National Autistic Society (Regno Unito) : Sostenere le persone nel mondo del lavoro: i risultati positivi<br \/>\ndel progetto pilota Auto Dott.ssa Emma Jones and Vicky Neale<br \/>\n<strong>12,15<\/strong> Il corso di formazione e l\u2019esperienza di inserimento lavorativo : job training.<br \/>\nDurante l\u2019intervento sar\u00e0 proiettato un contributo video sull&#8217;esperienza lavorativa dei partecipanti ad<br \/>\nAuto project &#8211; Dott. Alessandro Mornelli ,Dott. Daniel Iacopi, Dott.ssa Silvia Di Vincenzo, Anffas onlus di<br \/>\nMassa Carrara<br \/>\n<strong>13,00<\/strong> Pausa Pranzo<br \/>\n<strong>14.30<\/strong> Blijdorp association (Romania): Il percorso di training nell&#8217;esperienza rumena &#8211; dott.ssa Anisia Simionov<br \/>\n<strong>15,00<\/strong> Die Querdenker (Austria): L&#8217;approccio al mondo del lavoro per i soggetti autistici<br \/>\nDott. Tom Zuljievic-Salamon<br \/>\n<strong>15,30<\/strong> UFSMA ASL1, progetto di vita e percorsi integrati. Dott. Riccardo Dalle Luche, Dirigente Responsabile<br \/>\nSPDC ASL1 MS<br \/>\n<strong>15,50<\/strong> &#8220;Il coinvolgimento delle imprese: il punto di vista delle imprese che hanno attivamente ospitato lo stage<br \/>\nlavorativo\u201d<br \/>\n<strong>16,10<\/strong> \u201cL\u2019esperienza delle famiglie\u201d &#8211; Il gruppo di genitori del Progetto Auto<br \/>\n<strong>16,30<\/strong> ANFFAS Nazionale: &#8221; Il diritto al lavoro delle persone con disabilit\u00e0 intellettiva, le iniziative ed il punto di<br \/>\nvista di Anffas Onlus&#8221; &#8211; Roberto Speziale, Presidente Nazionale ANFFAS<br \/>\n<strong>17,00<\/strong> Il progetto \u201cAUTO\u201d e le politiche Toscane per l\u2019inclusione: sviluppi e considerazioni \u2013 Dott.ssa Barbara<br \/>\nTrambusti, responsabile del settore integrazione socio-sanitaria regione Toscana.<br \/>\n<strong>17,20<\/strong> Dibattito<br \/>\n<strong>18,00<\/strong> Chiusura dei lavori<\/p>\n<\/div><div class=\"fusion-title title fusion-title-3 fusion-sep-none fusion-title-text fusion-title-size-four\" style=\"--awb-margin-top-small:0px;--awb-margin-right-small:0px;--awb-margin-bottom-small:20px;--awb-margin-left-small:0px;\"><h4 class=\"fusion-title-heading title-heading-left\" style=\"margin:0;\">Il progetto AUTO<\/h4><\/div><div class=\"fusion-text fusion-text-4\"><h5>A chi \u00e8 stato rivolto il progetto:<\/h5>\n<p>Il progetto \u00e8 stato dedicato alle persone che soffrono di \u201cDisturbi dello Spettro Autistico\u201d (DSA), nell\u2019et\u00e0 adulta e giovanile, con particolare riferimento al periodo che intercorre tra la conclusione della scuola superiore, o durante in alternanza scuola\/lavoro, e l\u2019inserimento in un contesto socio-lavorativo, con lo scopo di incrementare il loro livello di occupazione. L\u2019idea \u00e8 quella di raggiungere tale obiettivo attraverso l\u2019impiego efficace delle funzioni esecutive (per esempio, l\u2019abilit\u00e0 di immaginare il lavoro da eseguire, l\u2019utilizzo della memoria ai fini dei compiti da svolgere, attenzione, capacit\u00e0 di adattamento).<\/p>\n<h5>I Partner<\/h5>\n<p>Anffas Onlus di Massa Carrara Italia (Capofila), Die Querdenker Austria, Blijdorp Association Romania Romania, V\u0161\u012e Edukaciniai Projektai Lituania, The National Autistic Society Regno Unito<\/p>\n<h5>Gli Obiettivi<\/h5>\n<p>Come mostrano diverse esperienze e ricerche, il problema pi\u00f9 importante che affligge le persone con autismo in relazione all\u2019accesso e\/o alla permanenza nel mercato del lavoro dipende dai loro schemi comportamentali.<br \/>\n&#8220;AUTO&#8221; ha affrontato le seguenti sfide:<\/p>\n<ol>\n<li>Realizzazione di metodi di indirizzo vocazionale specificamente disegnati per persone autistiche;<\/li>\n<li>Sviluppo delle competenze necessarie alle persone autistiche per rimanere sul mercato del lavoro (auto-stima, consapevolezza, capacit\u00e0 di lavorare in gruppo, abilit\u00e0 comunicative, etc.)<\/li>\n<li>Creazione di un ponte tra la riabilitazione e l\u2019accesso\/permanenza sul mercato del lavoro;<\/li>\n<li>Miglioramento della Qualit\u00e0 della Vita (cos\u00ec come \u00e8 stata definita dall\u2019Organizzazione Mondiale della Sanit\u00e0) delle persone autistiche come indicatore principale per valutare l\u2019efficienza dei percorsi educativi;<\/li>\n<li>Produzione di una manuale (Hadbook) che raccolga gli strumenti e le metodologie selezionate e testate dai partners del Progetto AUTO per la formazione delle persone adulte con ASD e AS, con l\u2019obiettivo di un avvicinameto al mondo del lavoro.<\/li>\n<\/ol>\n<\/div><div class=\"fusion-clearfix\"><\/div><\/div><\/div><div class=\"fusion-layout-column fusion_builder_column fusion-builder-column-3 fusion_builder_column_1_2 1_2 fusion-one-half fusion-column-last\" style=\"--awb-bg-size:cover;width:48%;\"><div class=\"fusion-column-wrapper fusion-flex-column-wrapper-legacy\"><div class=\"fusion-text fusion-text-5\"><p><!--La partecipazione \u00e8 gratuita previa iscrizione.\nIscriviti ora, compilando il modulo di iscrizione:\n\n&#091;fusion_button link=\"http:\/\/www.anffasms.it\/?page_id=1947\" color=\"custom\" size=\"small\" type=\"\" shape=\"square\" target=\"_self\" title=\"\" gradient_colors=\"#045198|#005f96\" gradient_hover_colors=\"#044786|#0076b1\" accent_color=\"#ffffff\" accent_hover_color=\"#ffffff\" bevel_color=\"\" border_width=\"1px\" icon=\"\" icon_position=\"left\" icon_divider=\"yes\" modal=\"\" animation_type=\"0\" animation_direction=\"down\" animation_speed=\"0.1\" alignment=\"center\" class=\"\" id=\"\"&#093;Iscriviti&#091;\/fusion_button&#093;\n\n&nbsp;\n\noppure:\n\n\n\n\n<ol>\n\t\n\n\n\n<li>Inviando una mail a segreteria@anffasms.it indicando nome, cognome, professione, eventuale ente di\nappartenenza, recapito telefonico e se parteciper\u00e0 al Quick Lunch (Quick Lunch Si\/No). Al termine della\nmail dovr\u00e0 essere riportata la seguente dicitura \u201cSi autorizza il trattamento dei dati personali\nlimitatamente a quanto relativo all\u2019evento al quale mi sono iscritto\/a\u201d<\/li>\n\n\n\n\n\t\n\n\n\n<li>Inviando un fax al numero 0585845277 contenente quanto richiesto al punto 1<\/li>\n\n\n\n\n\t\n\n\n\n<li>Telefonicamente al numero 0585841444\/0585845277 dal Luned\u00ec al Venerd\u00ec dalle 8 alle 16, digitando\nl\u2019interno \u201c1\u201d e fornendo le informazioni di cui al punto 1<\/li>\n\n\n\n\n\t\n\n\n\n<li>Tramite messaggio Facebook alla pagina anffas onlus-massa carrara riportando i contenuti previsti al\npunto 1.--><\/p>\n<\/div><div class=\"fusion-title title fusion-title-4 fusion-sep-none fusion-title-text fusion-title-size-four\" style=\"--awb-margin-top-small:0px;--awb-margin-right-small:0px;--awb-margin-bottom-small:20px;--awb-margin-left-small:0px;\"><h4 class=\"fusion-title-heading title-heading-left\" style=\"margin:0;\">Come raggiungerci<\/h4><\/div><div class=\"fusion-text fusion-text-6\"><p>Il Centro Congressi \u201cCarrara Fiere\u201d \u00e8 situato a Marina di Carrara a pochi metri dal viale a mare.<br \/>\nAll\u2019uscita dell\u2019autostrada A12 di Carrara svoltare a destra direzione mare e dopo circa 700 m si trova<br \/>\nsulla destra.<\/p>\n<\/div><iframe src=\"https:\/\/www.google.com\/maps\/embed?pb=!1m18!1m12!1m3!1d2867.886148888702!2d10.027835399999992!3d44.04440719999998!2m3!1f0!2f0!3f0!3m2!1i1024!2i768!4f13.1!3m3!1m2!1s0x12d5042de7e0762d%3A0x32f9f016afdf3d0d!2sCARRARAFIERE+SRL!5e0!3m2!1sit!2sit!4v1442844026669\" width=\"100%\" height=\"380\" frameborder=\"0\" style=\"border:0\" allowfullscreen><\/iframe><div class=\"fusion-title title fusion-title-5 fusion-sep-none fusion-title-text fusion-title-size-four\" style=\"--awb-margin-top-small:0px;--awb-margin-right-small:0px;--awb-margin-bottom-small:20px;--awb-margin-left-small:0px;\"><h4 class=\"fusion-title-heading title-heading-left\" style=\"margin:0;\">Dove alloggiare<\/h4><\/div><div class=\"fusion-text fusion-text-7\"><p>Per la scelta dell\u2019alloggio \u00e8 consigliabile visitare il sito <a href=\"http:\/\/www.booking.com\" target=\"_blank\">Booking.com<\/a> digitando come destinazione \u201cMarina di<br \/>\nCarrara\u201d. Se incontraste difficolt\u00e0 potete contattarci ai numeri 058584144\/845277 chiedendo di Simonetta o via<br \/>\nmail a segreteria@anffasms.it. Saremo ben lieti di\u00a0aiutarvi nella ricerca dell\u2019alloggio pi\u00f9 idoneo.<\/p>\n<\/div><div class=\"fusion-clearfix\"><\/div><\/div><\/div><\/div><\/div>\n","protected":false},"excerpt":{"rendered":"","protected":false},"author":1,"featured_media":0,"parent":0,"menu_order":0,"comment_status":"closed","ping_status":"closed","template":"","meta":{"_acf_changed":false,"footnotes":""},"class_list":["post-1924","page","type-page","status-publish","hentry"],"acf":[],"yoast_head":"<!-- This site is optimized with the Yoast SEO plugin v27.2 - https:\/\/yoast.com\/product\/yoast-seo-wordpress\/ -->\n<title>Conferenza progetto AUTO - Anffas Onlus - Massa Carrara<\/title>\n<meta name=\"robots\" content=\"index, follow, max-snippet:-1, max-image-preview:large, max-video-preview:-1\" \/>\n<link rel=\"canonical\" href=\"https:\/\/www.anffasms.it\/?page_id=1924\" \/>\n<meta property=\"og:locale\" content=\"it_IT\" \/>\n<meta property=\"og:type\" content=\"article\" \/>\n<meta property=\"og:title\" content=\"Conferenza progetto AUTO - Anffas Onlus - Massa Carrara\" \/>\n<meta property=\"og:url\" content=\"https:\/\/www.anffasms.it\/?page_id=1924\" \/>\n<meta property=\"og:site_name\" content=\"Anffas Onlus - Massa Carrara\" \/>\n<meta property=\"article:publisher\" content=\"https:\/\/www.facebook.com\/anffasms\/\" \/>\n<meta property=\"article:modified_time\" content=\"2017-02-23T10:01:07+00:00\" \/>\n<meta name=\"twitter:card\" content=\"summary_large_image\" \/>\n<meta name=\"twitter:label1\" content=\"Tempo di lettura stimato\" \/>\n\t<meta name=\"twitter:data1\" content=\"6 minuti\" \/>\n<script type=\"application\/ld+json\" class=\"yoast-schema-graph\">{\"@context\":\"https:\/\/schema.org\",\"@graph\":[{\"@type\":\"WebPage\",\"@id\":\"https:\/\/www.anffasms.it\/?page_id=1924\",\"url\":\"https:\/\/www.anffasms.it\/?page_id=1924\",\"name\":\"Conferenza progetto AUTO - Anffas Onlus - Massa Carrara\",\"isPartOf\":{\"@id\":\"https:\/\/www.anffasms.it\/#website\"},\"datePublished\":\"2015-09-21T10:27:39+00:00\",\"dateModified\":\"2017-02-23T10:01:07+00:00\",\"breadcrumb\":{\"@id\":\"https:\/\/www.anffasms.it\/?page_id=1924#breadcrumb\"},\"inLanguage\":\"it-IT\",\"potentialAction\":[{\"@type\":\"ReadAction\",\"target\":[\"https:\/\/www.anffasms.it\/?page_id=1924\"]}]},{\"@type\":\"BreadcrumbList\",\"@id\":\"https:\/\/www.anffasms.it\/?page_id=1924#breadcrumb\",\"itemListElement\":[{\"@type\":\"ListItem\",\"position\":1,\"name\":\"Home\",\"item\":\"https:\/\/www.anffasms.it\/\"},{\"@type\":\"ListItem\",\"position\":2,\"name\":\"Conferenza progetto AUTO\"}]},{\"@type\":\"WebSite\",\"@id\":\"https:\/\/www.anffasms.it\/#website\",\"url\":\"https:\/\/www.anffasms.it\/\",\"name\":\"Anffas Onlus - Massa Carrara\",\"description\":\"\",\"publisher\":{\"@id\":\"https:\/\/www.anffasms.it\/#organization\"},\"potentialAction\":[{\"@type\":\"SearchAction\",\"target\":{\"@type\":\"EntryPoint\",\"urlTemplate\":\"https:\/\/www.anffasms.it\/?s={search_term_string}\"},\"query-input\":{\"@type\":\"PropertyValueSpecification\",\"valueRequired\":true,\"valueName\":\"search_term_string\"}}],\"inLanguage\":\"it-IT\"},{\"@type\":\"Organization\",\"@id\":\"https:\/\/www.anffasms.it\/#organization\",\"name\":\"Anffas Massa Carrara Onlus\",\"url\":\"https:\/\/www.anffasms.it\/\",\"logo\":{\"@type\":\"ImageObject\",\"inLanguage\":\"it-IT\",\"@id\":\"https:\/\/www.anffasms.it\/#\/schema\/logo\/image\/\",\"url\":\"https:\/\/www.anffasms.it\/wp-content\/uploads\/2018\/07\/logo_anffas_onlus_massa_carrara.png\",\"contentUrl\":\"https:\/\/www.anffasms.it\/wp-content\/uploads\/2018\/07\/logo_anffas_onlus_massa_carrara.png\",\"width\":274,\"height\":108,\"caption\":\"Anffas Massa Carrara Onlus\"},\"image\":{\"@id\":\"https:\/\/www.anffasms.it\/#\/schema\/logo\/image\/\"},\"sameAs\":[\"https:\/\/www.facebook.com\/anffasms\/\"]}]}<\/script>\n<!-- \/ Yoast SEO plugin. -->","yoast_head_json":{"title":"Conferenza progetto AUTO - Anffas Onlus - Massa Carrara","robots":{"index":"index","follow":"follow","max-snippet":"max-snippet:-1","max-image-preview":"max-image-preview:large","max-video-preview":"max-video-preview:-1"},"canonical":"https:\/\/www.anffasms.it\/?page_id=1924","og_locale":"it_IT","og_type":"article","og_title":"Conferenza progetto AUTO - Anffas Onlus - Massa Carrara","og_url":"https:\/\/www.anffasms.it\/?page_id=1924","og_site_name":"Anffas Onlus - Massa Carrara","article_publisher":"https:\/\/www.facebook.com\/anffasms\/","article_modified_time":"2017-02-23T10:01:07+00:00","twitter_card":"summary_large_image","twitter_misc":{"Tempo di lettura stimato":"6 minuti"},"schema":{"@context":"https:\/\/schema.org","@graph":[{"@type":"WebPage","@id":"https:\/\/www.anffasms.it\/?page_id=1924","url":"https:\/\/www.anffasms.it\/?page_id=1924","name":"Conferenza progetto AUTO - Anffas Onlus - Massa Carrara","isPartOf":{"@id":"https:\/\/www.anffasms.it\/#website"},"datePublished":"2015-09-21T10:27:39+00:00","dateModified":"2017-02-23T10:01:07+00:00","breadcrumb":{"@id":"https:\/\/www.anffasms.it\/?page_id=1924#breadcrumb"},"inLanguage":"it-IT","potentialAction":[{"@type":"ReadAction","target":["https:\/\/www.anffasms.it\/?page_id=1924"]}]},{"@type":"BreadcrumbList","@id":"https:\/\/www.anffasms.it\/?page_id=1924#breadcrumb","itemListElement":[{"@type":"ListItem","position":1,"name":"Home","item":"https:\/\/www.anffasms.it\/"},{"@type":"ListItem","position":2,"name":"Conferenza progetto AUTO"}]},{"@type":"WebSite","@id":"https:\/\/www.anffasms.it\/#website","url":"https:\/\/www.anffasms.it\/","name":"Anffas Onlus - Massa Carrara","description":"","publisher":{"@id":"https:\/\/www.anffasms.it\/#organization"},"potentialAction":[{"@type":"SearchAction","target":{"@type":"EntryPoint","urlTemplate":"https:\/\/www.anffasms.it\/?s={search_term_string}"},"query-input":{"@type":"PropertyValueSpecification","valueRequired":true,"valueName":"search_term_string"}}],"inLanguage":"it-IT"},{"@type":"Organization","@id":"https:\/\/www.anffasms.it\/#organization","name":"Anffas Massa Carrara Onlus","url":"https:\/\/www.anffasms.it\/","logo":{"@type":"ImageObject","inLanguage":"it-IT","@id":"https:\/\/www.anffasms.it\/#\/schema\/logo\/image\/","url":"https:\/\/www.anffasms.it\/wp-content\/uploads\/2018\/07\/logo_anffas_onlus_massa_carrara.png","contentUrl":"https:\/\/www.anffasms.it\/wp-content\/uploads\/2018\/07\/logo_anffas_onlus_massa_carrara.png","width":274,"height":108,"caption":"Anffas Massa Carrara Onlus"},"image":{"@id":"https:\/\/www.anffasms.it\/#\/schema\/logo\/image\/"},"sameAs":["https:\/\/www.facebook.com\/anffasms\/"]}]}},"_links":{"self":[{"href":"https:\/\/www.anffasms.it\/index.php?rest_route=\/wp\/v2\/pages\/1924","targetHints":{"allow":["GET"]}}],"collection":[{"href":"https:\/\/www.anffasms.it\/index.php?rest_route=\/wp\/v2\/pages"}],"about":[{"href":"https:\/\/www.anffasms.it\/index.php?rest_route=\/wp\/v2\/types\/page"}],"author":[{"embeddable":true,"href":"https:\/\/www.anffasms.it\/index.php?rest_route=\/wp\/v2\/users\/1"}],"replies":[{"embeddable":true,"href":"https:\/\/www.anffasms.it\/index.php?rest_route=%2Fwp%2Fv2%2Fcomments&post=1924"}],"version-history":[{"count":50,"href":"https:\/\/www.anffasms.it\/index.php?rest_route=\/wp\/v2\/pages\/1924\/revisions"}],"predecessor-version":[{"id":2984,"href":"https:\/\/www.anffasms.it\/index.php?rest_route=\/wp\/v2\/pages\/1924\/revisions\/2984"}],"wp:attachment":[{"href":"https:\/\/www.anffasms.it\/index.php?rest_route=%2Fwp%2Fv2%2Fmedia&parent=1924"}],"curies":[{"name":"wp","href":"https:\/\/api.w.org\/{rel}","templated":true}]}}