{"id":3153,"date":"2017-07-07T15:41:47","date_gmt":"2017-07-07T13:41:47","guid":{"rendered":"http:\/\/www.anffasms.it\/?page_id=3153"},"modified":"2020-01-20T13:01:26","modified_gmt":"2020-01-20T12:01:26","slug":"codice-etico","status":"publish","type":"page","link":"https:\/\/www.anffasms.it\/?page_id=3153","title":{"rendered":"Codice Etico"},"content":{"rendered":"<p><div class=\"fusion-fullwidth fullwidth-box fusion-builder-row-1 nonhundred-percent-fullwidth non-hundred-percent-height-scrolling\" style=\"--awb-border-radius-top-left:0px;--awb-border-radius-top-right:0px;--awb-border-radius-bottom-right:0px;--awb-border-radius-bottom-left:0px;--awb-flex-wrap:wrap;\" ><div class=\"fusion-builder-row fusion-row\"><div class=\"fusion-layout-column fusion_builder_column fusion-builder-column-0 fusion_builder_column_1_1 1_1 fusion-one-full fusion-column-first fusion-column-last\" style=\"--awb-bg-size:cover;\"><div class=\"fusion-column-wrapper fusion-column-has-shadow fusion-flex-column-wrapper-legacy\"><div class=\"fusion-image-element in-legacy-container\" style=\"--awb-caption-title-font-family:var(--h2_typography-font-family);--awb-caption-title-font-weight:var(--h2_typography-font-weight);--awb-caption-title-font-style:var(--h2_typography-font-style);--awb-caption-title-size:var(--h2_typography-font-size);--awb-caption-title-transform:var(--h2_typography-text-transform);--awb-caption-title-line-height:var(--h2_typography-line-height);--awb-caption-title-letter-spacing:var(--h2_typography-letter-spacing);\"><span class=\" fusion-imageframe imageframe-none imageframe-1 hover-type-none\"><img decoding=\"async\" width=\"1980\" height=\"702\" alt=\"Codice Etico di Anffas Onlus\" title=\"Codice Etico Anffas Onlus\" src=\"https:\/\/www.anffasms.it\/wp-content\/uploads\/2020\/01\/codice_etico_di_anffas_onlus_massa_carrara.jpg\" class=\"img-responsive wp-image-6052\" srcset=\"https:\/\/www.anffasms.it\/wp-content\/uploads\/2020\/01\/codice_etico_di_anffas_onlus_massa_carrara-200x71.jpg 200w, https:\/\/www.anffasms.it\/wp-content\/uploads\/2020\/01\/codice_etico_di_anffas_onlus_massa_carrara-400x142.jpg 400w, https:\/\/www.anffasms.it\/wp-content\/uploads\/2020\/01\/codice_etico_di_anffas_onlus_massa_carrara-600x213.jpg 600w, https:\/\/www.anffasms.it\/wp-content\/uploads\/2020\/01\/codice_etico_di_anffas_onlus_massa_carrara-800x284.jpg 800w, https:\/\/www.anffasms.it\/wp-content\/uploads\/2020\/01\/codice_etico_di_anffas_onlus_massa_carrara-1200x425.jpg 1200w, https:\/\/www.anffasms.it\/wp-content\/uploads\/2020\/01\/codice_etico_di_anffas_onlus_massa_carrara.jpg 1980w\" sizes=\"(max-width: 800px) 100vw, 1980px\" \/><\/span><\/div><div class=\"fusion-clearfix\"><\/div><\/div><\/div><\/div><\/div><div class=\"fusion-fullwidth fullwidth-box fusion-builder-row-2 nonhundred-percent-fullwidth non-hundred-percent-height-scrolling\" style=\"--awb-border-radius-top-left:0px;--awb-border-radius-top-right:0px;--awb-border-radius-bottom-right:0px;--awb-border-radius-bottom-left:0px;--awb-flex-wrap:wrap;\" ><div class=\"fusion-builder-row fusion-row\"><div class=\"fusion-layout-column fusion_builder_column fusion-builder-column-1 fusion_builder_column_1_1 1_1 fusion-one-full fusion-column-first fusion-column-last\" style=\"--awb-bg-size:cover;--awb-margin-bottom:0px;\"><div class=\"fusion-column-wrapper fusion-flex-column-wrapper-legacy\"><div class=\"fusion-text fusion-text-1\"><h2>Codice Etico <abbr title=\"Associazione di famiglie e persone con disabilit\u00e0 intellettiva e disturbi del neurosviluppo \">Anffas<\/abbr><\/h2>\n<h3>Codice Etico adottato dal <abbr title=\"Consiglio Direttivo Nazionale\">CDN<\/abr> con delibera del 31 gennaio\/ 1 febbraio 2014 ed approvato dall\u2019Assemblea Nazionale del 7 e 8 giugno 2014<\/h3>\n<p>La stesura di un Codice Etico costituisce una scelta cruciale nella vita di un\u2019organizzazione.<br \/>\nEsso affonda le sue radici negli elementi fondativi, nelle finalit\u00e0, negli atti costitutivi e nelle regole statutarie e regolamentari.<br \/>\nLa scelta di adottare un Codice Etico \u00e8 riconducibile all\u2019esigenza di indirizzare l\u2019intera compagine associativa verso comportamenti eticamente coerenti ancorati a principi di partecipazione, trasparenza, indipendenza, reciprocit\u00e0 e responsabilit\u00e0 sociale.<\/p>\n<p>Il Codice Etico coinvolge inevitabilmente anche tutti coloro che, a vario titolo, collaborano con Anffas per il perseguimento degli scopi sociali.<br \/>\nIn particolare verte sulla trasparenza e sull\u2019eticit\u00e0 che deve caratterizzare nitidamente i comportamenti dei singoli soggetti, all\u2019interno ed all\u2019esterno delle strutture associative, nella vita di ogni giorno ed ai vari livelli e nelle varie articolazioni.<\/p>\n<p>In tale ottica particolare rilievo assume il campo del <span lang=\"en\">fundraising<\/span> e della gestione di risorse economiche destinate al mantenimento dell\u2019organizzazione, a specifiche progettualit\u00e0 oppure alla gestione di interventi destinati a persone con disabilit\u00e0 ed alle loro famiglie.<br \/>\nAltrettanta attenzione va posta all\u2019utilizzo delle risorse pubbliche della fiscalit\u00e0 generale destinate ai piani europei, nazionali e territoriali nonch\u00e9 ai rimborsi per prestazioni e servizi erogati in regime di convenzione\/accreditamento.<\/p>\n<p>Analogamente l\u2019eticit\u00e0 dell\u2019utilizzo delle risorse derivanti da quote sociali, da donazioni o liberalit\u00e0 di imprese o persone fisiche, \u00e8 ricondotta al basilare concetto di Responsabilit\u00e0 Sociale, recepito come il complesso di atti volontari che ridefiniscono le relazioni tra un\u2019istituzione economica ed i propri <span lang=\"en\">stakholders<\/span> (portatori di interessi), perseguendo la prospettiva di coesione sociale e partecipazione.<br \/>\nUna scelta di tale natura implica un impegno responsabile privo di connotati di mera formalit\u00e0.<br \/>\nIn quest\u2019ottica il Codice Etico induce ad affrontare un processo di implementazione articolato in tre momenti fondamentali:<\/p>\n<ul>\n<li>presa di coscienza e chiara esplicitazione dei riferimenti valoriali sui quali deve fondarsi la vita associativa affinch\u00e9 venga percepito con immediatezza il pensiero associativo;<\/li>\n<li>assimilazione dei contenuti di valore individuati come orizzonte etico condiviso che si traduca in una prassi con essi coerente;<\/li>\n<li>valutazione della prassi in una prospettiva di sviluppo dei riferimenti valoriali essenziali.<\/li>\n<\/ul>\n<p>In tale ottica, il riferimento valoriale su cui si fonda la vita associativa a tutti i livelli \u00e8 rappresentato dalla difesa della dignit\u00e0 umana delle persone con disabilit\u00e0 e dal riconoscimento dei loro diritti civili ed umani, agendo per il miglioramento della loro qualit\u00e0 di vita delle stesse, nonch\u00e9 dei loro familiari.<br \/>\nAnffas infatti prendendo fortemente a riferimento i paradigmi contenuti nella Convenzione ONU sui diritti delle persone con disabilit\u00e0, \u00e8 impegnata nell\u2019assicurare che tutti gli interventi, ivi compreso l\u2019impiego delle risorse umane, strumentali e finanziarie, siano rivolti a tale finalit\u00e0, nel pieno rispetto dei pi\u00f9 elevati valori etici.<\/p>\n<\/div><div class=\"fusion-sep-clear\"><\/div><div class=\"fusion-separator fusion-full-width-sep\" style=\"margin-left: auto;margin-right: auto;margin-top:32px;width:100%;\"><\/div><div class=\"fusion-sep-clear\"><\/div><div class=\"fusion-text fusion-text-2\"><p>Consulta il <a href=\"https:\/\/www.anffasms.it\/wp-content\/uploads\/2017\/07\/CodiceEticoANFFAS.pdf\" target=\"_blank\" rel=\"noopener noreferrer\">Codice Etico in Versione PDF<\/a><\/p>\n<\/div><div class=\"fusion-clearfix\"><\/div><\/div><\/div><\/div><\/div><\/p>\n","protected":false},"excerpt":{"rendered":"","protected":false},"author":1,"featured_media":0,"parent":0,"menu_order":0,"comment_status":"closed","ping_status":"closed","template":"","meta":{"_acf_changed":false,"footnotes":""},"class_list":["post-3153","page","type-page","status-publish","hentry"],"acf":[],"yoast_head":"<!-- This site is optimized with the Yoast SEO plugin v27.2 - https:\/\/yoast.com\/product\/yoast-seo-wordpress\/ -->\n<title>Codice Etico - Anffas Onlus - Massa Carrara<\/title>\n<meta name=\"robots\" content=\"index, follow, max-snippet:-1, max-image-preview:large, max-video-preview:-1\" \/>\n<link rel=\"canonical\" href=\"https:\/\/www.anffasms.it\/?page_id=3153\" \/>\n<meta property=\"og:locale\" content=\"it_IT\" \/>\n<meta property=\"og:type\" content=\"article\" \/>\n<meta property=\"og:title\" content=\"Codice Etico - Anffas Onlus - Massa Carrara\" \/>\n<meta property=\"og:url\" content=\"https:\/\/www.anffasms.it\/?page_id=3153\" \/>\n<meta property=\"og:site_name\" content=\"Anffas Onlus - Massa Carrara\" \/>\n<meta property=\"article:publisher\" content=\"https:\/\/www.facebook.com\/anffasms\/\" \/>\n<meta property=\"article:modified_time\" content=\"2020-01-20T12:01:26+00:00\" \/>\n<meta name=\"twitter:card\" content=\"summary_large_image\" \/>\n<meta name=\"twitter:label1\" content=\"Tempo di lettura stimato\" \/>\n\t<meta name=\"twitter:data1\" content=\"5 minuti\" \/>\n<script type=\"application\/ld+json\" class=\"yoast-schema-graph\">{\"@context\":\"https:\/\/schema.org\",\"@graph\":[{\"@type\":\"WebPage\",\"@id\":\"https:\/\/www.anffasms.it\/?page_id=3153\",\"url\":\"https:\/\/www.anffasms.it\/?page_id=3153\",\"name\":\"Codice Etico - Anffas Onlus - Massa Carrara\",\"isPartOf\":{\"@id\":\"https:\/\/www.anffasms.it\/#website\"},\"datePublished\":\"2017-07-07T13:41:47+00:00\",\"dateModified\":\"2020-01-20T12:01:26+00:00\",\"breadcrumb\":{\"@id\":\"https:\/\/www.anffasms.it\/?page_id=3153#breadcrumb\"},\"inLanguage\":\"it-IT\",\"potentialAction\":[{\"@type\":\"ReadAction\",\"target\":[\"https:\/\/www.anffasms.it\/?page_id=3153\"]}]},{\"@type\":\"BreadcrumbList\",\"@id\":\"https:\/\/www.anffasms.it\/?page_id=3153#breadcrumb\",\"itemListElement\":[{\"@type\":\"ListItem\",\"position\":1,\"name\":\"Home\",\"item\":\"https:\/\/www.anffasms.it\/\"},{\"@type\":\"ListItem\",\"position\":2,\"name\":\"Codice Etico\"}]},{\"@type\":\"WebSite\",\"@id\":\"https:\/\/www.anffasms.it\/#website\",\"url\":\"https:\/\/www.anffasms.it\/\",\"name\":\"Anffas Onlus - Massa Carrara\",\"description\":\"\",\"publisher\":{\"@id\":\"https:\/\/www.anffasms.it\/#organization\"},\"potentialAction\":[{\"@type\":\"SearchAction\",\"target\":{\"@type\":\"EntryPoint\",\"urlTemplate\":\"https:\/\/www.anffasms.it\/?s={search_term_string}\"},\"query-input\":{\"@type\":\"PropertyValueSpecification\",\"valueRequired\":true,\"valueName\":\"search_term_string\"}}],\"inLanguage\":\"it-IT\"},{\"@type\":\"Organization\",\"@id\":\"https:\/\/www.anffasms.it\/#organization\",\"name\":\"Anffas Massa Carrara Onlus\",\"url\":\"https:\/\/www.anffasms.it\/\",\"logo\":{\"@type\":\"ImageObject\",\"inLanguage\":\"it-IT\",\"@id\":\"https:\/\/www.anffasms.it\/#\/schema\/logo\/image\/\",\"url\":\"https:\/\/www.anffasms.it\/wp-content\/uploads\/2018\/07\/logo_anffas_onlus_massa_carrara.png\",\"contentUrl\":\"https:\/\/www.anffasms.it\/wp-content\/uploads\/2018\/07\/logo_anffas_onlus_massa_carrara.png\",\"width\":274,\"height\":108,\"caption\":\"Anffas Massa Carrara Onlus\"},\"image\":{\"@id\":\"https:\/\/www.anffasms.it\/#\/schema\/logo\/image\/\"},\"sameAs\":[\"https:\/\/www.facebook.com\/anffasms\/\"]}]}<\/script>\n<!-- \/ Yoast SEO plugin. -->","yoast_head_json":{"title":"Codice Etico - Anffas Onlus - Massa Carrara","robots":{"index":"index","follow":"follow","max-snippet":"max-snippet:-1","max-image-preview":"max-image-preview:large","max-video-preview":"max-video-preview:-1"},"canonical":"https:\/\/www.anffasms.it\/?page_id=3153","og_locale":"it_IT","og_type":"article","og_title":"Codice Etico - Anffas Onlus - Massa Carrara","og_url":"https:\/\/www.anffasms.it\/?page_id=3153","og_site_name":"Anffas Onlus - Massa Carrara","article_publisher":"https:\/\/www.facebook.com\/anffasms\/","article_modified_time":"2020-01-20T12:01:26+00:00","twitter_card":"summary_large_image","twitter_misc":{"Tempo di lettura stimato":"5 minuti"},"schema":{"@context":"https:\/\/schema.org","@graph":[{"@type":"WebPage","@id":"https:\/\/www.anffasms.it\/?page_id=3153","url":"https:\/\/www.anffasms.it\/?page_id=3153","name":"Codice Etico - Anffas Onlus - Massa Carrara","isPartOf":{"@id":"https:\/\/www.anffasms.it\/#website"},"datePublished":"2017-07-07T13:41:47+00:00","dateModified":"2020-01-20T12:01:26+00:00","breadcrumb":{"@id":"https:\/\/www.anffasms.it\/?page_id=3153#breadcrumb"},"inLanguage":"it-IT","potentialAction":[{"@type":"ReadAction","target":["https:\/\/www.anffasms.it\/?page_id=3153"]}]},{"@type":"BreadcrumbList","@id":"https:\/\/www.anffasms.it\/?page_id=3153#breadcrumb","itemListElement":[{"@type":"ListItem","position":1,"name":"Home","item":"https:\/\/www.anffasms.it\/"},{"@type":"ListItem","position":2,"name":"Codice Etico"}]},{"@type":"WebSite","@id":"https:\/\/www.anffasms.it\/#website","url":"https:\/\/www.anffasms.it\/","name":"Anffas Onlus - Massa Carrara","description":"","publisher":{"@id":"https:\/\/www.anffasms.it\/#organization"},"potentialAction":[{"@type":"SearchAction","target":{"@type":"EntryPoint","urlTemplate":"https:\/\/www.anffasms.it\/?s={search_term_string}"},"query-input":{"@type":"PropertyValueSpecification","valueRequired":true,"valueName":"search_term_string"}}],"inLanguage":"it-IT"},{"@type":"Organization","@id":"https:\/\/www.anffasms.it\/#organization","name":"Anffas Massa Carrara Onlus","url":"https:\/\/www.anffasms.it\/","logo":{"@type":"ImageObject","inLanguage":"it-IT","@id":"https:\/\/www.anffasms.it\/#\/schema\/logo\/image\/","url":"https:\/\/www.anffasms.it\/wp-content\/uploads\/2018\/07\/logo_anffas_onlus_massa_carrara.png","contentUrl":"https:\/\/www.anffasms.it\/wp-content\/uploads\/2018\/07\/logo_anffas_onlus_massa_carrara.png","width":274,"height":108,"caption":"Anffas Massa Carrara Onlus"},"image":{"@id":"https:\/\/www.anffasms.it\/#\/schema\/logo\/image\/"},"sameAs":["https:\/\/www.facebook.com\/anffasms\/"]}]}},"_links":{"self":[{"href":"https:\/\/www.anffasms.it\/index.php?rest_route=\/wp\/v2\/pages\/3153","targetHints":{"allow":["GET"]}}],"collection":[{"href":"https:\/\/www.anffasms.it\/index.php?rest_route=\/wp\/v2\/pages"}],"about":[{"href":"https:\/\/www.anffasms.it\/index.php?rest_route=\/wp\/v2\/types\/page"}],"author":[{"embeddable":true,"href":"https:\/\/www.anffasms.it\/index.php?rest_route=\/wp\/v2\/users\/1"}],"replies":[{"embeddable":true,"href":"https:\/\/www.anffasms.it\/index.php?rest_route=%2Fwp%2Fv2%2Fcomments&post=3153"}],"version-history":[{"count":17,"href":"https:\/\/www.anffasms.it\/index.php?rest_route=\/wp\/v2\/pages\/3153\/revisions"}],"predecessor-version":[{"id":6058,"href":"https:\/\/www.anffasms.it\/index.php?rest_route=\/wp\/v2\/pages\/3153\/revisions\/6058"}],"wp:attachment":[{"href":"https:\/\/www.anffasms.it\/index.php?rest_route=%2Fwp%2Fv2%2Fmedia&parent=3153"}],"curies":[{"name":"wp","href":"https:\/\/api.w.org\/{rel}","templated":true}]}}