{"id":4049,"date":"2019-05-29T18:43:54","date_gmt":"2019-05-29T16:43:54","guid":{"rendered":"https:\/\/www.anffasms.it\/?page_id=4049"},"modified":"2019-12-10T16:28:48","modified_gmt":"2019-12-10T15:28:48","slug":"tesseramento","status":"publish","type":"page","link":"https:\/\/www.anffasms.it\/?page_id=4049","title":{"rendered":"Diventa Socio"},"content":{"rendered":"<p><div class=\"fusion-fullwidth fullwidth-box fusion-builder-row-1 nonhundred-percent-fullwidth non-hundred-percent-height-scrolling\" style=\"--awb-border-radius-top-left:0px;--awb-border-radius-top-right:0px;--awb-border-radius-bottom-right:0px;--awb-border-radius-bottom-left:0px;--awb-flex-wrap:wrap;\" ><div class=\"fusion-builder-row fusion-row\"><div class=\"fusion-layout-column fusion_builder_column fusion-builder-column-0 fusion_builder_column_1_1 1_1 fusion-one-full fusion-column-first fusion-column-last\" style=\"--awb-bg-size:cover;\"><div class=\"fusion-column-wrapper fusion-column-has-shadow fusion-flex-column-wrapper-legacy\"><div class=\"fusion-text fusion-text-1\"><h2>Diventa Socio <abbr title=\"Associazione di famiglie e persone con disabilit\u00e0 intellettiva e disturbi del neurosviluppo\">Anffas<\/abbr> Onlus Massa Carrara<\/h2>\n<\/div><div class=\"fusion-text fusion-text-2\"><p>Anffas \u00e8 un&#8217;associazione di famiglie, \u00e8 un luogo dove le persone con disabilit\u00e0 intellettiva e relazionale tornano ad essere semplicemente &#8220;persone&#8221; che attraverso programmi specifici possono riuscire a conseguire il proprio pieno sviluppo ed assumere il proprio ruolo all\u2019interno della societ\u00e0 contribuendo cos\u00ec alla creazione di una societ\u00e0 migliore.<\/p>\n<blockquote>\n<p>Aspirare ad una vita serena \u00e8 un diritto!<br \/>\nAnffas Onlus Massa Carrara si impegna da sempre affinch\u00e9 tale diritto venga garantito a tutte le persone con disabilit\u00e0.<br \/>\n<em>( cit. Prof. Fiorella Nari &#8211; Presidente Anffas Onlus Massa Carrara )<\/em><\/p>\n<\/blockquote>\n<\/div><div class=\"fusion-clearfix\"><\/div><\/div><\/div><\/div><\/div><div class=\"fusion-fullwidth fullwidth-box fusion-builder-row-2 nonhundred-percent-fullwidth non-hundred-percent-height-scrolling\" style=\"--awb-border-radius-top-left:0px;--awb-border-radius-top-right:0px;--awb-border-radius-bottom-right:0px;--awb-border-radius-bottom-left:0px;--awb-flex-wrap:wrap;\" ><div class=\"fusion-builder-row fusion-row\"><div class=\"fusion-layout-column fusion_builder_column fusion-builder-column-1 fusion_builder_column_1_2 1_2 fusion-one-half fusion-column-first\" style=\"--awb-bg-size:cover;width:50%;width:calc(50% - ( ( 4% ) * 0.5 ) );margin-right: 4%;\"><div class=\"fusion-column-wrapper fusion-column-has-shadow fusion-flex-column-wrapper-legacy\"><div class=\"fusion-image-element in-legacy-container\" style=\"--awb-caption-title-font-family:var(--h2_typography-font-family);--awb-caption-title-font-weight:var(--h2_typography-font-weight);--awb-caption-title-font-style:var(--h2_typography-font-style);--awb-caption-title-size:var(--h2_typography-font-size);--awb-caption-title-transform:var(--h2_typography-text-transform);--awb-caption-title-line-height:var(--h2_typography-line-height);--awb-caption-title-letter-spacing:var(--h2_typography-letter-spacing);\"><span class=\" fusion-imageframe imageframe-none imageframe-1 hover-type-none\"><img decoding=\"async\" width=\"640\" height=\"820\" alt=\"Tesseramento Anffas Onlus Massa Carrara 2019\" title=\"Tessera Socio Anffas 2020\" src=\"https:\/\/www.anffasms.it\/wp-content\/uploads\/2019\/12\/tesseramento_anffas_onlus_massa_carrara_2020.jpg\" class=\"img-responsive wp-image-5651\" srcset=\"https:\/\/www.anffasms.it\/wp-content\/uploads\/2019\/12\/tesseramento_anffas_onlus_massa_carrara_2020-200x256.jpg 200w, https:\/\/www.anffasms.it\/wp-content\/uploads\/2019\/12\/tesseramento_anffas_onlus_massa_carrara_2020-400x513.jpg 400w, https:\/\/www.anffasms.it\/wp-content\/uploads\/2019\/12\/tesseramento_anffas_onlus_massa_carrara_2020-600x769.jpg 600w, https:\/\/www.anffasms.it\/wp-content\/uploads\/2019\/12\/tesseramento_anffas_onlus_massa_carrara_2020.jpg 640w\" sizes=\"(max-width: 800px) 100vw, 640px\" \/><\/span><\/div><div class=\"fusion-clearfix\"><\/div><\/div><\/div><div class=\"fusion-layout-column fusion_builder_column fusion-builder-column-2 fusion_builder_column_1_2 1_2 fusion-one-half fusion-column-last\" style=\"--awb-bg-size:cover;width:50%;width:calc(50% - ( ( 4% ) * 0.5 ) );\"><div class=\"fusion-column-wrapper fusion-column-has-shadow fusion-flex-column-wrapper-legacy\"><div class=\"fusion-text fusion-text-3\"><p>Diventare Socio Anffas significa condividere e sostenere i valori dell&#8217;Associazione.<\/p>\n<p>I soci sono di due tipi:<\/p>\n<ul>\n<li>Socio Ordinario<\/li>\n<li>Socio Amico<\/li>\n<\/ul>\n<hr \/>\n<h3>Socio Ordinario<\/h3>\n<p>Sono &#8220;Soci Ordinari&#8221;:<\/p>\n<ul>\n<li>le persone con disabilit\u00e0<\/li>\n<li>i parenti entro il quarto grado<\/li>\n<li>gli affini entro il secondo grado<\/li>\n<li>i tutori, i curatori e gli amministratori di sostegno di persone con disabilit\u00e0 verso cui l\u2019attivit\u00e0 dell\u2019Associazione \u00e8 principalmente rivolta.<\/li>\n<\/ul>\n<p>Per singola persona con disabilit\u00e0 il numero dei soci collegati non pu\u00f2 essere superiore a tre.<\/p>\n<h4>Costo tessera Socio Ordinario<\/h4>\n<p>Il costo annuale della tessera \u00e8 di Euro 52,00.<br \/>\nSe alla stessa persona con disabilit\u00e0 \u00e8 collegato pi\u00f9 di un socio, fino ad un massimo di tre, il costo della tessera per il secondo e terzo socio \u00e8 di Euro 15,00 l&#8217;anno.<\/p>\n<hr \/>\n<h3>Socio Amico<\/h3>\n<p>Sono &#8220;Soci Amici&#8221; le persone che prendono parte e collaborano alla vita dell&#8217;Associazione da almeno 1 anno.<\/p>\n<h4>Costo tessera Socio Amico<\/h4>\n<p>Per i Soci Amici il costo annuale della tessera \u00e8 di Euro 52,00.<\/p>\n<\/div><div class=\"fusion-sep-clear\"><\/div><div class=\"fusion-separator fusion-full-width-sep\" style=\"margin-left: auto;margin-right: auto;margin-bottom:32px;width:100%;\"><\/div><div class=\"fusion-sep-clear\"><\/div><div class=\"fusion-text fusion-text-4\"><h3>Aderisci subito!<\/h3>\n<ul style=\"margin-left: 0; padding-left: 0; margin-top: 24px;\">\n<li style=\"list-style-type: none; margin-bottom: 12px;\"><i class=\"fb-icon-element-1 fb-icon-element fontawesome-icon fa-file-download fas circle-no fusion-text-flow\" style=\"--awb-iconcolor:#333333;--awb-iconcolor-hover:#333333;--awb-font-size:20px;--awb-margin-right:10px;\"><\/i> Scarica la <a href=\"\/wp-content\/uploads\/2019\/06\/Domanda-per-iscrizione-a-socio-completa-Rev.1.pdf\" target=\"_blank\" rel=\"noopener noreferrer\">domanda di adesione in formato <span lang=\"en\"><abbr title=\"Portable Document Format\">PDF<\/abbr><\/span><\/a><\/li>\n<li style=\"list-style-type: none; margin-bottom: 12px;\"><i class=\"fb-icon-element-2 fb-icon-element fontawesome-icon fa-edit fas circle-no fusion-text-flow\" style=\"--awb-iconcolor:#333333;--awb-iconcolor-hover:#333333;--awb-font-size:20px;--awb-margin-right:10px;\"><\/i> Stampa la domanda e compilala<\/li>\n<li style=\"list-style-type: none;\"><i class=\"fb-icon-element-3 fb-icon-element fontawesome-icon fa-envelope fas circle-no fusion-text-flow\" style=\"--awb-iconcolor:#333333;--awb-iconcolor-hover:#333333;--awb-font-size:20px;--awb-margin-right:10px;\"><\/i> Invia la domanda o consegnala a mano a:<br \/>\n<strong>Anffas Onlus Massa Carrara<\/strong><br \/>\n<strong>Via Castellaro, 1 &#8211; Localit\u00e0 Anderlino<\/strong><br \/>\n<strong>54033 Carrara (MS)<\/strong><\/li>\n<\/ul>\n<\/div><div class=\"fusion-clearfix\"><\/div><\/div><\/div><\/div><\/div><\/p>\n","protected":false},"excerpt":{"rendered":"","protected":false},"author":1,"featured_media":0,"parent":0,"menu_order":0,"comment_status":"closed","ping_status":"closed","template":"","meta":{"_acf_changed":false,"footnotes":""},"class_list":["post-4049","page","type-page","status-publish","hentry"],"acf":[],"yoast_head":"<!-- This site is optimized with the Yoast SEO plugin v27.6 - https:\/\/yoast.com\/product\/yoast-seo-wordpress\/ -->\n<title>Diventa Socio - Anffas Onlus - Massa Carrara<\/title>\n<meta name=\"robots\" content=\"index, follow, max-snippet:-1, max-image-preview:large, max-video-preview:-1\" \/>\n<link rel=\"canonical\" href=\"https:\/\/www.anffasms.it\/?page_id=4049\" \/>\n<meta property=\"og:locale\" content=\"it_IT\" \/>\n<meta property=\"og:type\" content=\"article\" \/>\n<meta property=\"og:title\" content=\"Diventa Socio - Anffas Onlus - Massa Carrara\" \/>\n<meta property=\"og:url\" content=\"https:\/\/www.anffasms.it\/?page_id=4049\" \/>\n<meta property=\"og:site_name\" content=\"Anffas Onlus - Massa Carrara\" \/>\n<meta property=\"article:publisher\" content=\"https:\/\/www.facebook.com\/anffasms\/\" \/>\n<meta property=\"article:modified_time\" content=\"2019-12-10T15:28:48+00:00\" \/>\n<meta name=\"twitter:card\" content=\"summary_large_image\" \/>\n<meta name=\"twitter:label1\" content=\"Tempo di lettura stimato\" \/>\n\t<meta name=\"twitter:data1\" content=\"6 minuti\" \/>\n<script type=\"application\/ld+json\" class=\"yoast-schema-graph\">{\"@context\":\"https:\\\/\\\/schema.org\",\"@graph\":[{\"@type\":\"WebPage\",\"@id\":\"https:\\\/\\\/www.anffasms.it\\\/?page_id=4049\",\"url\":\"https:\\\/\\\/www.anffasms.it\\\/?page_id=4049\",\"name\":\"Diventa Socio - Anffas Onlus - Massa Carrara\",\"isPartOf\":{\"@id\":\"https:\\\/\\\/www.anffasms.it\\\/#website\"},\"datePublished\":\"2019-05-29T16:43:54+00:00\",\"dateModified\":\"2019-12-10T15:28:48+00:00\",\"breadcrumb\":{\"@id\":\"https:\\\/\\\/www.anffasms.it\\\/?page_id=4049#breadcrumb\"},\"inLanguage\":\"it-IT\",\"potentialAction\":[{\"@type\":\"ReadAction\",\"target\":[\"https:\\\/\\\/www.anffasms.it\\\/?page_id=4049\"]}]},{\"@type\":\"BreadcrumbList\",\"@id\":\"https:\\\/\\\/www.anffasms.it\\\/?page_id=4049#breadcrumb\",\"itemListElement\":[{\"@type\":\"ListItem\",\"position\":1,\"name\":\"Home\",\"item\":\"https:\\\/\\\/www.anffasms.it\\\/\"},{\"@type\":\"ListItem\",\"position\":2,\"name\":\"Diventa Socio\"}]},{\"@type\":\"WebSite\",\"@id\":\"https:\\\/\\\/www.anffasms.it\\\/#website\",\"url\":\"https:\\\/\\\/www.anffasms.it\\\/\",\"name\":\"Anffas Onlus - Massa Carrara\",\"description\":\"\",\"publisher\":{\"@id\":\"https:\\\/\\\/www.anffasms.it\\\/#organization\"},\"potentialAction\":[{\"@type\":\"SearchAction\",\"target\":{\"@type\":\"EntryPoint\",\"urlTemplate\":\"https:\\\/\\\/www.anffasms.it\\\/?s={search_term_string}\"},\"query-input\":{\"@type\":\"PropertyValueSpecification\",\"valueRequired\":true,\"valueName\":\"search_term_string\"}}],\"inLanguage\":\"it-IT\"},{\"@type\":\"Organization\",\"@id\":\"https:\\\/\\\/www.anffasms.it\\\/#organization\",\"name\":\"Anffas Massa Carrara Onlus\",\"url\":\"https:\\\/\\\/www.anffasms.it\\\/\",\"logo\":{\"@type\":\"ImageObject\",\"inLanguage\":\"it-IT\",\"@id\":\"https:\\\/\\\/www.anffasms.it\\\/#\\\/schema\\\/logo\\\/image\\\/\",\"url\":\"https:\\\/\\\/www.anffasms.it\\\/wp-content\\\/uploads\\\/2018\\\/07\\\/logo_anffas_onlus_massa_carrara.png\",\"contentUrl\":\"https:\\\/\\\/www.anffasms.it\\\/wp-content\\\/uploads\\\/2018\\\/07\\\/logo_anffas_onlus_massa_carrara.png\",\"width\":274,\"height\":108,\"caption\":\"Anffas Massa Carrara Onlus\"},\"image\":{\"@id\":\"https:\\\/\\\/www.anffasms.it\\\/#\\\/schema\\\/logo\\\/image\\\/\"},\"sameAs\":[\"https:\\\/\\\/www.facebook.com\\\/anffasms\\\/\"]}]}<\/script>\n<!-- \/ Yoast SEO plugin. -->","yoast_head_json":{"title":"Diventa Socio - Anffas Onlus - Massa Carrara","robots":{"index":"index","follow":"follow","max-snippet":"max-snippet:-1","max-image-preview":"max-image-preview:large","max-video-preview":"max-video-preview:-1"},"canonical":"https:\/\/www.anffasms.it\/?page_id=4049","og_locale":"it_IT","og_type":"article","og_title":"Diventa Socio - Anffas Onlus - Massa Carrara","og_url":"https:\/\/www.anffasms.it\/?page_id=4049","og_site_name":"Anffas Onlus - Massa Carrara","article_publisher":"https:\/\/www.facebook.com\/anffasms\/","article_modified_time":"2019-12-10T15:28:48+00:00","twitter_card":"summary_large_image","twitter_misc":{"Tempo di lettura stimato":"6 minuti"},"schema":{"@context":"https:\/\/schema.org","@graph":[{"@type":"WebPage","@id":"https:\/\/www.anffasms.it\/?page_id=4049","url":"https:\/\/www.anffasms.it\/?page_id=4049","name":"Diventa Socio - Anffas Onlus - Massa Carrara","isPartOf":{"@id":"https:\/\/www.anffasms.it\/#website"},"datePublished":"2019-05-29T16:43:54+00:00","dateModified":"2019-12-10T15:28:48+00:00","breadcrumb":{"@id":"https:\/\/www.anffasms.it\/?page_id=4049#breadcrumb"},"inLanguage":"it-IT","potentialAction":[{"@type":"ReadAction","target":["https:\/\/www.anffasms.it\/?page_id=4049"]}]},{"@type":"BreadcrumbList","@id":"https:\/\/www.anffasms.it\/?page_id=4049#breadcrumb","itemListElement":[{"@type":"ListItem","position":1,"name":"Home","item":"https:\/\/www.anffasms.it\/"},{"@type":"ListItem","position":2,"name":"Diventa Socio"}]},{"@type":"WebSite","@id":"https:\/\/www.anffasms.it\/#website","url":"https:\/\/www.anffasms.it\/","name":"Anffas Onlus - Massa Carrara","description":"","publisher":{"@id":"https:\/\/www.anffasms.it\/#organization"},"potentialAction":[{"@type":"SearchAction","target":{"@type":"EntryPoint","urlTemplate":"https:\/\/www.anffasms.it\/?s={search_term_string}"},"query-input":{"@type":"PropertyValueSpecification","valueRequired":true,"valueName":"search_term_string"}}],"inLanguage":"it-IT"},{"@type":"Organization","@id":"https:\/\/www.anffasms.it\/#organization","name":"Anffas Massa Carrara Onlus","url":"https:\/\/www.anffasms.it\/","logo":{"@type":"ImageObject","inLanguage":"it-IT","@id":"https:\/\/www.anffasms.it\/#\/schema\/logo\/image\/","url":"https:\/\/www.anffasms.it\/wp-content\/uploads\/2018\/07\/logo_anffas_onlus_massa_carrara.png","contentUrl":"https:\/\/www.anffasms.it\/wp-content\/uploads\/2018\/07\/logo_anffas_onlus_massa_carrara.png","width":274,"height":108,"caption":"Anffas Massa Carrara Onlus"},"image":{"@id":"https:\/\/www.anffasms.it\/#\/schema\/logo\/image\/"},"sameAs":["https:\/\/www.facebook.com\/anffasms\/"]}]}},"_links":{"self":[{"href":"https:\/\/www.anffasms.it\/index.php?rest_route=\/wp\/v2\/pages\/4049","targetHints":{"allow":["GET"]}}],"collection":[{"href":"https:\/\/www.anffasms.it\/index.php?rest_route=\/wp\/v2\/pages"}],"about":[{"href":"https:\/\/www.anffasms.it\/index.php?rest_route=\/wp\/v2\/types\/page"}],"author":[{"embeddable":true,"href":"https:\/\/www.anffasms.it\/index.php?rest_route=\/wp\/v2\/users\/1"}],"replies":[{"embeddable":true,"href":"https:\/\/www.anffasms.it\/index.php?rest_route=%2Fwp%2Fv2%2Fcomments&post=4049"}],"version-history":[{"count":50,"href":"https:\/\/www.anffasms.it\/index.php?rest_route=\/wp\/v2\/pages\/4049\/revisions"}],"predecessor-version":[{"id":6246,"href":"https:\/\/www.anffasms.it\/index.php?rest_route=\/wp\/v2\/pages\/4049\/revisions\/6246"}],"wp:attachment":[{"href":"https:\/\/www.anffasms.it\/index.php?rest_route=%2Fwp%2Fv2%2Fmedia&parent=4049"}],"curies":[{"name":"wp","href":"https:\/\/api.w.org\/{rel}","templated":true}]}}