{"id":4068,"date":"2019-05-29T19:05:58","date_gmt":"2019-05-29T17:05:58","guid":{"rendered":"https:\/\/www.anffasms.it\/?page_id=4068"},"modified":"2019-06-18T13:30:13","modified_gmt":"2019-06-18T11:30:13","slug":"comunicazione-anffas-paziente","status":"publish","type":"page","link":"https:\/\/www.anffasms.it\/?page_id=4068","title":{"rendered":"Comunicazione Anffas-Paziente"},"content":{"rendered":"<p><div class=\"fusion-fullwidth fullwidth-box fusion-builder-row-1 nonhundred-percent-fullwidth non-hundred-percent-height-scrolling\" style=\"--awb-border-radius-top-left:0px;--awb-border-radius-top-right:0px;--awb-border-radius-bottom-right:0px;--awb-border-radius-bottom-left:0px;--awb-flex-wrap:wrap;\" ><div class=\"fusion-builder-row fusion-row\"><div class=\"fusion-layout-column fusion_builder_column fusion-builder-column-0 fusion_builder_column_1_1 1_1 fusion-one-full fusion-column-first fusion-column-last\" style=\"--awb-bg-size:cover;\"><div class=\"fusion-column-wrapper fusion-column-has-shadow fusion-flex-column-wrapper-legacy\"><div class=\"fusion-text fusion-text-1\"><h2>Comunicazione tra ANFFAS e Paziente<\/h2>\n<\/div><div class=\"fusion-clearfix\"><\/div><\/div><\/div><\/div><\/div><div class=\"fusion-fullwidth fullwidth-box fusion-builder-row-2 nonhundred-percent-fullwidth non-hundred-percent-height-scrolling\" style=\"--awb-border-radius-top-left:0px;--awb-border-radius-top-right:0px;--awb-border-radius-bottom-right:0px;--awb-border-radius-bottom-left:0px;--awb-flex-wrap:wrap;\" ><div class=\"fusion-builder-row fusion-row\"><div class=\"fusion-layout-column fusion_builder_column fusion-builder-column-1 fusion_builder_column_2_3 2_3 fusion-two-third fusion-column-first\" style=\"--awb-bg-size:cover;--awb-margin-bottom:0px;width:65.3333%; margin-right: 4%;\"><div class=\"fusion-column-wrapper fusion-flex-column-wrapper-legacy\"><div class=\"fusion-text fusion-text-2\"><p>Una corretta ed integrata comunicazione tra ANFFAS e il paziente \u00e8 il presupposto fondamentale per una buona erogazione delle prestazioni.<br \/>\nSotto questo aspetto, diventa importante rispondere efficacemente ai bisogni espressi e latenti dei nostri interlocutori, ovvero Informare, Orientare, Tutelare.<\/p>\n<h3>Informare<\/h3>\n<p>A tale proposito ANFFAS applica il principio del \u201cConsenso Informato\u201d formalizzandolo attraverso un modulo appositamente predisposto. Il modulo viene spiegato e fatto firmare al paziente, o a chi lo rappresenta, dal responsabile della prestazione, prima che questa venga effettuata. Tutte le informazioni ed i dati riferiti al paziente sono gestiti e tutelati nel rispetto delle vigenti leggi sulla privacy.<\/p>\n<h3>Orientare<\/h3>\n<p>Allo scopo di consentire al paziente una immediata identificazione e rintracciabilit\u00e0 del personale della struttura, i medici, gli infermieri, i tecnici ed il personale di segreteria sono dotati di un cartellino di riconoscimento che ne definisce il ruolo e le funzioni specifiche.<\/p>\n<h3>Tutelare<\/h3>\n<p>Il paziente \u00e8 tutelato nei suoi diritti alla riservatezza delle informazioni personali. La tenuta della documentazione relativa al paziente, i colloqui con lo stesso e\/o i familiari sono svolte nel pieno rispetto della normativa vigente.<br \/>\nInoltre il paziente \u00e8 tutelato dalla possibilit\u00e0 di sporgere reclamo in seguito a disservizi o ad atti e comportamenti che abbiano determinato una limitazione delle prestazioni. A tale scopo \u00e8 possibile avanzare reclamo nelle modalit\u00e0 meglio riportate alla sezione <a href=\"\/?page_id=4070\">URP e Tutela dell&#8217;Utente<\/a>.<\/p>\n<p>ANFFAS favorisce una cultura dell&#8217;accettazione e del rispetto nel tessuto sociale del territorio di appartenenza ed attiva forme di partecipazione alle opportunit\u00e0 offerte dal territorio garantendo l&#8217;espressione delle differenze religiose culturali ed etniche.<br \/>\nA tal fine si usufruisce anche del servizio di mediazione linguistico-culturale presente nelle tre sedi territoriali del Centro per l\u2019impiego di Massa, Carrara ed Aulla: in particolare si potranno trovare un consulente di lingua araba, una di lingua rumena ed un consulente con competenze linguistiche trasversali in grado di soddisfare le necessit\u00e0 degli utenti per le traduzioni di curriculum in lingua inglese e francese.<\/p>\n<\/div><div class=\"fusion-clearfix\"><\/div><\/div><\/div><div class=\"fusion-layout-column fusion_builder_column fusion-builder-column-2 fusion_builder_column_1_3 1_3 fusion-one-third fusion-column-last\" style=\"--awb-bg-size:cover;width:30.6666%;\"><div class=\"fusion-column-wrapper fusion-column-has-shadow fusion-flex-column-wrapper-legacy\"><div class=\"fusion-text fusion-text-3\"><h3>Orari consulenti lingue straniere<\/h3>\n<h4>Massa<\/h4>\n<p>Il consulente in lingua rumena \u00e8 presente il luned\u00ec dalle 9.00 alle 12.00, quello in lingua araba il primo, il terzo e il quarto luned\u00ec del mese, sempre dalle 9.00 alle 12.00<\/p>\n<h4>Carrara<\/h4>\n<p>Lingua rumena marted\u00ec pomeriggio dalle 15.00 alle 17.00; lingua araba il primo e il terzo luned\u00ec del mese dalle 9 alle 12<\/p>\n<h4>Aulla<\/h4>\n<p>Lingua rumena primo gioved\u00ec del mese dalle 9.00 alle 12.00 e il terzo gioved\u00ec del mese dalle 15.00 alle 17.00; lingua araba secondo marted\u00ec del mese dalle 9.00 alle 13.00.<\/p>\n<h4>Inglese e Francese<\/h4>\n<p><strong>Per quanto riguarda inglese e francese<\/strong> il servizio \u00e8 disponibile per 8 ore in base alle esigenze che si determinano nei centri per l\u2019impiego.<\/p>\n<h4>Nota<\/h4>\n<p>Gli orari possono essere suscettibili di variazione, per maggiori informazioni rivolgersi alle tre sedi territoriali del servizio di orientamento di Massa, Carrara e Aulla.<\/p>\n<\/div><div class=\"fusion-clearfix\"><\/div><\/div><\/div><\/div><\/div><\/p>\n","protected":false},"excerpt":{"rendered":"","protected":false},"author":1,"featured_media":0,"parent":0,"menu_order":0,"comment_status":"closed","ping_status":"closed","template":"","meta":{"_acf_changed":false,"footnotes":""},"class_list":["post-4068","page","type-page","status-publish","hentry"],"acf":[],"yoast_head":"<!-- This site is optimized with the Yoast SEO plugin v27.2 - https:\/\/yoast.com\/product\/yoast-seo-wordpress\/ -->\n<title>Comunicazione Anffas-Paziente - Anffas Onlus - Massa Carrara<\/title>\n<meta name=\"robots\" content=\"index, follow, max-snippet:-1, max-image-preview:large, max-video-preview:-1\" \/>\n<link rel=\"canonical\" href=\"https:\/\/www.anffasms.it\/?page_id=4068\" \/>\n<meta property=\"og:locale\" content=\"it_IT\" \/>\n<meta property=\"og:type\" content=\"article\" \/>\n<meta property=\"og:title\" content=\"Comunicazione Anffas-Paziente - Anffas Onlus - Massa Carrara\" \/>\n<meta property=\"og:url\" content=\"https:\/\/www.anffasms.it\/?page_id=4068\" \/>\n<meta property=\"og:site_name\" content=\"Anffas Onlus - Massa Carrara\" \/>\n<meta property=\"article:publisher\" content=\"https:\/\/www.facebook.com\/anffasms\/\" \/>\n<meta property=\"article:modified_time\" content=\"2019-06-18T11:30:13+00:00\" \/>\n<meta name=\"twitter:card\" content=\"summary_large_image\" \/>\n<meta name=\"twitter:label1\" content=\"Tempo di lettura stimato\" \/>\n\t<meta name=\"twitter:data1\" content=\"5 minuti\" \/>\n<script type=\"application\/ld+json\" class=\"yoast-schema-graph\">{\"@context\":\"https:\/\/schema.org\",\"@graph\":[{\"@type\":\"WebPage\",\"@id\":\"https:\/\/www.anffasms.it\/?page_id=4068\",\"url\":\"https:\/\/www.anffasms.it\/?page_id=4068\",\"name\":\"Comunicazione Anffas-Paziente - Anffas Onlus - Massa Carrara\",\"isPartOf\":{\"@id\":\"https:\/\/www.anffasms.it\/#website\"},\"datePublished\":\"2019-05-29T17:05:58+00:00\",\"dateModified\":\"2019-06-18T11:30:13+00:00\",\"breadcrumb\":{\"@id\":\"https:\/\/www.anffasms.it\/?page_id=4068#breadcrumb\"},\"inLanguage\":\"it-IT\",\"potentialAction\":[{\"@type\":\"ReadAction\",\"target\":[\"https:\/\/www.anffasms.it\/?page_id=4068\"]}]},{\"@type\":\"BreadcrumbList\",\"@id\":\"https:\/\/www.anffasms.it\/?page_id=4068#breadcrumb\",\"itemListElement\":[{\"@type\":\"ListItem\",\"position\":1,\"name\":\"Home\",\"item\":\"https:\/\/www.anffasms.it\/\"},{\"@type\":\"ListItem\",\"position\":2,\"name\":\"Comunicazione Anffas-Paziente\"}]},{\"@type\":\"WebSite\",\"@id\":\"https:\/\/www.anffasms.it\/#website\",\"url\":\"https:\/\/www.anffasms.it\/\",\"name\":\"Anffas Onlus - Massa Carrara\",\"description\":\"\",\"publisher\":{\"@id\":\"https:\/\/www.anffasms.it\/#organization\"},\"potentialAction\":[{\"@type\":\"SearchAction\",\"target\":{\"@type\":\"EntryPoint\",\"urlTemplate\":\"https:\/\/www.anffasms.it\/?s={search_term_string}\"},\"query-input\":{\"@type\":\"PropertyValueSpecification\",\"valueRequired\":true,\"valueName\":\"search_term_string\"}}],\"inLanguage\":\"it-IT\"},{\"@type\":\"Organization\",\"@id\":\"https:\/\/www.anffasms.it\/#organization\",\"name\":\"Anffas Massa Carrara Onlus\",\"url\":\"https:\/\/www.anffasms.it\/\",\"logo\":{\"@type\":\"ImageObject\",\"inLanguage\":\"it-IT\",\"@id\":\"https:\/\/www.anffasms.it\/#\/schema\/logo\/image\/\",\"url\":\"https:\/\/www.anffasms.it\/wp-content\/uploads\/2018\/07\/logo_anffas_onlus_massa_carrara.png\",\"contentUrl\":\"https:\/\/www.anffasms.it\/wp-content\/uploads\/2018\/07\/logo_anffas_onlus_massa_carrara.png\",\"width\":274,\"height\":108,\"caption\":\"Anffas Massa Carrara Onlus\"},\"image\":{\"@id\":\"https:\/\/www.anffasms.it\/#\/schema\/logo\/image\/\"},\"sameAs\":[\"https:\/\/www.facebook.com\/anffasms\/\"]}]}<\/script>\n<!-- \/ Yoast SEO plugin. -->","yoast_head_json":{"title":"Comunicazione Anffas-Paziente - Anffas Onlus - Massa Carrara","robots":{"index":"index","follow":"follow","max-snippet":"max-snippet:-1","max-image-preview":"max-image-preview:large","max-video-preview":"max-video-preview:-1"},"canonical":"https:\/\/www.anffasms.it\/?page_id=4068","og_locale":"it_IT","og_type":"article","og_title":"Comunicazione Anffas-Paziente - Anffas Onlus - Massa Carrara","og_url":"https:\/\/www.anffasms.it\/?page_id=4068","og_site_name":"Anffas Onlus - Massa Carrara","article_publisher":"https:\/\/www.facebook.com\/anffasms\/","article_modified_time":"2019-06-18T11:30:13+00:00","twitter_card":"summary_large_image","twitter_misc":{"Tempo di lettura stimato":"5 minuti"},"schema":{"@context":"https:\/\/schema.org","@graph":[{"@type":"WebPage","@id":"https:\/\/www.anffasms.it\/?page_id=4068","url":"https:\/\/www.anffasms.it\/?page_id=4068","name":"Comunicazione Anffas-Paziente - Anffas Onlus - Massa Carrara","isPartOf":{"@id":"https:\/\/www.anffasms.it\/#website"},"datePublished":"2019-05-29T17:05:58+00:00","dateModified":"2019-06-18T11:30:13+00:00","breadcrumb":{"@id":"https:\/\/www.anffasms.it\/?page_id=4068#breadcrumb"},"inLanguage":"it-IT","potentialAction":[{"@type":"ReadAction","target":["https:\/\/www.anffasms.it\/?page_id=4068"]}]},{"@type":"BreadcrumbList","@id":"https:\/\/www.anffasms.it\/?page_id=4068#breadcrumb","itemListElement":[{"@type":"ListItem","position":1,"name":"Home","item":"https:\/\/www.anffasms.it\/"},{"@type":"ListItem","position":2,"name":"Comunicazione Anffas-Paziente"}]},{"@type":"WebSite","@id":"https:\/\/www.anffasms.it\/#website","url":"https:\/\/www.anffasms.it\/","name":"Anffas Onlus - Massa Carrara","description":"","publisher":{"@id":"https:\/\/www.anffasms.it\/#organization"},"potentialAction":[{"@type":"SearchAction","target":{"@type":"EntryPoint","urlTemplate":"https:\/\/www.anffasms.it\/?s={search_term_string}"},"query-input":{"@type":"PropertyValueSpecification","valueRequired":true,"valueName":"search_term_string"}}],"inLanguage":"it-IT"},{"@type":"Organization","@id":"https:\/\/www.anffasms.it\/#organization","name":"Anffas Massa Carrara Onlus","url":"https:\/\/www.anffasms.it\/","logo":{"@type":"ImageObject","inLanguage":"it-IT","@id":"https:\/\/www.anffasms.it\/#\/schema\/logo\/image\/","url":"https:\/\/www.anffasms.it\/wp-content\/uploads\/2018\/07\/logo_anffas_onlus_massa_carrara.png","contentUrl":"https:\/\/www.anffasms.it\/wp-content\/uploads\/2018\/07\/logo_anffas_onlus_massa_carrara.png","width":274,"height":108,"caption":"Anffas Massa Carrara Onlus"},"image":{"@id":"https:\/\/www.anffasms.it\/#\/schema\/logo\/image\/"},"sameAs":["https:\/\/www.facebook.com\/anffasms\/"]}]}},"_links":{"self":[{"href":"https:\/\/www.anffasms.it\/index.php?rest_route=\/wp\/v2\/pages\/4068","targetHints":{"allow":["GET"]}}],"collection":[{"href":"https:\/\/www.anffasms.it\/index.php?rest_route=\/wp\/v2\/pages"}],"about":[{"href":"https:\/\/www.anffasms.it\/index.php?rest_route=\/wp\/v2\/types\/page"}],"author":[{"embeddable":true,"href":"https:\/\/www.anffasms.it\/index.php?rest_route=\/wp\/v2\/users\/1"}],"replies":[{"embeddable":true,"href":"https:\/\/www.anffasms.it\/index.php?rest_route=%2Fwp%2Fv2%2Fcomments&post=4068"}],"version-history":[{"count":7,"href":"https:\/\/www.anffasms.it\/index.php?rest_route=\/wp\/v2\/pages\/4068\/revisions"}],"predecessor-version":[{"id":4518,"href":"https:\/\/www.anffasms.it\/index.php?rest_route=\/wp\/v2\/pages\/4068\/revisions\/4518"}],"wp:attachment":[{"href":"https:\/\/www.anffasms.it\/index.php?rest_route=%2Fwp%2Fv2%2Fmedia&parent=4068"}],"curies":[{"name":"wp","href":"https:\/\/api.w.org\/{rel}","templated":true}]}}