{"id":4070,"date":"2019-05-29T19:06:27","date_gmt":"2019-05-29T17:06:27","guid":{"rendered":"https:\/\/www.anffasms.it\/?page_id=4070"},"modified":"2019-06-20T16:03:39","modified_gmt":"2019-06-20T14:03:39","slug":"urp","status":"publish","type":"page","link":"https:\/\/www.anffasms.it\/?page_id=4070","title":{"rendered":"URP e Tutela dell&#8217;Utente"},"content":{"rendered":"<p><div class=\"fusion-fullwidth fullwidth-box fusion-builder-row-1 nonhundred-percent-fullwidth non-hundred-percent-height-scrolling\" style=\"--awb-border-radius-top-left:0px;--awb-border-radius-top-right:0px;--awb-border-radius-bottom-right:0px;--awb-border-radius-bottom-left:0px;--awb-flex-wrap:wrap;\" ><div class=\"fusion-builder-row fusion-row\"><div class=\"fusion-layout-column fusion_builder_column fusion-builder-column-0 fusion_builder_column_1_1 1_1 fusion-one-full fusion-column-first fusion-column-last\" style=\"--awb-bg-size:cover;--awb-margin-bottom:0px;\"><div class=\"fusion-column-wrapper fusion-flex-column-wrapper-legacy\"><div class=\"fusion-text fusion-text-1\"><h2>URP &#8211; Ufficio Relazioni con il Pubblico<\/h2>\n<p>L\u2019Associazione garantisce la tutela nei confronti dell\u2019utente dei suoi servizi anche attraverso la possibilit\u00e0, per questo ultimo e\/o le associazioni di tutela, di sporgere reclamo a seguito di disservizio, atto o comportamento che abbiano negato o limitato la fruibilit\u00e0 delle prestazioni.<\/p>\n<\/div><div class=\"fusion-sep-clear\"><\/div><div class=\"fusion-separator fusion-full-width-sep\" style=\"margin-left: auto;margin-right: auto;margin-bottom:32px;width:100%;\"><\/div><div class=\"fusion-sep-clear\"><\/div><div class=\"fusion-clearfix\"><\/div><\/div><\/div><\/div><\/div><div class=\"fusion-fullwidth fullwidth-box fusion-builder-row-2 nonhundred-percent-fullwidth non-hundred-percent-height-scrolling\" style=\"--awb-border-radius-top-left:0px;--awb-border-radius-top-right:0px;--awb-border-radius-bottom-right:0px;--awb-border-radius-bottom-left:0px;--awb-flex-wrap:wrap;\" ><div class=\"fusion-builder-row fusion-row\"><div class=\"fusion-layout-column fusion_builder_column fusion-builder-column-1 fusion_builder_column_1_4 1_4 fusion-one-fourth fusion-column-first\" style=\"--awb-bg-size:cover;width:25%;width:calc(25% - ( ( 4% ) * 0.25 ) );margin-right: 4%;\"><div class=\"fusion-column-wrapper fusion-column-has-shadow fusion-flex-column-wrapper-legacy\"><div class=\"fusion-image-element in-legacy-container\" style=\"--awb-caption-title-font-family:var(--h2_typography-font-family);--awb-caption-title-font-weight:var(--h2_typography-font-weight);--awb-caption-title-font-style:var(--h2_typography-font-style);--awb-caption-title-size:var(--h2_typography-font-size);--awb-caption-title-transform:var(--h2_typography-text-transform);--awb-caption-title-line-height:var(--h2_typography-line-height);--awb-caption-title-letter-spacing:var(--h2_typography-letter-spacing);\"><span class=\" fusion-imageframe imageframe-none imageframe-1 hover-type-none\"><img decoding=\"async\" width=\"700\" height=\"424\" alt=\"URP_Ufficio_relazioni_con_il_pubblico_anffas_onlus_massa_carrara\" title=\"URP_Ufficio_relazioni_con_il_pubblico_anffas_onlus_massa_carrara\" src=\"https:\/\/www.anffasms.it\/wp-content\/uploads\/2019\/06\/URP_Ufficio_relazioni_con_il_pubblico_anffas_onlus_massa_carrara.jpg\" class=\"img-responsive wp-image-4747\" srcset=\"https:\/\/www.anffasms.it\/wp-content\/uploads\/2019\/06\/URP_Ufficio_relazioni_con_il_pubblico_anffas_onlus_massa_carrara-200x121.jpg 200w, https:\/\/www.anffasms.it\/wp-content\/uploads\/2019\/06\/URP_Ufficio_relazioni_con_il_pubblico_anffas_onlus_massa_carrara-400x242.jpg 400w, https:\/\/www.anffasms.it\/wp-content\/uploads\/2019\/06\/URP_Ufficio_relazioni_con_il_pubblico_anffas_onlus_massa_carrara-600x363.jpg 600w, https:\/\/www.anffasms.it\/wp-content\/uploads\/2019\/06\/URP_Ufficio_relazioni_con_il_pubblico_anffas_onlus_massa_carrara.jpg 700w\" sizes=\"(max-width: 800px) 100vw, 400px\" \/><\/span><\/div><div class=\"fusion-clearfix\"><\/div><\/div><\/div><div class=\"fusion-layout-column fusion_builder_column fusion-builder-column-2 fusion_builder_column_3_4 3_4 fusion-three-fourth fusion-column-last\" style=\"--awb-bg-size:cover;width:75%;width:calc(75% - ( ( 4% ) * 0.75 ) );\"><div class=\"fusion-column-wrapper fusion-column-has-shadow fusion-flex-column-wrapper-legacy\"><div class=\"fusion-text fusion-text-2\"><h3>Tutela dell&#8217;utente<\/h3>\n<p>La tutela \u00e8 prevista:<\/p>\n<ol>\n<li class=\"listaAlpha\">per qualsiasi disservizio, inteso come mancanza di efficacia-efficienza, che abbia negato o limitato, al reclamante, la fruibilit\u00e0 delle prestazioni;<\/li>\n<li class=\"listaAlpha\">per qualsiasi violazione di leggi o regolamenti che disciplinano la fruizione dei servizi sanitari ed in particolare:\n<ul>\n<li>della presente carta dei servizi adottata dal Centro;<\/li>\n<li>dei principi contenuti nel <abbr title=\"Decreto del Presidente del Consiglio dei Ministri\">D.P.C.M.<\/abbr> 19 Maggio 1995 (schema generale di riferimento della carta dei servizi pubblici sanitari) e nella direttiva del Presidente del Consiglio dei Ministri 27 Gennaio 1994 (principi sull\u2019 erogazione dei servizi pubblici);<\/li>\n<li>dei principi contenuti negli accordi nazionali di lavoro in merito a doveri e norme comportamentali dei dipendenti.<\/li>\n<\/ul>\n<\/li>\n<\/ol>\n<p>L\u2019 accoglienza, la tutela e l\u2019informazione degli utenti viene garantita tramite: l&#8217;URP (Ufficio relazioni con il pubblico). Responsabile del servizio \u00e8 il Dott. Mussi Giuseppe. Il servizio \u00e8, telefonicamente, a disposizione degli utenti il Marted\u00ec ed il Gioved\u00ec dalle 11.00 alle 12.00.<br \/>\nL&#8217;URP, nell\u2019 ambito dell\u2019esercizio dell\u2019accoglienza, della tutela e dell\u2019informazione svolge le seguenti funzioni:<\/p>\n<ol>\n<li>riceve i reclami di seguito denominati esposti e\/o segnalazioni;<\/li>\n<li>provvede, su delega del Direttore Generale, a dare immediata risposta all&#8217;utente per i reclami che si presentano di prevedibile, univoca e certa definizione;<\/li>\n<li>predispone l\u2019attivit\u00e0 istruttoria, acquisendo tutti gli elementi conoscitivi del caso in questione dalle strutture operative interessate e propone al Direttore la risposta da inviare all&#8217;utente ricorrente.<\/li>\n<\/ol>\n<h3>Modalit\u00e0 di richiesta e di attivazione della tutela<\/h3>\n<p>La tutela pu\u00f2 essere richiesta da qualsiasi soggetto utente dei servizi erogati dal Centro, dai medici di famiglia, direttamente o tramite parenti ed affini.<br \/>\nLa tutela pu\u00f2 essere richiesta dagli utenti, famigliari, affini e associazioni di tutela tramite:<\/p>\n<ul>\n<li>esposto scritto inoltrato per posta ad ANFFAS-Onlus di Massa-Carrara, Via Castellaro 1, 54033 Carrara, fax 0585845277, mail <a href=\"mailto:info@anffasms.it\">info@anffasms.it<\/a> <a href=\"mailto:anffasms@pec.it\">anffasms@pec.it<\/a> o a mano dal Luned\u00ec al Venerd\u00ec dalle 8,30 alle 16;<\/li>\n<li>compilazione di moduli appositamente predisposti e disponibili presso l&#8217;URP;<\/li>\n<li>colloquio telefonico con l\u2019 operatore URP;<\/li>\n<li>colloquio diretto con l\u2019 operatore URP.<\/li>\n<\/ul>\n<h3>Esposti e segnalazioni<\/h3>\n<p>Gli esposti e le segnalazioni devono essere definite entro 15 giorni dalla data di ricevimento da parte dell&#8217;URP che, entro tale termine, dovr\u00e0 trasmettere comunicazione scritta al ricorrente sull&#8217;esito.<br \/>\nQualora la complessit\u00e0 del caso lo richieda, l&#8217;URP potr\u00e0 prorogare il suddetto termine di ulteriori 15 giorni informando per iscritto l\u2019utente.<\/p>\n<\/div><div class=\"fusion-sep-clear\"><\/div><div class=\"fusion-separator fusion-full-width-sep\" style=\"margin-left: auto;margin-right: auto;margin-bottom:32px;width:100%;\"><\/div><div class=\"fusion-sep-clear\"><\/div><div class=\"fusion-clearfix\"><\/div><\/div><\/div><\/div><\/div><\/p>\n","protected":false},"excerpt":{"rendered":"","protected":false},"author":1,"featured_media":0,"parent":0,"menu_order":0,"comment_status":"closed","ping_status":"closed","template":"","meta":{"_acf_changed":false,"footnotes":""},"class_list":["post-4070","page","type-page","status-publish","hentry"],"acf":[],"yoast_head":"<!-- This site is optimized with the Yoast SEO plugin v27.2 - https:\/\/yoast.com\/product\/yoast-seo-wordpress\/ -->\n<title>URP e Tutela dell&#039;Utente - Anffas Onlus - Massa Carrara<\/title>\n<meta name=\"robots\" content=\"index, follow, max-snippet:-1, max-image-preview:large, max-video-preview:-1\" \/>\n<link rel=\"canonical\" href=\"https:\/\/www.anffasms.it\/?page_id=4070\" \/>\n<meta property=\"og:locale\" content=\"it_IT\" \/>\n<meta property=\"og:type\" content=\"article\" \/>\n<meta property=\"og:title\" content=\"URP e Tutela dell&#039;Utente - Anffas Onlus - Massa Carrara\" \/>\n<meta property=\"og:url\" content=\"https:\/\/www.anffasms.it\/?page_id=4070\" \/>\n<meta property=\"og:site_name\" content=\"Anffas Onlus - Massa Carrara\" \/>\n<meta property=\"article:publisher\" content=\"https:\/\/www.facebook.com\/anffasms\/\" \/>\n<meta property=\"article:modified_time\" content=\"2019-06-20T14:03:39+00:00\" \/>\n<meta name=\"twitter:card\" content=\"summary_large_image\" \/>\n<meta name=\"twitter:label1\" content=\"Tempo di lettura stimato\" \/>\n\t<meta name=\"twitter:data1\" content=\"5 minuti\" \/>\n<script type=\"application\/ld+json\" class=\"yoast-schema-graph\">{\"@context\":\"https:\/\/schema.org\",\"@graph\":[{\"@type\":\"WebPage\",\"@id\":\"https:\/\/www.anffasms.it\/?page_id=4070\",\"url\":\"https:\/\/www.anffasms.it\/?page_id=4070\",\"name\":\"URP e Tutela dell'Utente - Anffas Onlus - Massa Carrara\",\"isPartOf\":{\"@id\":\"https:\/\/www.anffasms.it\/#website\"},\"datePublished\":\"2019-05-29T17:06:27+00:00\",\"dateModified\":\"2019-06-20T14:03:39+00:00\",\"breadcrumb\":{\"@id\":\"https:\/\/www.anffasms.it\/?page_id=4070#breadcrumb\"},\"inLanguage\":\"it-IT\",\"potentialAction\":[{\"@type\":\"ReadAction\",\"target\":[\"https:\/\/www.anffasms.it\/?page_id=4070\"]}]},{\"@type\":\"BreadcrumbList\",\"@id\":\"https:\/\/www.anffasms.it\/?page_id=4070#breadcrumb\",\"itemListElement\":[{\"@type\":\"ListItem\",\"position\":1,\"name\":\"Home\",\"item\":\"https:\/\/www.anffasms.it\/\"},{\"@type\":\"ListItem\",\"position\":2,\"name\":\"URP e Tutela dell&#8217;Utente\"}]},{\"@type\":\"WebSite\",\"@id\":\"https:\/\/www.anffasms.it\/#website\",\"url\":\"https:\/\/www.anffasms.it\/\",\"name\":\"Anffas Onlus - Massa Carrara\",\"description\":\"\",\"publisher\":{\"@id\":\"https:\/\/www.anffasms.it\/#organization\"},\"potentialAction\":[{\"@type\":\"SearchAction\",\"target\":{\"@type\":\"EntryPoint\",\"urlTemplate\":\"https:\/\/www.anffasms.it\/?s={search_term_string}\"},\"query-input\":{\"@type\":\"PropertyValueSpecification\",\"valueRequired\":true,\"valueName\":\"search_term_string\"}}],\"inLanguage\":\"it-IT\"},{\"@type\":\"Organization\",\"@id\":\"https:\/\/www.anffasms.it\/#organization\",\"name\":\"Anffas Massa Carrara Onlus\",\"url\":\"https:\/\/www.anffasms.it\/\",\"logo\":{\"@type\":\"ImageObject\",\"inLanguage\":\"it-IT\",\"@id\":\"https:\/\/www.anffasms.it\/#\/schema\/logo\/image\/\",\"url\":\"https:\/\/www.anffasms.it\/wp-content\/uploads\/2018\/07\/logo_anffas_onlus_massa_carrara.png\",\"contentUrl\":\"https:\/\/www.anffasms.it\/wp-content\/uploads\/2018\/07\/logo_anffas_onlus_massa_carrara.png\",\"width\":274,\"height\":108,\"caption\":\"Anffas Massa Carrara Onlus\"},\"image\":{\"@id\":\"https:\/\/www.anffasms.it\/#\/schema\/logo\/image\/\"},\"sameAs\":[\"https:\/\/www.facebook.com\/anffasms\/\"]}]}<\/script>\n<!-- \/ Yoast SEO plugin. -->","yoast_head_json":{"title":"URP e Tutela dell'Utente - Anffas Onlus - Massa Carrara","robots":{"index":"index","follow":"follow","max-snippet":"max-snippet:-1","max-image-preview":"max-image-preview:large","max-video-preview":"max-video-preview:-1"},"canonical":"https:\/\/www.anffasms.it\/?page_id=4070","og_locale":"it_IT","og_type":"article","og_title":"URP e Tutela dell'Utente - Anffas Onlus - Massa Carrara","og_url":"https:\/\/www.anffasms.it\/?page_id=4070","og_site_name":"Anffas Onlus - Massa Carrara","article_publisher":"https:\/\/www.facebook.com\/anffasms\/","article_modified_time":"2019-06-20T14:03:39+00:00","twitter_card":"summary_large_image","twitter_misc":{"Tempo di lettura stimato":"5 minuti"},"schema":{"@context":"https:\/\/schema.org","@graph":[{"@type":"WebPage","@id":"https:\/\/www.anffasms.it\/?page_id=4070","url":"https:\/\/www.anffasms.it\/?page_id=4070","name":"URP e Tutela dell'Utente - Anffas Onlus - Massa Carrara","isPartOf":{"@id":"https:\/\/www.anffasms.it\/#website"},"datePublished":"2019-05-29T17:06:27+00:00","dateModified":"2019-06-20T14:03:39+00:00","breadcrumb":{"@id":"https:\/\/www.anffasms.it\/?page_id=4070#breadcrumb"},"inLanguage":"it-IT","potentialAction":[{"@type":"ReadAction","target":["https:\/\/www.anffasms.it\/?page_id=4070"]}]},{"@type":"BreadcrumbList","@id":"https:\/\/www.anffasms.it\/?page_id=4070#breadcrumb","itemListElement":[{"@type":"ListItem","position":1,"name":"Home","item":"https:\/\/www.anffasms.it\/"},{"@type":"ListItem","position":2,"name":"URP e Tutela dell&#8217;Utente"}]},{"@type":"WebSite","@id":"https:\/\/www.anffasms.it\/#website","url":"https:\/\/www.anffasms.it\/","name":"Anffas Onlus - Massa Carrara","description":"","publisher":{"@id":"https:\/\/www.anffasms.it\/#organization"},"potentialAction":[{"@type":"SearchAction","target":{"@type":"EntryPoint","urlTemplate":"https:\/\/www.anffasms.it\/?s={search_term_string}"},"query-input":{"@type":"PropertyValueSpecification","valueRequired":true,"valueName":"search_term_string"}}],"inLanguage":"it-IT"},{"@type":"Organization","@id":"https:\/\/www.anffasms.it\/#organization","name":"Anffas Massa Carrara Onlus","url":"https:\/\/www.anffasms.it\/","logo":{"@type":"ImageObject","inLanguage":"it-IT","@id":"https:\/\/www.anffasms.it\/#\/schema\/logo\/image\/","url":"https:\/\/www.anffasms.it\/wp-content\/uploads\/2018\/07\/logo_anffas_onlus_massa_carrara.png","contentUrl":"https:\/\/www.anffasms.it\/wp-content\/uploads\/2018\/07\/logo_anffas_onlus_massa_carrara.png","width":274,"height":108,"caption":"Anffas Massa Carrara Onlus"},"image":{"@id":"https:\/\/www.anffasms.it\/#\/schema\/logo\/image\/"},"sameAs":["https:\/\/www.facebook.com\/anffasms\/"]}]}},"_links":{"self":[{"href":"https:\/\/www.anffasms.it\/index.php?rest_route=\/wp\/v2\/pages\/4070","targetHints":{"allow":["GET"]}}],"collection":[{"href":"https:\/\/www.anffasms.it\/index.php?rest_route=\/wp\/v2\/pages"}],"about":[{"href":"https:\/\/www.anffasms.it\/index.php?rest_route=\/wp\/v2\/types\/page"}],"author":[{"embeddable":true,"href":"https:\/\/www.anffasms.it\/index.php?rest_route=\/wp\/v2\/users\/1"}],"replies":[{"embeddable":true,"href":"https:\/\/www.anffasms.it\/index.php?rest_route=%2Fwp%2Fv2%2Fcomments&post=4070"}],"version-history":[{"count":11,"href":"https:\/\/www.anffasms.it\/index.php?rest_route=\/wp\/v2\/pages\/4070\/revisions"}],"predecessor-version":[{"id":4636,"href":"https:\/\/www.anffasms.it\/index.php?rest_route=\/wp\/v2\/pages\/4070\/revisions\/4636"}],"wp:attachment":[{"href":"https:\/\/www.anffasms.it\/index.php?rest_route=%2Fwp%2Fv2%2Fmedia&parent=4070"}],"curies":[{"name":"wp","href":"https:\/\/api.w.org\/{rel}","templated":true}]}}