{"id":4089,"date":"2019-05-30T12:10:27","date_gmt":"2019-05-30T10:10:27","guid":{"rendered":"https:\/\/www.anffasms.it\/?page_id=4089"},"modified":"2023-06-06T23:07:44","modified_gmt":"2023-06-06T21:07:44","slug":"regole-generali","status":"publish","type":"page","link":"https:\/\/www.anffasms.it\/?page_id=4089","title":{"rendered":"Regolamento Interno"},"content":{"rendered":"<p><div class=\"fusion-fullwidth fullwidth-box fusion-builder-row-1 nonhundred-percent-fullwidth non-hundred-percent-height-scrolling\" style=\"--awb-border-radius-top-left:0px;--awb-border-radius-top-right:0px;--awb-border-radius-bottom-right:0px;--awb-border-radius-bottom-left:0px;--awb-flex-wrap:wrap;\" ><div class=\"fusion-builder-row fusion-row\"><div class=\"fusion-layout-column fusion_builder_column fusion-builder-column-0 fusion_builder_column_1_3 1_3 fusion-one-third fusion-column-first\" style=\"--awb-bg-size:cover;width:33.333333333333%;width:calc(33.333333333333% - ( ( 4% ) * 0.33333333333333 ) );margin-right: 4%;\"><div class=\"fusion-column-wrapper fusion-column-has-shadow fusion-flex-column-wrapper-legacy\"><div class=\"fusion-image-element in-legacy-container\" style=\"--awb-caption-title-font-family:var(--h2_typography-font-family);--awb-caption-title-font-weight:var(--h2_typography-font-weight);--awb-caption-title-font-style:var(--h2_typography-font-style);--awb-caption-title-size:var(--h2_typography-font-size);--awb-caption-title-transform:var(--h2_typography-text-transform);--awb-caption-title-line-height:var(--h2_typography-line-height);--awb-caption-title-letter-spacing:var(--h2_typography-letter-spacing);\"><span class=\" fusion-imageframe imageframe-none imageframe-1 hover-type-none\"><img decoding=\"async\" width=\"1832\" height=\"1600\" alt=\"Regola Generali - Anffas Onlus Massa Carrara\" title=\"regola_generali_anffas_onlus_massa_carrara\" src=\"https:\/\/www.anffasms.it\/wp-content\/uploads\/2019\/07\/regola_generali_anffas_onlus_massa_carrara.png\" class=\"img-responsive wp-image-5004\" srcset=\"https:\/\/www.anffasms.it\/wp-content\/uploads\/2019\/07\/regola_generali_anffas_onlus_massa_carrara-200x175.png 200w, https:\/\/www.anffasms.it\/wp-content\/uploads\/2019\/07\/regola_generali_anffas_onlus_massa_carrara-400x349.png 400w, https:\/\/www.anffasms.it\/wp-content\/uploads\/2019\/07\/regola_generali_anffas_onlus_massa_carrara-600x524.png 600w, https:\/\/www.anffasms.it\/wp-content\/uploads\/2019\/07\/regola_generali_anffas_onlus_massa_carrara-800x699.png 800w, https:\/\/www.anffasms.it\/wp-content\/uploads\/2019\/07\/regola_generali_anffas_onlus_massa_carrara-1200x1048.png 1200w, https:\/\/www.anffasms.it\/wp-content\/uploads\/2019\/07\/regola_generali_anffas_onlus_massa_carrara.png 1832w\" sizes=\"(max-width: 800px) 100vw, 600px\" \/><\/span><\/div><div class=\"fusion-clearfix\"><\/div><\/div><\/div><div class=\"fusion-layout-column fusion_builder_column fusion-builder-column-1 fusion_builder_column_2_3 2_3 fusion-two-third fusion-column-last\" style=\"--awb-bg-size:cover;width:66.666666666667%;width:calc(66.666666666667% - ( ( 4% ) * 0.66666666666667 ) );\"><div class=\"fusion-column-wrapper fusion-column-has-shadow fusion-flex-column-wrapper-legacy\"><div class=\"fusion-text fusion-text-1\"><h2>Regolamento interno<\/h2>\n<p><span dir=\"ltr\" role=\"presentation\">Il presente documento pu\u00f2 essere co<\/span><span dir=\"ltr\" role=\"presentation\">nsultato su supporto cartaceo presso <\/span><span dir=\"ltr\" role=\"presentation\">l\u2019ingresso <\/span><span dir=\"ltr\" role=\"presentation\">dei <\/span><span dir=\"ltr\" role=\"presentation\">Centri.<br \/>\n<\/span><span dir=\"ltr\" role=\"presentation\">E&#8217;<\/span><span dir=\"ltr\" role=\"presentation\"> inoltre possibile <\/span><span dir=\"ltr\" role=\"presentation\">prendere <\/span><span dir=\"ltr\" role=\"presentation\">visione e scaricare <\/span><span dir=\"ltr\" role=\"presentation\">sintesi <\/span><span dir=\"ltr\" role=\"presentation\">del <\/span><span dir=\"ltr\" role=\"presentation\">documento <\/span><span dir=\"ltr\" role=\"presentation\">al seguente link:<\/span> <a href=\"https:\/\/www.anffasms.it\/wp-content\/uploads\/2023\/06\/AnffasMS-Regolamento-interno-Rev.14.pdf\" target=\"_blank\" rel=\"noopener\"><strong>Regolamento interno.pdf<\/strong><\/a><\/p>\n<\/div><div class=\"fusion-clearfix\"><\/div><\/div><\/div><\/div><\/div><div class=\"fusion-fullwidth fullwidth-box fusion-builder-row-2 fusion-flex-container nonhundred-percent-fullwidth non-hundred-percent-height-scrolling\" style=\"--awb-border-radius-top-left:0px;--awb-border-radius-top-right:0px;--awb-border-radius-bottom-right:0px;--awb-border-radius-bottom-left:0px;--awb-flex-wrap:wrap;\" ><div class=\"fusion-builder-row fusion-row fusion-flex-align-items-flex-start fusion-flex-content-wrap\" style=\"max-width:1331.2px;margin-left: calc(-4% \/ 2 );margin-right: calc(-4% \/ 2 );\"><div class=\"fusion-layout-column fusion_builder_column fusion-builder-column-2 fusion_builder_column_1_1 1_1 fusion-flex-column\" style=\"--awb-bg-size:cover;--awb-width-large:100%;--awb-margin-top-large:0px;--awb-spacing-right-large:1.92%;--awb-margin-bottom-large:20px;--awb-spacing-left-large:1.92%;--awb-width-medium:100%;--awb-order-medium:0;--awb-spacing-right-medium:1.92%;--awb-spacing-left-medium:1.92%;--awb-width-small:100%;--awb-order-small:0;--awb-spacing-right-small:1.92%;--awb-spacing-left-small:1.92%;\"><div class=\"fusion-column-wrapper fusion-column-has-shadow fusion-flex-justify-content-flex-start fusion-content-layout-column\"><div class=\"fusion-text fusion-text-2\"><p>Il regolamento interno pone le norme essenziali per il corretto, efficace ed efficiente funzionamento dei seguenti servizi:<\/p>\n<ul>\n<li>\u00a0Centro di riabilitazione residenziale a ciclo diurno, ambulatoriale e domiciliare \u201cPian del Castellaro\u201d, via Castellaro 1 a Carrara<\/li>\n<li>Centro di riabilitazione residenziale a ciclo diurno \u201cIl Calicanto\u201d di via Monteverde 49 bis a Carrara<\/li>\n<li>Centro di riabilitazione residenziale a ciclo diurno \u201cIl Casolare\u201d di via Monteverde 49 a Carrara<\/li>\n<li>Centro diurno di salute mentale \u201cOdisseo\u201d di via Simon Musico 8 a Massa<\/li>\n<li>Centro diurno di salute mentale \u201cRaffaello\u201d di via Cisa 63 a Licciana Nardi<\/li>\n<li>RSD Monteverde di via Monteverde 49Q a Carrara<\/li>\n<li>RSD Castellaro, di via Castellaro 1 a Carrara<\/li>\n<\/ul>\n<p>I Centri di riabilitazione \u201cPian del Castellaro\u201d, \u201cCalicanto\u201d e \u201cCasolare\u201d sono presidi di cura e riabilitazione extraospedaliera che erogano prestazioni a ciclo diurno in regime residenziale, ambulatoriale e domiciliare che provvedono al recupero funzionale e sociale dei soggetti portatori di disabilit\u00e0 fisiche, psichiche sensoriali o miste dipendenti da qualunque causa.<\/p>\n<p>I centri sono specializzati in progetti riabilitativi multidisciplinari che consentono agli utenti, con diverse capacit\u00e0 di apprendimento, di migliorare le<br \/>\ncapacit\u00e0 relazionali, la propria autonomia personale, il comportamento, le abilit\u00e0 manuali, le capacit\u00e0 attentive, l\u2019autostima, etc.<\/p>\n<p>I centri diurni di salute mentale \u201cOdisseo\u201d e \u201cRaffaello\u201d forniscono risposte terapeutico-riabilitative ad adolescenti ed adulti affetti da disturbi<br \/>\npsicopatologici comprese le problematiche legate ai disturbi dello spettro<br \/>\nautistico.<\/p>\n<p>Le Residenze Sanitario Assistenziali per Disabili (RSD) \u201cMonteverde\u201d e \u201cCastellaro\u201d assicurano interventi di riabilitazione estensiva con la caratteristica di attivit\u00e0 ad alta integrazione socio-sanitaria, rivolti ad utenti con disabilit\u00e0 stabilizzata, prevalentemente neuropsichica, non autosufficienti o parzialmente autosufficienti.<\/p>\n<h3><strong>Per informazioni su:<\/strong><\/h3>\n<h4>Modalit\u00e0 operative generali<\/h4>\n<ul>\n<li>Criteri e procedura di accesso ai servizi<\/li>\n<li>Documentazione richiesta per la presa in carico<\/li>\n<li>Criteri e procedure di accesso e di dimissione<\/li>\n<li>Partecipazione dell\u2019utente al costo del servizio<\/li>\n<\/ul>\n<h4>Organizzazione interna<\/h4>\n<ul>\n<li>Orario e calendario dei centri diurni<\/li>\n<li>Descrizione contenuti dei centri diurni di riabilitazione<\/li>\n<li>Descrizione contenuti dei centri diurni di salute mentale<\/li>\n<li>Descrizione contenuti delle RSD<\/li>\n<li>Il progetto riabilitativo<\/li>\n<li>Meccanismi di tutela, URP<\/li>\n<li>Somministrazione dei pasti<\/li>\n<li>Attivit\u00e0 integrative<\/li>\n<li>Assenze<\/li>\n<\/ul>\n<h4>Personale<br \/>\nRegole generali<\/h4>\n<p><strong>Consulta il <a href=\"https:\/\/www.anffasms.it\/wp-content\/uploads\/2021\/10\/Regolamento-interno-Rev-13.pdf\" target=\"_blank\" rel=\"noopener\">Regolamento Interno<\/a><br \/>\n<\/strong><\/p>\n<\/div><\/div><\/div><\/div><\/div><\/p>\n","protected":false},"excerpt":{"rendered":"","protected":false},"author":1,"featured_media":0,"parent":0,"menu_order":0,"comment_status":"closed","ping_status":"closed","template":"","meta":{"_acf_changed":false,"footnotes":""},"class_list":["post-4089","page","type-page","status-publish","hentry"],"acf":[],"yoast_head":"<!-- This site is optimized with the Yoast SEO plugin v27.4 - https:\/\/yoast.com\/product\/yoast-seo-wordpress\/ -->\n<title>Regolamento Interno - Anffas Onlus - Massa Carrara<\/title>\n<meta name=\"robots\" content=\"index, follow, max-snippet:-1, max-image-preview:large, max-video-preview:-1\" \/>\n<link rel=\"canonical\" href=\"https:\/\/www.anffasms.it\/?page_id=4089\" \/>\n<meta property=\"og:locale\" content=\"it_IT\" \/>\n<meta property=\"og:type\" content=\"article\" \/>\n<meta property=\"og:title\" content=\"Regolamento Interno - Anffas Onlus - Massa Carrara\" \/>\n<meta property=\"og:url\" content=\"https:\/\/www.anffasms.it\/?page_id=4089\" \/>\n<meta property=\"og:site_name\" content=\"Anffas Onlus - Massa Carrara\" \/>\n<meta property=\"article:publisher\" content=\"https:\/\/www.facebook.com\/anffasms\/\" \/>\n<meta property=\"article:modified_time\" content=\"2023-06-06T21:07:44+00:00\" \/>\n<meta name=\"twitter:card\" content=\"summary_large_image\" \/>\n<meta name=\"twitter:label1\" content=\"Tempo di lettura stimato\" \/>\n\t<meta name=\"twitter:data1\" content=\"5 minuti\" \/>\n<script type=\"application\/ld+json\" class=\"yoast-schema-graph\">{\"@context\":\"https:\\\/\\\/schema.org\",\"@graph\":[{\"@type\":\"WebPage\",\"@id\":\"https:\\\/\\\/www.anffasms.it\\\/?page_id=4089\",\"url\":\"https:\\\/\\\/www.anffasms.it\\\/?page_id=4089\",\"name\":\"Regolamento Interno - Anffas Onlus - Massa Carrara\",\"isPartOf\":{\"@id\":\"https:\\\/\\\/www.anffasms.it\\\/#website\"},\"datePublished\":\"2019-05-30T10:10:27+00:00\",\"dateModified\":\"2023-06-06T21:07:44+00:00\",\"breadcrumb\":{\"@id\":\"https:\\\/\\\/www.anffasms.it\\\/?page_id=4089#breadcrumb\"},\"inLanguage\":\"it-IT\",\"potentialAction\":[{\"@type\":\"ReadAction\",\"target\":[\"https:\\\/\\\/www.anffasms.it\\\/?page_id=4089\"]}]},{\"@type\":\"BreadcrumbList\",\"@id\":\"https:\\\/\\\/www.anffasms.it\\\/?page_id=4089#breadcrumb\",\"itemListElement\":[{\"@type\":\"ListItem\",\"position\":1,\"name\":\"Home\",\"item\":\"https:\\\/\\\/www.anffasms.it\\\/\"},{\"@type\":\"ListItem\",\"position\":2,\"name\":\"Regolamento Interno\"}]},{\"@type\":\"WebSite\",\"@id\":\"https:\\\/\\\/www.anffasms.it\\\/#website\",\"url\":\"https:\\\/\\\/www.anffasms.it\\\/\",\"name\":\"Anffas Onlus - Massa Carrara\",\"description\":\"\",\"publisher\":{\"@id\":\"https:\\\/\\\/www.anffasms.it\\\/#organization\"},\"potentialAction\":[{\"@type\":\"SearchAction\",\"target\":{\"@type\":\"EntryPoint\",\"urlTemplate\":\"https:\\\/\\\/www.anffasms.it\\\/?s={search_term_string}\"},\"query-input\":{\"@type\":\"PropertyValueSpecification\",\"valueRequired\":true,\"valueName\":\"search_term_string\"}}],\"inLanguage\":\"it-IT\"},{\"@type\":\"Organization\",\"@id\":\"https:\\\/\\\/www.anffasms.it\\\/#organization\",\"name\":\"Anffas Massa Carrara Onlus\",\"url\":\"https:\\\/\\\/www.anffasms.it\\\/\",\"logo\":{\"@type\":\"ImageObject\",\"inLanguage\":\"it-IT\",\"@id\":\"https:\\\/\\\/www.anffasms.it\\\/#\\\/schema\\\/logo\\\/image\\\/\",\"url\":\"https:\\\/\\\/www.anffasms.it\\\/wp-content\\\/uploads\\\/2018\\\/07\\\/logo_anffas_onlus_massa_carrara.png\",\"contentUrl\":\"https:\\\/\\\/www.anffasms.it\\\/wp-content\\\/uploads\\\/2018\\\/07\\\/logo_anffas_onlus_massa_carrara.png\",\"width\":274,\"height\":108,\"caption\":\"Anffas Massa Carrara Onlus\"},\"image\":{\"@id\":\"https:\\\/\\\/www.anffasms.it\\\/#\\\/schema\\\/logo\\\/image\\\/\"},\"sameAs\":[\"https:\\\/\\\/www.facebook.com\\\/anffasms\\\/\"]}]}<\/script>\n<!-- \/ Yoast SEO plugin. -->","yoast_head_json":{"title":"Regolamento Interno - Anffas Onlus - Massa Carrara","robots":{"index":"index","follow":"follow","max-snippet":"max-snippet:-1","max-image-preview":"max-image-preview:large","max-video-preview":"max-video-preview:-1"},"canonical":"https:\/\/www.anffasms.it\/?page_id=4089","og_locale":"it_IT","og_type":"article","og_title":"Regolamento Interno - Anffas Onlus - Massa Carrara","og_url":"https:\/\/www.anffasms.it\/?page_id=4089","og_site_name":"Anffas Onlus - Massa Carrara","article_publisher":"https:\/\/www.facebook.com\/anffasms\/","article_modified_time":"2023-06-06T21:07:44+00:00","twitter_card":"summary_large_image","twitter_misc":{"Tempo di lettura stimato":"5 minuti"},"schema":{"@context":"https:\/\/schema.org","@graph":[{"@type":"WebPage","@id":"https:\/\/www.anffasms.it\/?page_id=4089","url":"https:\/\/www.anffasms.it\/?page_id=4089","name":"Regolamento Interno - Anffas Onlus - Massa Carrara","isPartOf":{"@id":"https:\/\/www.anffasms.it\/#website"},"datePublished":"2019-05-30T10:10:27+00:00","dateModified":"2023-06-06T21:07:44+00:00","breadcrumb":{"@id":"https:\/\/www.anffasms.it\/?page_id=4089#breadcrumb"},"inLanguage":"it-IT","potentialAction":[{"@type":"ReadAction","target":["https:\/\/www.anffasms.it\/?page_id=4089"]}]},{"@type":"BreadcrumbList","@id":"https:\/\/www.anffasms.it\/?page_id=4089#breadcrumb","itemListElement":[{"@type":"ListItem","position":1,"name":"Home","item":"https:\/\/www.anffasms.it\/"},{"@type":"ListItem","position":2,"name":"Regolamento Interno"}]},{"@type":"WebSite","@id":"https:\/\/www.anffasms.it\/#website","url":"https:\/\/www.anffasms.it\/","name":"Anffas Onlus - Massa Carrara","description":"","publisher":{"@id":"https:\/\/www.anffasms.it\/#organization"},"potentialAction":[{"@type":"SearchAction","target":{"@type":"EntryPoint","urlTemplate":"https:\/\/www.anffasms.it\/?s={search_term_string}"},"query-input":{"@type":"PropertyValueSpecification","valueRequired":true,"valueName":"search_term_string"}}],"inLanguage":"it-IT"},{"@type":"Organization","@id":"https:\/\/www.anffasms.it\/#organization","name":"Anffas Massa Carrara Onlus","url":"https:\/\/www.anffasms.it\/","logo":{"@type":"ImageObject","inLanguage":"it-IT","@id":"https:\/\/www.anffasms.it\/#\/schema\/logo\/image\/","url":"https:\/\/www.anffasms.it\/wp-content\/uploads\/2018\/07\/logo_anffas_onlus_massa_carrara.png","contentUrl":"https:\/\/www.anffasms.it\/wp-content\/uploads\/2018\/07\/logo_anffas_onlus_massa_carrara.png","width":274,"height":108,"caption":"Anffas Massa Carrara Onlus"},"image":{"@id":"https:\/\/www.anffasms.it\/#\/schema\/logo\/image\/"},"sameAs":["https:\/\/www.facebook.com\/anffasms\/"]}]}},"_links":{"self":[{"href":"https:\/\/www.anffasms.it\/index.php?rest_route=\/wp\/v2\/pages\/4089","targetHints":{"allow":["GET"]}}],"collection":[{"href":"https:\/\/www.anffasms.it\/index.php?rest_route=\/wp\/v2\/pages"}],"about":[{"href":"https:\/\/www.anffasms.it\/index.php?rest_route=\/wp\/v2\/types\/page"}],"author":[{"embeddable":true,"href":"https:\/\/www.anffasms.it\/index.php?rest_route=\/wp\/v2\/users\/1"}],"replies":[{"embeddable":true,"href":"https:\/\/www.anffasms.it\/index.php?rest_route=%2Fwp%2Fv2%2Fcomments&post=4089"}],"version-history":[{"count":17,"href":"https:\/\/www.anffasms.it\/index.php?rest_route=\/wp\/v2\/pages\/4089\/revisions"}],"predecessor-version":[{"id":5006,"href":"https:\/\/www.anffasms.it\/index.php?rest_route=\/wp\/v2\/pages\/4089\/revisions\/5006"}],"wp:attachment":[{"href":"https:\/\/www.anffasms.it\/index.php?rest_route=%2Fwp%2Fv2%2Fmedia&parent=4089"}],"curies":[{"name":"wp","href":"https:\/\/api.w.org\/{rel}","templated":true}]}}