{"id":4104,"date":"2019-05-30T12:39:46","date_gmt":"2019-05-30T10:39:46","guid":{"rendered":"https:\/\/www.anffasms.it\/?page_id=4104"},"modified":"2020-11-18T13:10:04","modified_gmt":"2020-11-18T12:10:04","slug":"residenze-socio-sanitarie-per-disabili","status":"publish","type":"page","link":"https:\/\/www.anffasms.it\/?page_id=4104","title":{"rendered":"Residenze Sanitarie Assistenziali per Disabili"},"content":{"rendered":"<p><div class=\"fusion-fullwidth fullwidth-box fusion-builder-row-1 nonhundred-percent-fullwidth non-hundred-percent-height-scrolling\" style=\"--awb-border-radius-top-left:0px;--awb-border-radius-top-right:0px;--awb-border-radius-bottom-right:0px;--awb-border-radius-bottom-left:0px;--awb-flex-wrap:wrap;\" ><div class=\"fusion-builder-row fusion-row\"><div class=\"fusion-layout-column fusion_builder_column fusion-builder-column-0 fusion_builder_column_1_1 1_1 fusion-one-full fusion-column-first fusion-column-last\" style=\"--awb-bg-size:cover;\"><div class=\"fusion-column-wrapper fusion-column-has-shadow fusion-flex-column-wrapper-legacy\"><div class=\"fusion-text fusion-text-1\"><h1>Residenze Sanitarie Assistenziali per Disabili<\/h1>\n<\/div><div class=\"fusion-clearfix\"><\/div><\/div><\/div><\/div><\/div><div class=\"fusion-fullwidth fullwidth-box fusion-builder-row-2 nonhundred-percent-fullwidth non-hundred-percent-height-scrolling\" style=\"--awb-border-radius-top-left:0px;--awb-border-radius-top-right:0px;--awb-border-radius-bottom-right:0px;--awb-border-radius-bottom-left:0px;--awb-flex-wrap:wrap;\" ><div class=\"fusion-builder-row fusion-row\"><div class=\"fusion-layout-column fusion_builder_column fusion-builder-column-1 fusion_builder_column_2_3 2_3 fusion-two-third fusion-column-first\" style=\"--awb-bg-size:cover;--awb-margin-bottom:0px;width:65.3333%; margin-right: 4%;\"><div class=\"fusion-column-wrapper fusion-flex-column-wrapper-legacy\"><div class=\"fusion-text fusion-text-2\"><p>Le Residenze Sanitarie Assistenziali per Disabili a Carrara Monteverde e Pian del Castellaro assicurano interventi di riabilitazione estensiva con la caratteristica di attivit\u00e0 ad alta integrazione socio-sanitaria, rivolti ad utenti con disabilit\u00e0 stabilizzata, prevalentemente neuropsichica, non autosufficienti o parzialmente autosufficienti.<\/p>\n<p>Alla persona con disabilit\u00e0 che accede a questo servizio \u00e8 garantita, oltre al proseguimento del proprio Progetto di Vita, una presa in carico socio-sanitaria che il nucleo familiare d\u2019origine \u00e8 impossibilitato a svolgere.<br \/>\nLa presa in carico dell\u2019utente presso le Residenze Sanitarie Assistenziali per Disabili prevede varie prospettive di intervento, rivolte alla persona e ai suoi bisogni, che possono essere cos\u00ec formulate<\/p>\n<ul>\n<li>Interventi mirati a tutelare lo stato di salute del singolo utente attraverso una gamma di risposte diversificate (terapia farmacologica, fisioterapica, specialistica&#8230;), in collaborazione con i Servizi territoriali competenti.<\/li>\n<li>Interventi rivolti a migliorare la Qualit\u00e0 di Vita della persona attraverso spazi strutturati che favoriscano:\n<ul>\n<li>La partecipazione individualizzata alla vita di struttura (igiene, alimentazione, abbigliamento, spostarsi in ambienti conosciuti e non, gestione dei propri spazi vitali) per una crescita dell\u2019autonomia personale.<\/li>\n<li>Nell&#8217;organizzazione della giornata e delle attivit\u00e0 si tiene conto delle esigenze e dei ritmi di vita degli utenti compatibilmente con i propri programmi assistenziali individuali<\/li>\n<li>E\u2019 facilitata e promossa la personalizzazione degli ambienti di vita degli utenti<\/li>\n<li>L\u2019adesione alle opportunit\u00e0 offerte dal contesto sociale (gruppo amicale, famiglia di appartenenza, quartiere, citt\u00e0&#8230;) con finalit\u00e0 oltre che di tempo libero anche di arricchimento dei rapporti interpersonali per mantenere vivi quei legami relazionali che danno significato alla persona.<\/li>\n<li>La collaborazione con i Servizi territoriali competenti per l\u2019avvio di progetti socioterapeutici e lavorativi rivolti ad utenti il cui percorso evolutivo punta sull&#8217;autonomia sociale.<\/li>\n<li>E\u2019 favorita la partecipazione dell\u2019utente alle sue consuete pratiche religiose<\/li>\n<\/ul>\n<\/li>\n<\/ul>\n<h3>Accesso al servizio<\/h3>\n<p>L\u2019inserimento in <abbr title=\"Residenza Sanitaria Assistenziale per Disabili\">RSD<\/abbr> pu\u00f2 avvenire con le seguenti modalit\u00e0:<\/p>\n<ul>\n<li>su richiesta dei servizi del territorio<\/li>\n<li>su richiesta della famiglia dell\u2019utente<\/li>\n<li>per trasferimento da altra struttura<\/li>\n<\/ul>\n<p>In caso di non disponibilit\u00e0 recettiva, lo specialista <abbr title=\"Associazione di famiglie e persone con disabilit\u00e0 intellettiva e disturbi del neurosviluppo \">Anffas<\/abbr> provvede alla compilazione della scheda di inserimento in lista di attesa.<br \/>\nAi fini dell\u2019accesso \u00e8 elaborato, da parte delle strutture organizzative territoriali dell\u2019azienda <abbr title=\"Unit\u00e0 Sanitaria Locale\">U.S.L.<\/abbr> di residenza dell\u2019utente, un progetto individuale che definisce i bisogni compresi quelli di assistenza protesica, e gli obiettivi sanitari riabilitativi e socio assistenziali della persona, nonch\u00e9 la durata presunta dell\u2019intervento.<\/p>\n<p>Il piano di trattamento e il suo eventuale aggiornamento \u00e8 concordato tra l\u2019azienda U.S.L. e la RSD su proposta di quest\u2019ultima.<br \/>\nL\u2019accesso alla struttura \u00e8 subordinato al rilascio dell\u2019autorizzazione da parte degli enti competenti ai quali fa carico la quota parte di retta di propria spettanza ed alla presentazione dei documenti richiesti elencati nella sezione \u201cAccesso ai servizi\u201d. I rapporti tra struttura ed ospite saranno regolati, oltre che dalle normative vigenti, da apposito contratto che sar\u00e0 sottoscritto tra chi rappresenta legalmente la struttura e la persona con disabilit\u00e0 o chi la rappresenta legalmente.<\/p>\n<h3>Tariffe<\/h3>\n<p>L\u2019utente, in base alle normative nazionali e regionali, ed ai regolamenti degli enti invianti, potr\u00e0 essere chiamato a contribuire in misura che sar\u00e0 determinata dall\u2019ente inviante.<\/p>\n<\/div><div class=\"fusion-clearfix\"><\/div><\/div><\/div><div class=\"fusion-layout-column fusion_builder_column fusion-builder-column-2 fusion_builder_column_1_3 1_3 fusion-one-third fusion-column-last\" style=\"--awb-bg-size:cover;width:30.6666%;\"><div class=\"fusion-column-wrapper fusion-column-has-shadow fusion-flex-column-wrapper-legacy\"><style type=\"text\/css\">.fusion-portfolio-wrapper#fusion-portfolio-1 .fusion-portfolio-content{  text-align: left; }<\/style><div class=\"fusion-recent-works fusion-portfolio-element fusion-portfolio fusion-portfolio-1 fusion-portfolio-grid fusion-portfolio-paging-pagination fusion-portfolio-one fusion-portfolio-unboxed fusion-portfolio-text fusion-portfolio-rollover\" data-id=\"-rw-1\" data-columns=\"one\"><style type=\"text\/css\">.fusion-portfolio-1 .fusion-portfolio-wrapper .fusion-col-spacing{padding:6px;}<\/style><div class=\"fusion-portfolio-wrapper\" id=\"fusion-portfolio-1\" data-picturesize=\"auto\" data-pages=\"1\" style=\"margin:-6px;\"><article id=\"portfolio-1-post-3955\" class=\"fusion-portfolio-post residenze-socio-sanitarie-per-disabili strutture fusion-col-spacing post-3955\"><div class=\"fusion-portfolio-content-wrapper\" style=\"border:none;\"><span class=\"vcard rich-snippet-hidden\"><span class=\"fn\"><a href=\"https:\/\/www.anffasms.it\/?author=1\" title=\"Articoli scritti da Confinigrafici\" rel=\"author\">Confinigrafici<\/a><\/span><\/span><span class=\"updated rich-snippet-hidden\">2020-11-18T13:24:43+01:00<\/span><div  class=\"fusion-image-wrapper\" aria-haspopup=\"true\">\n\t\t\t\t<img decoding=\"async\" width=\"841\" height=\"450\" src=\"https:\/\/www.anffasms.it\/wp-content\/uploads\/2019\/05\/RSD_Pian_del_castellaro_anffas_ms.jpg\" class=\"attachment-full size-full wp-post-image\" alt=\"\" srcset=\"https:\/\/www.anffasms.it\/wp-content\/uploads\/2019\/05\/RSD_Pian_del_castellaro_anffas_ms-200x107.jpg 200w, https:\/\/www.anffasms.it\/wp-content\/uploads\/2019\/05\/RSD_Pian_del_castellaro_anffas_ms-400x214.jpg 400w, https:\/\/www.anffasms.it\/wp-content\/uploads\/2019\/05\/RSD_Pian_del_castellaro_anffas_ms-600x321.jpg 600w, https:\/\/www.anffasms.it\/wp-content\/uploads\/2019\/05\/RSD_Pian_del_castellaro_anffas_ms-800x428.jpg 800w, https:\/\/www.anffasms.it\/wp-content\/uploads\/2019\/05\/RSD_Pian_del_castellaro_anffas_ms.jpg 841w\" sizes=\"(min-width: 2200px) 100vw, (min-width: 640px) 1280px, \" \/><div class=\"fusion-rollover\">\n\t<div class=\"fusion-rollover-content\">\n\n\t\t\t\t\t\t\t\t\t\t\t\t\t\t<a class=\"fusion-rollover-link\" href=\"https:\/\/www.anffasms.it\/?avada_portfolio=rsd-pian-del-castellaro&portfolioCats=35\">RSD Castellaro<\/a>\n\t\t\t\n\t\t\t\t\t\t\t\t\n\t\t\n\t\t\t\t\t\t\t\t\n\t\t\t\t\t\t\t\t\n\t\t\n\t\t\t\t\t\t<a class=\"fusion-link-wrapper\" href=\"https:\/\/www.anffasms.it\/?avada_portfolio=rsd-pian-del-castellaro&portfolioCats=35\" aria-label=\"RSD Castellaro\"><\/a>\n\t<\/div>\n<\/div>\n<\/div>\n<div class=\"fusion-portfolio-content\"><h2 class=\"entry-title fusion-post-title\"><a href=\"https:\/\/www.anffasms.it\/?avada_portfolio=rsd-pian-del-castellaro&portfolioCats=35\">RSD Castellaro<\/a><\/h2><div class=\"fusion-post-content\"><p> RSD\u00a0Castellaro, Residenza Sanitaria per Disabili      [...]<\/p><div class=\"fusion-portfolio-buttons\"><a href=\"https:\/\/www.anffasms.it\/?avada_portfolio=rsd-pian-del-castellaro&portfolioCats=35\" class=\"fusion-button fusion-button-default fusion-button-default-size fusion-button-flat\">Per saperne di pi\u00f9<\/a><\/div><\/div><\/div><\/div><div class=\"fusion-clearfix\"><\/div><div class=\"fusion-separator sep-double\"><\/div><\/article><article id=\"portfolio-1-post-3952\" class=\"fusion-portfolio-post residenze-socio-sanitarie-per-disabili strutture fusion-col-spacing post-3952\"><div class=\"fusion-portfolio-content-wrapper\" style=\"border:none;\"><span class=\"vcard rich-snippet-hidden\"><span class=\"fn\"><a href=\"https:\/\/www.anffasms.it\/?author=1\" title=\"Articoli scritti da Confinigrafici\" rel=\"author\">Confinigrafici<\/a><\/span><\/span><span class=\"updated rich-snippet-hidden\">2020-11-18T13:35:29+01:00<\/span><div  class=\"fusion-image-wrapper\" aria-haspopup=\"true\">\n\t\t\t\t<img decoding=\"async\" width=\"654\" height=\"350\" src=\"https:\/\/www.anffasms.it\/wp-content\/uploads\/2019\/05\/RSD_Monteverde_Anffas_Onlus_Massa_Carrara.jpg\" class=\"attachment-full size-full wp-post-image\" alt=\"\" srcset=\"https:\/\/www.anffasms.it\/wp-content\/uploads\/2019\/05\/RSD_Monteverde_Anffas_Onlus_Massa_Carrara-200x107.jpg 200w, https:\/\/www.anffasms.it\/wp-content\/uploads\/2019\/05\/RSD_Monteverde_Anffas_Onlus_Massa_Carrara-400x214.jpg 400w, https:\/\/www.anffasms.it\/wp-content\/uploads\/2019\/05\/RSD_Monteverde_Anffas_Onlus_Massa_Carrara-600x321.jpg 600w, https:\/\/www.anffasms.it\/wp-content\/uploads\/2019\/05\/RSD_Monteverde_Anffas_Onlus_Massa_Carrara.jpg 654w\" sizes=\"(min-width: 2200px) 100vw, (min-width: 640px) 1280px, \" \/><div class=\"fusion-rollover\">\n\t<div class=\"fusion-rollover-content\">\n\n\t\t\t\t\t\t\t\t\t\t\t\t\t\t<a class=\"fusion-rollover-link\" href=\"https:\/\/www.anffasms.it\/?avada_portfolio=rsd-monteverde&portfolioCats=35\">Residenza Sanitaria per Disabili Monteverde<\/a>\n\t\t\t\n\t\t\t\t\t\t\t\t\n\t\t\n\t\t\t\t\t\t\t\t\n\t\t\t\t\t\t\t\t\n\t\t\n\t\t\t\t\t\t<a class=\"fusion-link-wrapper\" href=\"https:\/\/www.anffasms.it\/?avada_portfolio=rsd-monteverde&portfolioCats=35\" aria-label=\"Residenza Sanitaria per Disabili Monteverde\"><\/a>\n\t<\/div>\n<\/div>\n<\/div>\n<div class=\"fusion-portfolio-content\"><h2 class=\"entry-title fusion-post-title\"><a href=\"https:\/\/www.anffasms.it\/?avada_portfolio=rsd-monteverde&portfolioCats=35\">Residenza Sanitaria per Disabili Monteverde<\/a><\/h2><div class=\"fusion-post-content\"><p> Residenza Sanitaria per Disabili Monteverde      [...]<\/p><div class=\"fusion-portfolio-buttons\"><a href=\"https:\/\/www.anffasms.it\/?avada_portfolio=rsd-monteverde&portfolioCats=35\" class=\"fusion-button fusion-button-default fusion-button-default-size fusion-button-flat\">Per saperne di pi\u00f9<\/a><\/div><\/div><\/div><\/div><div class=\"fusion-clearfix\"><\/div><div class=\"fusion-separator sep-double\"><\/div><\/article><\/div><\/div><div class=\"fusion-text fusion-text-3\"><h3>Accesso ai servizi<\/h3>\n<p>Scopri come si accede ai servizi e la documentazione necessaria<\/p>\n<p>Consulta la sezione: <a href=\"https:\/\/www.anffasms.it\/?page_id=6225\">Accesso ai servizi<\/a><\/p>\n<\/div><div class=\"fusion-clearfix\"><\/div><\/div><\/div><\/div><\/div><\/p>\n","protected":false},"excerpt":{"rendered":"","protected":false},"author":1,"featured_media":0,"parent":0,"menu_order":0,"comment_status":"closed","ping_status":"closed","template":"","meta":{"_acf_changed":false,"footnotes":""},"class_list":["post-4104","page","type-page","status-publish","hentry"],"acf":[],"yoast_head":"<!-- This site is optimized with the Yoast SEO plugin v27.4 - https:\/\/yoast.com\/product\/yoast-seo-wordpress\/ -->\n<title>Residenze Sanitarie Assistenziali per Disabili - Anffas Massa Carrara<\/title>\n<meta name=\"description\" content=\"Le Residenze Sanitarie Assistenziali per Disabili assicurano la riabilitazione per utenti non autosufficienti o parzialmente autosufficienti\" \/>\n<meta name=\"robots\" content=\"index, follow, max-snippet:-1, max-image-preview:large, max-video-preview:-1\" \/>\n<link rel=\"canonical\" href=\"https:\/\/www.anffasms.it\/?page_id=4104\" \/>\n<meta property=\"og:locale\" content=\"it_IT\" \/>\n<meta property=\"og:type\" content=\"article\" \/>\n<meta property=\"og:title\" content=\"Residenze Sanitarie Assistenziali per Disabili - Anffas Massa Carrara\" \/>\n<meta property=\"og:description\" content=\"Le Residenze Sanitarie Assistenziali per Disabili assicurano la riabilitazione per utenti non autosufficienti o parzialmente autosufficienti\" \/>\n<meta property=\"og:url\" content=\"https:\/\/www.anffasms.it\/?page_id=4104\" \/>\n<meta property=\"og:site_name\" content=\"Anffas Onlus - Massa Carrara\" \/>\n<meta property=\"article:publisher\" content=\"https:\/\/www.facebook.com\/anffasms\/\" \/>\n<meta property=\"article:modified_time\" content=\"2020-11-18T12:10:04+00:00\" \/>\n<meta name=\"twitter:card\" content=\"summary_large_image\" \/>\n<meta name=\"twitter:label1\" content=\"Tempo di lettura stimato\" \/>\n\t<meta name=\"twitter:data1\" content=\"7 minuti\" \/>\n<script type=\"application\/ld+json\" class=\"yoast-schema-graph\">{\"@context\":\"https:\\\/\\\/schema.org\",\"@graph\":[{\"@type\":\"WebPage\",\"@id\":\"https:\\\/\\\/www.anffasms.it\\\/?page_id=4104\",\"url\":\"https:\\\/\\\/www.anffasms.it\\\/?page_id=4104\",\"name\":\"Residenze Sanitarie Assistenziali per Disabili - Anffas Massa Carrara\",\"isPartOf\":{\"@id\":\"https:\\\/\\\/www.anffasms.it\\\/#website\"},\"datePublished\":\"2019-05-30T10:39:46+00:00\",\"dateModified\":\"2020-11-18T12:10:04+00:00\",\"description\":\"Le Residenze Sanitarie Assistenziali per Disabili assicurano la riabilitazione per utenti non autosufficienti o parzialmente autosufficienti\",\"breadcrumb\":{\"@id\":\"https:\\\/\\\/www.anffasms.it\\\/?page_id=4104#breadcrumb\"},\"inLanguage\":\"it-IT\",\"potentialAction\":[{\"@type\":\"ReadAction\",\"target\":[\"https:\\\/\\\/www.anffasms.it\\\/?page_id=4104\"]}]},{\"@type\":\"BreadcrumbList\",\"@id\":\"https:\\\/\\\/www.anffasms.it\\\/?page_id=4104#breadcrumb\",\"itemListElement\":[{\"@type\":\"ListItem\",\"position\":1,\"name\":\"Home\",\"item\":\"https:\\\/\\\/www.anffasms.it\\\/\"},{\"@type\":\"ListItem\",\"position\":2,\"name\":\"Residenze Sanitarie Assistenziali per Disabili\"}]},{\"@type\":\"WebSite\",\"@id\":\"https:\\\/\\\/www.anffasms.it\\\/#website\",\"url\":\"https:\\\/\\\/www.anffasms.it\\\/\",\"name\":\"Anffas Onlus - Massa Carrara\",\"description\":\"\",\"publisher\":{\"@id\":\"https:\\\/\\\/www.anffasms.it\\\/#organization\"},\"potentialAction\":[{\"@type\":\"SearchAction\",\"target\":{\"@type\":\"EntryPoint\",\"urlTemplate\":\"https:\\\/\\\/www.anffasms.it\\\/?s={search_term_string}\"},\"query-input\":{\"@type\":\"PropertyValueSpecification\",\"valueRequired\":true,\"valueName\":\"search_term_string\"}}],\"inLanguage\":\"it-IT\"},{\"@type\":\"Organization\",\"@id\":\"https:\\\/\\\/www.anffasms.it\\\/#organization\",\"name\":\"Anffas Massa Carrara Onlus\",\"url\":\"https:\\\/\\\/www.anffasms.it\\\/\",\"logo\":{\"@type\":\"ImageObject\",\"inLanguage\":\"it-IT\",\"@id\":\"https:\\\/\\\/www.anffasms.it\\\/#\\\/schema\\\/logo\\\/image\\\/\",\"url\":\"https:\\\/\\\/www.anffasms.it\\\/wp-content\\\/uploads\\\/2018\\\/07\\\/logo_anffas_onlus_massa_carrara.png\",\"contentUrl\":\"https:\\\/\\\/www.anffasms.it\\\/wp-content\\\/uploads\\\/2018\\\/07\\\/logo_anffas_onlus_massa_carrara.png\",\"width\":274,\"height\":108,\"caption\":\"Anffas Massa Carrara Onlus\"},\"image\":{\"@id\":\"https:\\\/\\\/www.anffasms.it\\\/#\\\/schema\\\/logo\\\/image\\\/\"},\"sameAs\":[\"https:\\\/\\\/www.facebook.com\\\/anffasms\\\/\"]}]}<\/script>\n<!-- \/ Yoast SEO plugin. -->","yoast_head_json":{"title":"Residenze Sanitarie Assistenziali per Disabili - Anffas Massa Carrara","description":"Le Residenze Sanitarie Assistenziali per Disabili assicurano la riabilitazione per utenti non autosufficienti o parzialmente autosufficienti","robots":{"index":"index","follow":"follow","max-snippet":"max-snippet:-1","max-image-preview":"max-image-preview:large","max-video-preview":"max-video-preview:-1"},"canonical":"https:\/\/www.anffasms.it\/?page_id=4104","og_locale":"it_IT","og_type":"article","og_title":"Residenze Sanitarie Assistenziali per Disabili - Anffas Massa Carrara","og_description":"Le Residenze Sanitarie Assistenziali per Disabili assicurano la riabilitazione per utenti non autosufficienti o parzialmente autosufficienti","og_url":"https:\/\/www.anffasms.it\/?page_id=4104","og_site_name":"Anffas Onlus - Massa Carrara","article_publisher":"https:\/\/www.facebook.com\/anffasms\/","article_modified_time":"2020-11-18T12:10:04+00:00","twitter_card":"summary_large_image","twitter_misc":{"Tempo di lettura stimato":"7 minuti"},"schema":{"@context":"https:\/\/schema.org","@graph":[{"@type":"WebPage","@id":"https:\/\/www.anffasms.it\/?page_id=4104","url":"https:\/\/www.anffasms.it\/?page_id=4104","name":"Residenze Sanitarie Assistenziali per Disabili - Anffas Massa Carrara","isPartOf":{"@id":"https:\/\/www.anffasms.it\/#website"},"datePublished":"2019-05-30T10:39:46+00:00","dateModified":"2020-11-18T12:10:04+00:00","description":"Le Residenze Sanitarie Assistenziali per Disabili assicurano la riabilitazione per utenti non autosufficienti o parzialmente autosufficienti","breadcrumb":{"@id":"https:\/\/www.anffasms.it\/?page_id=4104#breadcrumb"},"inLanguage":"it-IT","potentialAction":[{"@type":"ReadAction","target":["https:\/\/www.anffasms.it\/?page_id=4104"]}]},{"@type":"BreadcrumbList","@id":"https:\/\/www.anffasms.it\/?page_id=4104#breadcrumb","itemListElement":[{"@type":"ListItem","position":1,"name":"Home","item":"https:\/\/www.anffasms.it\/"},{"@type":"ListItem","position":2,"name":"Residenze Sanitarie Assistenziali per Disabili"}]},{"@type":"WebSite","@id":"https:\/\/www.anffasms.it\/#website","url":"https:\/\/www.anffasms.it\/","name":"Anffas Onlus - Massa Carrara","description":"","publisher":{"@id":"https:\/\/www.anffasms.it\/#organization"},"potentialAction":[{"@type":"SearchAction","target":{"@type":"EntryPoint","urlTemplate":"https:\/\/www.anffasms.it\/?s={search_term_string}"},"query-input":{"@type":"PropertyValueSpecification","valueRequired":true,"valueName":"search_term_string"}}],"inLanguage":"it-IT"},{"@type":"Organization","@id":"https:\/\/www.anffasms.it\/#organization","name":"Anffas Massa Carrara Onlus","url":"https:\/\/www.anffasms.it\/","logo":{"@type":"ImageObject","inLanguage":"it-IT","@id":"https:\/\/www.anffasms.it\/#\/schema\/logo\/image\/","url":"https:\/\/www.anffasms.it\/wp-content\/uploads\/2018\/07\/logo_anffas_onlus_massa_carrara.png","contentUrl":"https:\/\/www.anffasms.it\/wp-content\/uploads\/2018\/07\/logo_anffas_onlus_massa_carrara.png","width":274,"height":108,"caption":"Anffas Massa Carrara Onlus"},"image":{"@id":"https:\/\/www.anffasms.it\/#\/schema\/logo\/image\/"},"sameAs":["https:\/\/www.facebook.com\/anffasms\/"]}]}},"_links":{"self":[{"href":"https:\/\/www.anffasms.it\/index.php?rest_route=\/wp\/v2\/pages\/4104","targetHints":{"allow":["GET"]}}],"collection":[{"href":"https:\/\/www.anffasms.it\/index.php?rest_route=\/wp\/v2\/pages"}],"about":[{"href":"https:\/\/www.anffasms.it\/index.php?rest_route=\/wp\/v2\/types\/page"}],"author":[{"embeddable":true,"href":"https:\/\/www.anffasms.it\/index.php?rest_route=\/wp\/v2\/users\/1"}],"replies":[{"embeddable":true,"href":"https:\/\/www.anffasms.it\/index.php?rest_route=%2Fwp%2Fv2%2Fcomments&post=4104"}],"version-history":[{"count":25,"href":"https:\/\/www.anffasms.it\/index.php?rest_route=\/wp\/v2\/pages\/4104\/revisions"}],"predecessor-version":[{"id":6693,"href":"https:\/\/www.anffasms.it\/index.php?rest_route=\/wp\/v2\/pages\/4104\/revisions\/6693"}],"wp:attachment":[{"href":"https:\/\/www.anffasms.it\/index.php?rest_route=%2Fwp%2Fv2%2Fmedia&parent=4104"}],"curies":[{"name":"wp","href":"https:\/\/api.w.org\/{rel}","templated":true}]}}