{"id":4349,"date":"2019-06-10T13:18:31","date_gmt":"2019-06-10T11:18:31","guid":{"rendered":"https:\/\/www.anffasms.it\/?page_id=4349"},"modified":"2020-11-18T12:48:25","modified_gmt":"2020-11-18T11:48:25","slug":"centro-servizi-pian-del-castellaro","status":"publish","type":"page","link":"https:\/\/www.anffasms.it\/?page_id=4349","title":{"rendered":"Centro Integrato Servizi\u00a0Pian del Castellaro"},"content":{"rendered":"<p><div class=\"fusion-fullwidth fullwidth-box fusion-builder-row-1 nonhundred-percent-fullwidth non-hundred-percent-height-scrolling\" style=\"--awb-border-radius-top-left:0px;--awb-border-radius-top-right:0px;--awb-border-radius-bottom-right:0px;--awb-border-radius-bottom-left:0px;--awb-flex-wrap:wrap;\" ><div class=\"fusion-builder-row fusion-row\"><div class=\"fusion-layout-column fusion_builder_column fusion-builder-column-0 fusion_builder_column_1_1 1_1 fusion-one-full fusion-column-first fusion-column-last\" style=\"--awb-bg-size:cover;\"><div class=\"fusion-column-wrapper fusion-column-has-shadow fusion-flex-column-wrapper-legacy\"><div class=\"fusion-text fusion-text-1\"><h2>Scopri il Centro Integrato di Servizi Pian Del Castellaro<\/h2>\n<\/div><div class=\"fusion-clearfix\"><\/div><\/div><\/div><\/div><\/div><div class=\"fusion-fullwidth fullwidth-box fusion-builder-row-2 nonhundred-percent-fullwidth non-hundred-percent-height-scrolling\" style=\"--awb-border-radius-top-left:0px;--awb-border-radius-top-right:0px;--awb-border-radius-bottom-right:0px;--awb-border-radius-bottom-left:0px;--awb-flex-wrap:wrap;\" ><div class=\"fusion-builder-row fusion-row\"><div class=\"fusion-layout-column fusion_builder_column fusion-builder-column-1 fusion_builder_column_2_3 2_3 fusion-two-third fusion-column-first\" style=\"--awb-bg-size:cover;--awb-margin-bottom:0px;width:65.3333%; margin-right: 4%;\"><div class=\"fusion-column-wrapper fusion-flex-column-wrapper-legacy\"><div class=\"fusion-text fusion-text-2\"><p><strong>Centro diurno di riabilitazione funzionale, centro ambulatoriale di medicina fisica e riabilitazione e di riabilitazione funzionale.<\/strong><\/p>\n<p>Eroga prestazioni di riabilitazione funzionale di soggetti portatori di disabilit\u00e0 fisiche, psichiche e sensoriali a ciclo diurno e le prestazioni ambulatoriali e domiciliari di medicina fisica e riabilitativa e riabilitazione funzionale in forma individuale o a piccoli gruppi, a domicilio ed in extra-murale<\/p>\n<h3>A chi si rivolge per le attivit\u00e0 a ciclo diurno<\/h3>\n<p>Il Centro Integrato di Servizi \u00e8 un presidio di riabilitazione extraospedaliera che eroga prestazioni a ciclo diurno che provvedono al recupero funzionale e sociale dei soggetti portatori di disabilit\u00e0 fisiche, psichiche sensoriali o miste dipendenti da qualunque causa e\/o disturbi del neurosviluppo.<\/p>\n<h3>Cosa propone<\/h3>\n<p>Il <abbr title=\"Centro Integrato di Servizi\">CdR<\/abbr> offre una presa in carico globale della persona nel contesto di vita, tramite l\u2019elaborazione, l\u2019implementazione e la verifica costante del suo progetto. L\u2019utente intraprende un percorso di valutazione e orientamento che permette la formulazione del piano di trattamento individuale.<br \/>\nIl progetto riabilitativo-abilitativo suggerisce gli interventi da realizzare che sono ampiamente diversificati, in una fascia di opportunit\u00e0 che coinvolge comunque le agenzie del territorio dal momento dell\u2019inserimento a quello della dimissione (collaborazione con il <abbr title=\"Servizio Inserimento Lavorativo Disabili e Svantaggiati\">SILD<\/abbr>, i Servizi Sociali, la Scuola e altre agenzie\u2026.)<\/p>\n<h3>Tipologia di prestazioni erogate<\/h3>\n<p>Le attivit\u00e0 dove gli utenti vengono inseriti per criteri di affinit\u00e0 (vedi il progetto di vita) e di peculiarit\u00e0 (vedi i bisogni socio-relazionali individuali) perseguono l\u2019obiettivo generale del miglioramento della qualit\u00e0 di vita della persona.<br \/>\nLa scelta delle attivit\u00e0 proposte nei moduli attivi al Centro risponde alle esigenze di rendere competente la persona in tutte quelle necessit\u00e0 legate allo svolgimento di vita quotidiana: gestione domestica, lavanderia, stireria, attivit\u00e0 occupazionali,\u00a0attivit\u00e0 di stimolo del comportamento adattivo.<br \/>\nOltre ai moduli di base, sono previste opportunit\u00e0 di impegno in gruppi trasversali di attivit\u00e0 integrative quali l\u2019educazione al suono, il Laboratorio teatrale, l\u2019attivit\u00e0 motoria di rilassamento; l\u2019attivit\u00e0 motoria strutturata, il Laboratorio informatico e di Cinema-audio-video, il Laboratorio espressivo, il Laboratorio domestico; le attivit\u00e0 in montagna e le uscite sul territorio.<\/p>\n<h3>Come opera<\/h3>\n<p>La metodologia fa riferimento ad una pluralit\u00e0 di approcci riabilitativi che hanno come fulcro l\u2019attenzione al miglioramento della qualit\u00e0 di vita nei singoli domini:<\/p>\n<ol>\n<li>benessere emozionale;<\/li>\n<li>benessere fisico;<\/li>\n<li>benessere materiale;<\/li>\n<li>sviluppo personale;<\/li>\n<li>autodeterminazione;<\/li>\n<li>relazioni interpersonali;<\/li>\n<li>inclusione sociale;<\/li>\n<li>diritti ed empowerment.<\/li>\n<\/ol>\n<p>Al centro del lavoro riabilitativo c\u2019\u00e8 la persona con i suoi punti di forza a prescindere dalle carenze cognitive di base.<br \/>\nLa programmazione clinico-riabilitativa definisce gli interventi da attuare in vista del miglioramento della funzionalit\u00e0 dell\u2019Io e della qualit\u00e0 di vita della persona, secondo i criteri suggeriti dalla classificazione <span lang=\"en\"><abbr title=\"International Classification of Functioning, Disability and Health\">ICF<\/abbr><\/span>. La programmazione viene stilata dallo specialista di riferimento che ne \u00e8 pertanto anche responsabile.<br \/>\nNella programmazione vengono definiti i Piani di lavoro settimanali esplicitando le Situazioni Terapeutiche attivate, gli operatori e gli utenti coinvolti ed eventuali risorse economiche aggiuntive necessarie.<\/p>\n<p>La metodologia di lavoro prevede una supervisione ai gruppi, per verifiche sui casi, sull&#8217;attivit\u00e0 e sulle dina-miche relazionali.<br \/>\nLe strategie si avvalgono del:<\/p>\n<ul>\n<li>lavoro di gruppo per sfruttare la valenza della relazione con i pari, dell\u2019identificazione proiettiva positiva, del mettersi nei panni dell\u2019altro, della separazione e identificazione in vista di un\u2019immagine adulta di s\u00e9;<\/li>\n<li>presa in carico globale della persona per intervenire in modo integrato sulla parte emotivo-affettiva, relazionale e comportamentale, socio-familiare, biologica e ambientale;<\/li>\n<li>ruolo centrale dell\u2019operatore per la gestione delle dinamiche situazionali e per una valutazione degli esiti degli interventi sulla persona, che permetta un monito-raggio e una rivalutazione costante dell\u2019intervento riabilitativo.<\/li>\n<\/ul>\n<p>Questa metodologia suggerisce quindi un lavoro trasversale che si basa sulla costituzione di gruppi di lavoro che coinvolgono staff tecnici, famiglie, operatori ed utenti.<\/p>\n<h3>Nuclei di attivit\u00e0<\/h3>\n<p>I nuclei sono gruppi di attivit\u00e0 pi\u00f9 strutturata (giardinaggio, laboratorio domestico, montagna-terapia, etc.) e gruppi polifunzionali, che sono il contesto occupazionale all&#8217;interno del quale vengono perseguiti gli obiettivi di sviluppo del comportamento adattivo e di crescita della capacit\u00e0 gestionale dell\u2019area emotivo-affettiva.<br \/>\nNei nuclei del giardinaggio e del laboratorio domestico della montagna terapia gli utenti si impegnano prevalentemente in un\u2019unica attivit\u00e0 e nei compiti ad essa correlati, dato che per le potenzialit\u00e0 possedute \u00e8 possibile prevedere l\u2019acquisizione della competenza specifica.<br \/>\nNei nuclei polivalenti le attivit\u00e0 proposte sono il contesto che permette di stimolare il funzionamento di base di quegli utenti, il cui piano di trattamento richiede ancora un&#8217;attenzione allo sviluppo dell&#8217;Io; ad esempio l\u2019attivit\u00e0 di bricolage permette il miglioramento delle abilit\u00e0 di coordinazione, manualit\u00e0 fine, memoria, l\u2019attivit\u00e0 ludica di gruppo stimola la capacit\u00e0 di relazionarsi, di rispettare il proprio turno, di tollerare la frustrazione.<\/p>\n<p>Le attivit\u00e0 trasversali quali la palestra, il ballo, il laboratorio teatrale, laboratorio senso-motorio, la tessitura, l&#8217;escursione in ambiente montano, sono mirate a pro-porre opportunit\u00e0 specifiche agli utenti il cui piano di trattamento richiede una focalizzazione su un particolare dominio di Qualit\u00e0 di vita. Ad esempio la tessitura incide prevalentemente sullo sviluppo personale, il laboratorio teatrale sul benessere emozionale.<br \/>\nLa composizione dei gruppi di lavoro tiene conto degli obiettivi terapeutici dei progetti riabilitativi degli utenti, delle dinamiche inter-gruppali fra utenti e operatori, e dei legami empatici instauratisi e quelli potenzialmente evocabili.<br \/>\nFra le attivit\u00e0 trasversali ve ne sono alcune specificatamente mirate al miglioramento del benessere fisico quali il laboratorio palestra, il laboratorio senso-motorio, il laboratorio piscina ed il laboratorio motricit\u00e0 fine. L\u2019attivit\u00e0 che si svolge all&#8217;interno di questi spazi viene definita dallo specialista fisiatra di riferimento sulla base di una valutazione clinico-funzionale mirata soprattutto all&#8217;individuazione delle caratteristiche moto-rie\/fisiche della disabilit\u00e0, ma compatibilmente con tutti gli altri aspetti che definiscono il profilo psichico, emotivo, intellettivo della persona in un\u2019ottica globale ed ecologica. Attraverso questi laboratori \u00e8 possibile intervenire dal punto di vista fisico\/motorio in casi in cui sussista un\u2019indicazione specialistica, in un contesto che sia accettabile, e quindi fruibile, da parte di un\u2019utenza la cui scarsa collaborativit\u00e0 rende difficoltoso e spesso inefficace un intervento riabilitativo convenzionale, decontestualizzato dall&#8217;ambiente &#8220;familiare&#8221;.<\/p>\n<h3>Presidio ambulatoriale di recupero e riabilitazione funzionale e di Medicina Fisica e Riabilitazione<\/h3>\n<p>Rientrano in questi percorsi:<\/p>\n<ol>\n<li>Per il Recupero e la Riabilitazione Funzionale, gli stati di salute che hanno determinato una disabilit\u00e0 anche transitoria di tipo segmentario o globale che richiedono, per la complessit\u00e0 del quadro clinico, una presa in carico globale e la predisposizione di programmi di intervento previsti all&#8217;interno di un progetto riabilitativo individuale avente gli obiettivi del contenimento della disabilit\u00e0 o per favorirne la gestione degli esiti, della prevenzione delle menomazioni secondarie e per contenere e\/o evitare l\u2019handicap e consentire alla persona disabile la migliore qualit\u00e0 di vita e l\u2019inserimento psico sociale.<br \/>\nLe condizioni di disabilit\u00e0 per le quali si consente l\u2019accesso al percorso sono quelle riferibili alle condizioni cliniche indicate nella tabella n\u00b01) e identificate con il livello 3). Le condizioni indicate sono state individuate riconducendo all&#8217;ICD-IX-CM gli MDC indicati nella delibera di GR n. 904 del 02\/08\/1999.<br \/>\nLe attivit\u00e0 ambulatoriali prevalenti sono:<\/p>\n<ul>\n<li>Psichiatria<\/li>\n<li>Neuropsichiatria<\/li>\n<li>Fisiatria<\/li>\n<li>Psicoterapia<\/li>\n<li>Psicologia<\/li>\n<li>Logopedia<\/li>\n<li>Psicomotricit\u00e0<\/li>\n<li>Fisioterapia<\/li>\n<\/ul>\n<\/li>\n<li>Per la Medicina Fisica e Riabilitativa Rientrano in questo percorso le condizioni cliniche acute o in fase di riacutizzazione e identificate con il livello 2 della normativa vigente, che hanno determinato una disabilit\u00e0 di tipo segmentario riferibili alle patologie identificate con codice ICD9, e suscettibili di modificabilit\u00e0 (senza esiti in disabilit\u00e0 strutturata) attraverso gli interventi definiti nella tabella stessa. Il programma prevede una serie di prestazioni appropriate a ciascuna tipologia diagnostica<\/li>\n<\/ol>\n<h3>Modalit\u00e0 di accesso<\/h3>\n<p>In caso di attivit\u00e0 convenzionate:<br \/>\nPer il Recupero e la Riabilitazione Funzionale danno accesso al percorso le condizioni di disabilit\u00e0 riconducibili alle classificazioni diagnostiche presenti nella tabella 1) e identificate con il livello 3), il medico <abbr title=\"Medico Medicina Generale\">MMG<\/abbr> \/ <abbr title=\"Pediatra di Libera Scelta\">PLS<\/abbr> indirizza l\u2019utente al percorso assistenziale riabilitativo ai sensi della deliberazione GR n. 732 del 23\/06\/1997 e successive modificazioni ed integrazioni; l\u2019accesso \u00e8 comunque subordinato alla predisposizione del piano di trattamento e alla validazione dello stesso, quando non predisposto da struttura pubblica.<br \/>\nPossono rientrare in questo percorso anche quelle condizioni richiamate nel percorso 2. In caso di attivit\u00e0 convenzionate le condizioni richiamate nel percorso 2 vi potranno accedere solo quando, nonostante l\u2019attuazione degli interventi previsti dal \u201cpercorso assistenziale specialistico di medicina fisica\u201d, permangono condizioni di disabilit\u00e0 che necessitano di un progetto riabilitativo e una presa in carico globale per il raggiungimento delle finalit\u00e0 sopra riportate e specifiche del percorso assistenziale dell\u2019 attivit\u00e0 riabilitativa.<\/p>\n<p>Per la medicina fisica e riabilitazione il medico prescrittore (MMG \/ PLS , Specialista pubblico) in presenza di un problema acuto o in fase di riacutizzazione richiede l\u2019accesso al percorso assistenziale specialistico di \u201cmedicina fisica \u201d, tramite prescrizione su ricettario regionale del percorso stesso, indicando espressamente la diagnosi e la condizione clinica (acuta o in fase di riacutizzazione) per la quale viene richiesto l\u2019intervento. Il medico prescrittore \u00e8 tenuto a segnalare particolari condizioni cliniche che possono limitare l\u2019applicazione di terapie fisiche, previste nel programma.<\/p>\n<p>Le strutture sanitarie ambulatoriali pubbliche e private accreditate di recupero e riabilitazione funzionale e\/o di medicina fisica e riabilitazione, a fronte della attivazione del medesimo percorso, verificata la congruit\u00e0 clinica, attuano il &#8220;programma tipo&#8221; cos\u00ec come predisposto dalla normativa vigente corrispondente alla condizione diagnostica indicata nella prescrizione.<\/p>\n<p>A conclusione di ogni ciclo di prestazioni i professionisti sanitari sono tenuti a comunicare al medico curante i risultati ottenuti e ulteriori eventuali proposte d&#8217;intervento:<\/p>\n<ol>\n<li style=\"list-style-type: lower-alpha;\">non presenza di ulteriori possibilit\u00e0 di recupero perseguibili,<\/li>\n<li style=\"list-style-type: lower-alpha;\">necessit\u00e0 di ulteriore percorso di prestazioni specialistiche di medicina fisica e riabilitazione<\/li>\n<li style=\"list-style-type: lower-alpha;\">attivazione di percorso riabilitativo.<\/li>\n<\/ol>\n<p>Nel caso b) il medico di medicina generale, se lo ritiene opportuno, pu\u00f2 prescrivere l\u2019ulteriore<br \/>\nciclo di prestazioni.<\/p>\n<p>Nel caso c) l&#8217;attivazione del percorso riabilitativo prevede la definizione del progetto riabilitativo individuale secondo le modalit\u00e0 previste dagli atti regionali in merito.<\/p>\n<h3>Partecipazione alla spesa<\/h3>\n<p>La partecipazione alla spesa \u00e8 quella prevista dalla normativa vigente per le prestazioni di Riabilitazione se effettuate in regime di convenzione. In regime privato le tariffe sono quelle previste al momento della prestazione.<\/p>\n<h3>Orari di apertura<\/h3>\n<p>Almeno dal Luned\u00ec al Venerd\u00ec per minimo 6 ore giornaliere nella fascia 8\/22<\/p>\n<\/div><div class=\"fusion-clearfix\"><\/div><\/div><\/div><div class=\"fusion-layout-column fusion_builder_column fusion-builder-column-2 fusion_builder_column_1_3 1_3 fusion-one-third fusion-column-last\" style=\"--awb-bg-size:cover;width:30.6666%;\"><div class=\"fusion-column-wrapper fusion-column-has-shadow fusion-flex-column-wrapper-legacy\"><div class=\"fusion-text fusion-text-3\"><h3>Direttore Sanitario<\/h3>\n<p><strong><abbr title=\"Dottoressa\">D.ssa<\/abbr> Francesca Bacciola<br \/>\n<\/strong>Medico chirurgo specialista in Medicina del Lavoro, iscrizione all&#8217;ordine dei medici chirurghi della provincia di Massa Carrara dal 12\/04\/2007 al numero 1719<\/p>\n<h3>Dove si Trova<\/h3>\n<p><strong>Via Castellaro 1, Localit\u00e0 Anderlino<\/strong><br \/>\n<strong>54033 Carrara (MS)<\/strong><\/p>\n<p>Tel. 0585 841444 (22 linee a r.a.)<br \/>\nFax 0585 845277<br \/>\nEmail: <a href=\"mailto:segreteria@anffasms.it\">segreteria@anffasms.it<\/a><\/p>\n<\/div><iframe src=\"https:\/\/www.google.com\/maps\/embed?pb=!1m18!1m12!1m3!1d91747.77004502527!2d9.987557308694969!3d44.060275791646525!2m3!1f0!2f0!3f0!3m2!1i1024!2i768!4f13.1!3m3!1m2!1s0x12d505a2868c423f%3A0xd9d0f24d4e8782ab!2sANFFAS+MS+%22Pian+del+Castellaro%22!5e0!3m2!1sit!2sit!4v1560164631341!5m2!1sit!2sit\" width=\"100%\" height=\"340\" frameborder=\"0\" style=\"border:0\" allowfullscreen><\/iframe><div class=\"fusion-text fusion-text-4\"><h3>Orari<\/h3>\n<p><strong>Per il ciclo diurno <\/strong>l\u2019orario di funzionalit\u00e0 \u00e8 dal Luned\u00ec al Venerd\u00ec dalle ore 6.50 alle ore 20,00 ed il Sabato dalle ore 8,30 alle ore 15.<br \/>\n<strong>Per il ciclo ambulatoriale<\/strong> \u00e8 prevista l\u2019apertura per almeno 6 ore al giorno per cinque giorni a settimana con prestazioni su appuntamento.<\/p>\n<p>Front-office telefonico, dal Luned\u00ec al Venerd\u00ec dalle 08,00 alle 16,30<\/p>\n<\/div><div class=\"fusion-clearfix\"><\/div><\/div><\/div><div class=\"fusion-layout-column fusion_builder_column fusion-builder-column-3 fusion_builder_column_2_3 2_3 fusion-two-third fusion-column-first\" style=\"--awb-bg-size:cover;width:66.666666666667%;width:calc(66.666666666667% - ( ( 4% ) * 0.66666666666667 ) );margin-right: 4%;\"><div class=\"fusion-column-wrapper fusion-column-has-shadow fusion-flex-column-wrapper-legacy\"><div class=\"fusion-clearfix\"><\/div><\/div><\/div><\/div><\/div><\/p>\n","protected":false},"excerpt":{"rendered":"","protected":false},"author":1,"featured_media":0,"parent":0,"menu_order":0,"comment_status":"closed","ping_status":"closed","template":"","meta":{"_acf_changed":false,"footnotes":""},"class_list":["post-4349","page","type-page","status-publish","hentry"],"acf":[],"yoast_head":"<!-- This site is optimized with the Yoast SEO plugin v27.6 - https:\/\/yoast.com\/product\/yoast-seo-wordpress\/ -->\n<title>Riabilitazione funzionale - Centro Integrato Servizi\u00a0Pian del Castellaro<\/title>\n<meta name=\"description\" content=\"Il centro si occupa di: riabilitazione funzionale per utenti con disabilit\u00e0 intellettive, disabilit\u00e0 motorie e sensoriali, disabilit\u00e0 fisiche\" \/>\n<meta name=\"robots\" content=\"index, follow, max-snippet:-1, max-image-preview:large, max-video-preview:-1\" \/>\n<link rel=\"canonical\" href=\"https:\/\/www.anffasms.it\/?page_id=4349\" \/>\n<meta property=\"og:locale\" content=\"it_IT\" \/>\n<meta property=\"og:type\" content=\"article\" \/>\n<meta property=\"og:title\" content=\"Riabilitazione funzionale - Centro Integrato Servizi\u00a0Pian del Castellaro\" \/>\n<meta property=\"og:description\" content=\"Il centro si occupa di: riabilitazione funzionale per utenti con disabilit\u00e0 intellettive, disabilit\u00e0 motorie e sensoriali, disabilit\u00e0 fisiche\" \/>\n<meta property=\"og:url\" content=\"https:\/\/www.anffasms.it\/?page_id=4349\" \/>\n<meta property=\"og:site_name\" content=\"Anffas Onlus - Massa Carrara\" \/>\n<meta property=\"article:publisher\" content=\"https:\/\/www.facebook.com\/anffasms\/\" \/>\n<meta property=\"article:modified_time\" content=\"2020-11-18T11:48:25+00:00\" \/>\n<meta name=\"twitter:card\" content=\"summary_large_image\" \/>\n<meta name=\"twitter:label1\" content=\"Tempo di lettura stimato\" \/>\n\t<meta name=\"twitter:data1\" content=\"13 minuti\" \/>\n<script type=\"application\/ld+json\" class=\"yoast-schema-graph\">{\"@context\":\"https:\\\/\\\/schema.org\",\"@graph\":[{\"@type\":\"WebPage\",\"@id\":\"https:\\\/\\\/www.anffasms.it\\\/?page_id=4349\",\"url\":\"https:\\\/\\\/www.anffasms.it\\\/?page_id=4349\",\"name\":\"Riabilitazione funzionale - Centro Integrato Servizi\u00a0Pian del Castellaro\",\"isPartOf\":{\"@id\":\"https:\\\/\\\/www.anffasms.it\\\/#website\"},\"datePublished\":\"2019-06-10T11:18:31+00:00\",\"dateModified\":\"2020-11-18T11:48:25+00:00\",\"description\":\"Il centro si occupa di: riabilitazione funzionale per utenti con disabilit\u00e0 intellettive, disabilit\u00e0 motorie e sensoriali, disabilit\u00e0 fisiche\",\"breadcrumb\":{\"@id\":\"https:\\\/\\\/www.anffasms.it\\\/?page_id=4349#breadcrumb\"},\"inLanguage\":\"it-IT\",\"potentialAction\":[{\"@type\":\"ReadAction\",\"target\":[\"https:\\\/\\\/www.anffasms.it\\\/?page_id=4349\"]}]},{\"@type\":\"BreadcrumbList\",\"@id\":\"https:\\\/\\\/www.anffasms.it\\\/?page_id=4349#breadcrumb\",\"itemListElement\":[{\"@type\":\"ListItem\",\"position\":1,\"name\":\"Home\",\"item\":\"https:\\\/\\\/www.anffasms.it\\\/\"},{\"@type\":\"ListItem\",\"position\":2,\"name\":\"Centro Integrato Servizi\u00a0Pian del Castellaro\"}]},{\"@type\":\"WebSite\",\"@id\":\"https:\\\/\\\/www.anffasms.it\\\/#website\",\"url\":\"https:\\\/\\\/www.anffasms.it\\\/\",\"name\":\"Anffas Onlus - Massa Carrara\",\"description\":\"\",\"publisher\":{\"@id\":\"https:\\\/\\\/www.anffasms.it\\\/#organization\"},\"potentialAction\":[{\"@type\":\"SearchAction\",\"target\":{\"@type\":\"EntryPoint\",\"urlTemplate\":\"https:\\\/\\\/www.anffasms.it\\\/?s={search_term_string}\"},\"query-input\":{\"@type\":\"PropertyValueSpecification\",\"valueRequired\":true,\"valueName\":\"search_term_string\"}}],\"inLanguage\":\"it-IT\"},{\"@type\":\"Organization\",\"@id\":\"https:\\\/\\\/www.anffasms.it\\\/#organization\",\"name\":\"Anffas Massa Carrara Onlus\",\"url\":\"https:\\\/\\\/www.anffasms.it\\\/\",\"logo\":{\"@type\":\"ImageObject\",\"inLanguage\":\"it-IT\",\"@id\":\"https:\\\/\\\/www.anffasms.it\\\/#\\\/schema\\\/logo\\\/image\\\/\",\"url\":\"https:\\\/\\\/www.anffasms.it\\\/wp-content\\\/uploads\\\/2018\\\/07\\\/logo_anffas_onlus_massa_carrara.png\",\"contentUrl\":\"https:\\\/\\\/www.anffasms.it\\\/wp-content\\\/uploads\\\/2018\\\/07\\\/logo_anffas_onlus_massa_carrara.png\",\"width\":274,\"height\":108,\"caption\":\"Anffas Massa Carrara Onlus\"},\"image\":{\"@id\":\"https:\\\/\\\/www.anffasms.it\\\/#\\\/schema\\\/logo\\\/image\\\/\"},\"sameAs\":[\"https:\\\/\\\/www.facebook.com\\\/anffasms\\\/\"]}]}<\/script>\n<!-- \/ Yoast SEO plugin. -->","yoast_head_json":{"title":"Riabilitazione funzionale - Centro Integrato Servizi\u00a0Pian del Castellaro","description":"Il centro si occupa di: riabilitazione funzionale per utenti con disabilit\u00e0 intellettive, disabilit\u00e0 motorie e sensoriali, disabilit\u00e0 fisiche","robots":{"index":"index","follow":"follow","max-snippet":"max-snippet:-1","max-image-preview":"max-image-preview:large","max-video-preview":"max-video-preview:-1"},"canonical":"https:\/\/www.anffasms.it\/?page_id=4349","og_locale":"it_IT","og_type":"article","og_title":"Riabilitazione funzionale - Centro Integrato Servizi\u00a0Pian del Castellaro","og_description":"Il centro si occupa di: riabilitazione funzionale per utenti con disabilit\u00e0 intellettive, disabilit\u00e0 motorie e sensoriali, disabilit\u00e0 fisiche","og_url":"https:\/\/www.anffasms.it\/?page_id=4349","og_site_name":"Anffas Onlus - Massa Carrara","article_publisher":"https:\/\/www.facebook.com\/anffasms\/","article_modified_time":"2020-11-18T11:48:25+00:00","twitter_card":"summary_large_image","twitter_misc":{"Tempo di lettura stimato":"13 minuti"},"schema":{"@context":"https:\/\/schema.org","@graph":[{"@type":"WebPage","@id":"https:\/\/www.anffasms.it\/?page_id=4349","url":"https:\/\/www.anffasms.it\/?page_id=4349","name":"Riabilitazione funzionale - Centro Integrato Servizi\u00a0Pian del Castellaro","isPartOf":{"@id":"https:\/\/www.anffasms.it\/#website"},"datePublished":"2019-06-10T11:18:31+00:00","dateModified":"2020-11-18T11:48:25+00:00","description":"Il centro si occupa di: riabilitazione funzionale per utenti con disabilit\u00e0 intellettive, disabilit\u00e0 motorie e sensoriali, disabilit\u00e0 fisiche","breadcrumb":{"@id":"https:\/\/www.anffasms.it\/?page_id=4349#breadcrumb"},"inLanguage":"it-IT","potentialAction":[{"@type":"ReadAction","target":["https:\/\/www.anffasms.it\/?page_id=4349"]}]},{"@type":"BreadcrumbList","@id":"https:\/\/www.anffasms.it\/?page_id=4349#breadcrumb","itemListElement":[{"@type":"ListItem","position":1,"name":"Home","item":"https:\/\/www.anffasms.it\/"},{"@type":"ListItem","position":2,"name":"Centro Integrato Servizi\u00a0Pian del Castellaro"}]},{"@type":"WebSite","@id":"https:\/\/www.anffasms.it\/#website","url":"https:\/\/www.anffasms.it\/","name":"Anffas Onlus - Massa Carrara","description":"","publisher":{"@id":"https:\/\/www.anffasms.it\/#organization"},"potentialAction":[{"@type":"SearchAction","target":{"@type":"EntryPoint","urlTemplate":"https:\/\/www.anffasms.it\/?s={search_term_string}"},"query-input":{"@type":"PropertyValueSpecification","valueRequired":true,"valueName":"search_term_string"}}],"inLanguage":"it-IT"},{"@type":"Organization","@id":"https:\/\/www.anffasms.it\/#organization","name":"Anffas Massa Carrara Onlus","url":"https:\/\/www.anffasms.it\/","logo":{"@type":"ImageObject","inLanguage":"it-IT","@id":"https:\/\/www.anffasms.it\/#\/schema\/logo\/image\/","url":"https:\/\/www.anffasms.it\/wp-content\/uploads\/2018\/07\/logo_anffas_onlus_massa_carrara.png","contentUrl":"https:\/\/www.anffasms.it\/wp-content\/uploads\/2018\/07\/logo_anffas_onlus_massa_carrara.png","width":274,"height":108,"caption":"Anffas Massa Carrara Onlus"},"image":{"@id":"https:\/\/www.anffasms.it\/#\/schema\/logo\/image\/"},"sameAs":["https:\/\/www.facebook.com\/anffasms\/"]}]}},"_links":{"self":[{"href":"https:\/\/www.anffasms.it\/index.php?rest_route=\/wp\/v2\/pages\/4349","targetHints":{"allow":["GET"]}}],"collection":[{"href":"https:\/\/www.anffasms.it\/index.php?rest_route=\/wp\/v2\/pages"}],"about":[{"href":"https:\/\/www.anffasms.it\/index.php?rest_route=\/wp\/v2\/types\/page"}],"author":[{"embeddable":true,"href":"https:\/\/www.anffasms.it\/index.php?rest_route=\/wp\/v2\/users\/1"}],"replies":[{"embeddable":true,"href":"https:\/\/www.anffasms.it\/index.php?rest_route=%2Fwp%2Fv2%2Fcomments&post=4349"}],"version-history":[{"count":37,"href":"https:\/\/www.anffasms.it\/index.php?rest_route=\/wp\/v2\/pages\/4349\/revisions"}],"predecessor-version":[{"id":6690,"href":"https:\/\/www.anffasms.it\/index.php?rest_route=\/wp\/v2\/pages\/4349\/revisions\/6690"}],"wp:attachment":[{"href":"https:\/\/www.anffasms.it\/index.php?rest_route=%2Fwp%2Fv2%2Fmedia&parent=4349"}],"curies":[{"name":"wp","href":"https:\/\/api.w.org\/{rel}","templated":true}]}}