{"id":566,"date":"2013-07-24T19:34:08","date_gmt":"2013-07-24T17:34:08","guid":{"rendered":"http:\/\/www.anffasms.it\/?page_id=566"},"modified":"2017-02-23T11:01:07","modified_gmt":"2017-02-23T10:01:07","slug":"titolo","status":"publish","type":"page","link":"https:\/\/www.anffasms.it\/?page_id=566","title":{"rendered":"Programmi e metodologia"},"content":{"rendered":"<h2>Programmi e metodologia del Centro Diurno di Riabilitazione<\/h2>\n<p>Il CENTRO di RIABILITAZIONE\u00a0assicura prestazioni di riabilitazione di tipo intensivo ed estensivo in regime di seminternato ad utenti in situazione di disabilit\u00e0 intellettiva e relazionale, eventualmente associate a disabilit\u00e0 motorie e sensoriali. Alla persona con disabilit\u00e0 che accede a questo servizio \u00e8 garantita una globalit\u00e0 nella presa in carico: per ogni utente, attraverso una pluralit\u00e0 di approcci metodologici, viene progettato un percorso individualizzato, che assicuri una migliore Qualit\u00e0 di Vita nel pieno rispetto delle aspettative e dei normali cicli evolutivi.<\/p>\n<p>L\u2019attivit\u00e0 riabilitativa\u00a0si svolge attraverso l\u2019elaborazione del Piano di Trattamento individuale, che definisce obiettivi e metodologie specifiche partendo da un profilo dinamico funzionale della persona, per stimolare aree prossimali di apprendimento. Gli spazi di attivit\u00e0 a cui si pu\u00f2 accedere rispondono alle esigenze di stimolo e consolidamento delle:<\/p>\n<ul>\n<li>Competenze Personali.\u00a0Nell\u2019ambito dell\u2019organizzazione del piano individuale sono previsti interventi individualizzati, che mirano ad ampliare le potenzialit\u00e0 dell\u2019utente rispetto a bisogni specifici. Gli spazi permettono l\u2019accesso a prestazioni fisioterapiche, psicoterapiche, di aiuto alla famiglia, di supporto alla vita sociale.<\/li>\n<li>Autonomie Personali. Nei momenti diversi offerti dal normale scorrere della vita di struttura, gli operatori sollecitano una crescita nelle prassi quotidiane, rispetto all\u2019igiene, all\u2019alimentazione, all\u2019abbigliamento, allo spostarsi in ambienti conosciuti e non. L\u2019intervento ha una gamma che va dal creare solo una partecipazione attiva del soggetto fino alla fase dell\u2019autogestione.<\/li>\n<li>Autonomie Socio-Relazionali. Questo obiettivo supporta varie scelte operative: Grande attenzione \u00e8 posta alla relazione operatore-utente attraverso il rispetto dell\u2019empatia reciproca, delle affinit\u00e0 e della proiezione di aspettative. Le varie opportunit\u00e0 di impegno (gestione domestica, giardinaggio, tessitura, occupazioni di tempo libero, montagnaterapia, attivit\u00e0 motorie, teatrali, musicoterapiche&#8230;) sono finalizzate a creare quella consapevolezza del legame corpo-mente, che sola permette di fare esperienza di S\u00e9, della propria creativit\u00e0 e potenzialit\u00e0 espressiva. La scelta di confrontarsi attraverso il lavoro di gruppo stimola l\u2019ampliamento dell\u2019esperienza personale, sviluppando il senso di appartenenza, di solidariet\u00e0 e del limite dato dal confronto con l\u2019altro.<\/li>\n<li>Autonomie Sociali. Per rispondere ai bisogni di normalizzazione in relazione al contesto sociale e per favorire l\u2019acquisizione di un ruolo dialettico adulto, \u00e8 possibile fare esperienze occupazionali e lavorative in ambiente protetto. Lo scopo \u00e8 di &#8220;imparare a lavorare&#8221; e quindi di sviluppare i prerequisiti necessari in vista di inserimenti futuri (assunzione di responsabilit\u00e0, consapevolezza del compito, capacit\u00e0 di stare in un gruppo, valutazione del proprio impegno). Un operatore del Centro Collabora con il Servizio Inserimento Disabili dell\u2019<acronym title=\"Azienda Sanitaria Locale\">ASL.<\/acronym><\/li>\n<\/ul>\n<h3>Approccio metodologico<\/h3>\n<p>Il nostro obiettivo primario \u00e8 conoscere, attraverso una osservazione in varie situazioni, le possibilit\u00e0 di funzionare (a vari livelli) e partecipare (a vario titolo) della persona, a prescindere dalle carenze cognitive di base.<br \/>\nGli strumenti pi\u00f9 idonei per &#8220;osservare&#8221; ci sembrano essere gli operatori della relazione, e la loro capacit\u00e0 di dare significato e dignit\u00e0 al disagio.<br \/>\nSoprattutto nell\u2019et\u00e0 adulta sono le componenti emotive e motivazionali che favoriscono l\u2019investimento cognitivo e la qualit\u00e0 del rapporto con la realt\u00e0 della persona con disabilit\u00e0. Una persona ben integrata nella immagine di s\u00e9, nell\u2019autostima, nella capacit\u00e0 di riconoscere e gestire le emozioni \u00e8 in grado di garantirsi una buona qualit\u00e0 della vita pur con un patrimonio cognitivo deficitario.<br \/>\nIl campo della ricerca, oltre la determinazione del livello delle strutture cognitive residue, deve comprendere quindi la valutazione delle risorse metacognitive; parliamo dell\u2019atteggiamento del soggetto nei confronti delle proprie capacit\u00e0 e potenzialit\u00e0 evolutive, della possibilit\u00e0 di fruire di esperienze piacevoli nelle situazioni di apprendimento, della massiccia presenza di richieste di adattamento nei confronti di una forte necessit\u00e0 di accomodamento, che incide negativamente nella costruzione del s\u00e9.<br \/>\nQuesta attenzione alla qualit\u00e0 della relazione intrapsichica, interpersonale e sociale ci porta a privilegiare nel progetto riabilitativo un approccio che miri a stimolare la strutturazione del s\u00e9, come forza trainante e vicariante la debolezza dello strumento cognitivo.<br \/>\nCos\u00ec il suggerimento Montobbiano dell'&#8221;allearsi alla parte sana&#8221;, abbandonando un accanimento terapeutico frustrante, diventa una spinta a lavorare al superamento di atteggiamenti infantilizzanti, all\u2019abbandono di una visione troppo medicalizzata dell\u2019intervento, ma soprattutto una spinta ad intervenire pi\u00f9 sulla persona che su l\u2019handicap. E questo significa rivolgersi all\u2019unicit\u00e0 di quella persona perch\u00e8 nella patologia ognuno \u00e8 diverso e la diversit\u00e0, se la sappiamo cavalcare, diventa un patrimonio insostituibile di suggerimenti.<\/p>\n","protected":false},"excerpt":{"rendered":"<p>Programmi e metodologia del Centro Diurno di Riabilitazione Il CENTRO di RIABILITAZIONE\u00a0assicura prestazioni di riabilitazione di tipo intensivo ed estensivo in regime di seminternato ad utenti in situazione di disabilit\u00e0 intellettiva e relazionale, eventualmente associate a disabilit\u00e0 motorie e sensoriali. Alla persona con disabilit\u00e0 che accede a questo servizio \u00e8 garantita una globalit\u00e0 nella presa  [&#8230;]<\/p>\n","protected":false},"author":1,"featured_media":0,"parent":0,"menu_order":0,"comment_status":"open","ping_status":"closed","template":"template_page_full_width.php","meta":{"_acf_changed":false,"footnotes":""},"class_list":["post-566","page","type-page","status-publish","hentry"],"acf":[],"yoast_head":"<!-- This site is optimized with the Yoast SEO plugin v27.4 - https:\/\/yoast.com\/product\/yoast-seo-wordpress\/ -->\n<title>Programmi e metodologia - Anffas Onlus - Massa Carrara<\/title>\n<meta name=\"robots\" content=\"index, follow, max-snippet:-1, max-image-preview:large, max-video-preview:-1\" \/>\n<link rel=\"canonical\" href=\"https:\/\/www.anffasms.it\/?page_id=566\" \/>\n<meta property=\"og:locale\" content=\"it_IT\" \/>\n<meta property=\"og:type\" content=\"article\" \/>\n<meta property=\"og:title\" content=\"Programmi e metodologia - Anffas Onlus - Massa Carrara\" \/>\n<meta property=\"og:description\" content=\"Programmi e metodologia del Centro Diurno di Riabilitazione Il CENTRO di RIABILITAZIONE\u00a0assicura prestazioni di riabilitazione di tipo intensivo ed estensivo in regime di seminternato ad utenti in situazione di disabilit\u00e0 intellettiva e relazionale, eventualmente associate a disabilit\u00e0 motorie e sensoriali. Alla persona con disabilit\u00e0 che accede a questo servizio \u00e8 garantita una globalit\u00e0 nella presa [...]\" \/>\n<meta property=\"og:url\" content=\"https:\/\/www.anffasms.it\/?page_id=566\" \/>\n<meta property=\"og:site_name\" content=\"Anffas Onlus - Massa Carrara\" \/>\n<meta property=\"article:publisher\" content=\"https:\/\/www.facebook.com\/anffasms\/\" \/>\n<meta property=\"article:modified_time\" content=\"2017-02-23T10:01:07+00:00\" \/>\n<meta name=\"twitter:card\" content=\"summary_large_image\" \/>\n<meta name=\"twitter:label1\" content=\"Tempo di lettura stimato\" \/>\n\t<meta name=\"twitter:data1\" content=\"4 minuti\" \/>\n<script type=\"application\/ld+json\" class=\"yoast-schema-graph\">{\"@context\":\"https:\\\/\\\/schema.org\",\"@graph\":[{\"@type\":\"WebPage\",\"@id\":\"https:\\\/\\\/www.anffasms.it\\\/?page_id=566\",\"url\":\"https:\\\/\\\/www.anffasms.it\\\/?page_id=566\",\"name\":\"Programmi e metodologia - Anffas Onlus - Massa Carrara\",\"isPartOf\":{\"@id\":\"https:\\\/\\\/www.anffasms.it\\\/#website\"},\"datePublished\":\"2013-07-24T17:34:08+00:00\",\"dateModified\":\"2017-02-23T10:01:07+00:00\",\"breadcrumb\":{\"@id\":\"https:\\\/\\\/www.anffasms.it\\\/?page_id=566#breadcrumb\"},\"inLanguage\":\"it-IT\",\"potentialAction\":[{\"@type\":\"ReadAction\",\"target\":[\"https:\\\/\\\/www.anffasms.it\\\/?page_id=566\"]}]},{\"@type\":\"BreadcrumbList\",\"@id\":\"https:\\\/\\\/www.anffasms.it\\\/?page_id=566#breadcrumb\",\"itemListElement\":[{\"@type\":\"ListItem\",\"position\":1,\"name\":\"Home\",\"item\":\"https:\\\/\\\/www.anffasms.it\\\/\"},{\"@type\":\"ListItem\",\"position\":2,\"name\":\"Programmi e metodologia\"}]},{\"@type\":\"WebSite\",\"@id\":\"https:\\\/\\\/www.anffasms.it\\\/#website\",\"url\":\"https:\\\/\\\/www.anffasms.it\\\/\",\"name\":\"Anffas Onlus - Massa Carrara\",\"description\":\"\",\"publisher\":{\"@id\":\"https:\\\/\\\/www.anffasms.it\\\/#organization\"},\"potentialAction\":[{\"@type\":\"SearchAction\",\"target\":{\"@type\":\"EntryPoint\",\"urlTemplate\":\"https:\\\/\\\/www.anffasms.it\\\/?s={search_term_string}\"},\"query-input\":{\"@type\":\"PropertyValueSpecification\",\"valueRequired\":true,\"valueName\":\"search_term_string\"}}],\"inLanguage\":\"it-IT\"},{\"@type\":\"Organization\",\"@id\":\"https:\\\/\\\/www.anffasms.it\\\/#organization\",\"name\":\"Anffas Massa Carrara Onlus\",\"url\":\"https:\\\/\\\/www.anffasms.it\\\/\",\"logo\":{\"@type\":\"ImageObject\",\"inLanguage\":\"it-IT\",\"@id\":\"https:\\\/\\\/www.anffasms.it\\\/#\\\/schema\\\/logo\\\/image\\\/\",\"url\":\"https:\\\/\\\/www.anffasms.it\\\/wp-content\\\/uploads\\\/2018\\\/07\\\/logo_anffas_onlus_massa_carrara.png\",\"contentUrl\":\"https:\\\/\\\/www.anffasms.it\\\/wp-content\\\/uploads\\\/2018\\\/07\\\/logo_anffas_onlus_massa_carrara.png\",\"width\":274,\"height\":108,\"caption\":\"Anffas Massa Carrara Onlus\"},\"image\":{\"@id\":\"https:\\\/\\\/www.anffasms.it\\\/#\\\/schema\\\/logo\\\/image\\\/\"},\"sameAs\":[\"https:\\\/\\\/www.facebook.com\\\/anffasms\\\/\"]}]}<\/script>\n<!-- \/ Yoast SEO plugin. -->","yoast_head_json":{"title":"Programmi e metodologia - Anffas Onlus - Massa Carrara","robots":{"index":"index","follow":"follow","max-snippet":"max-snippet:-1","max-image-preview":"max-image-preview:large","max-video-preview":"max-video-preview:-1"},"canonical":"https:\/\/www.anffasms.it\/?page_id=566","og_locale":"it_IT","og_type":"article","og_title":"Programmi e metodologia - Anffas Onlus - Massa Carrara","og_description":"Programmi e metodologia del Centro Diurno di Riabilitazione Il CENTRO di RIABILITAZIONE\u00a0assicura prestazioni di riabilitazione di tipo intensivo ed estensivo in regime di seminternato ad utenti in situazione di disabilit\u00e0 intellettiva e relazionale, eventualmente associate a disabilit\u00e0 motorie e sensoriali. Alla persona con disabilit\u00e0 che accede a questo servizio \u00e8 garantita una globalit\u00e0 nella presa [...]","og_url":"https:\/\/www.anffasms.it\/?page_id=566","og_site_name":"Anffas Onlus - Massa Carrara","article_publisher":"https:\/\/www.facebook.com\/anffasms\/","article_modified_time":"2017-02-23T10:01:07+00:00","twitter_card":"summary_large_image","twitter_misc":{"Tempo di lettura stimato":"4 minuti"},"schema":{"@context":"https:\/\/schema.org","@graph":[{"@type":"WebPage","@id":"https:\/\/www.anffasms.it\/?page_id=566","url":"https:\/\/www.anffasms.it\/?page_id=566","name":"Programmi e metodologia - Anffas Onlus - Massa Carrara","isPartOf":{"@id":"https:\/\/www.anffasms.it\/#website"},"datePublished":"2013-07-24T17:34:08+00:00","dateModified":"2017-02-23T10:01:07+00:00","breadcrumb":{"@id":"https:\/\/www.anffasms.it\/?page_id=566#breadcrumb"},"inLanguage":"it-IT","potentialAction":[{"@type":"ReadAction","target":["https:\/\/www.anffasms.it\/?page_id=566"]}]},{"@type":"BreadcrumbList","@id":"https:\/\/www.anffasms.it\/?page_id=566#breadcrumb","itemListElement":[{"@type":"ListItem","position":1,"name":"Home","item":"https:\/\/www.anffasms.it\/"},{"@type":"ListItem","position":2,"name":"Programmi e metodologia"}]},{"@type":"WebSite","@id":"https:\/\/www.anffasms.it\/#website","url":"https:\/\/www.anffasms.it\/","name":"Anffas Onlus - Massa Carrara","description":"","publisher":{"@id":"https:\/\/www.anffasms.it\/#organization"},"potentialAction":[{"@type":"SearchAction","target":{"@type":"EntryPoint","urlTemplate":"https:\/\/www.anffasms.it\/?s={search_term_string}"},"query-input":{"@type":"PropertyValueSpecification","valueRequired":true,"valueName":"search_term_string"}}],"inLanguage":"it-IT"},{"@type":"Organization","@id":"https:\/\/www.anffasms.it\/#organization","name":"Anffas Massa Carrara Onlus","url":"https:\/\/www.anffasms.it\/","logo":{"@type":"ImageObject","inLanguage":"it-IT","@id":"https:\/\/www.anffasms.it\/#\/schema\/logo\/image\/","url":"https:\/\/www.anffasms.it\/wp-content\/uploads\/2018\/07\/logo_anffas_onlus_massa_carrara.png","contentUrl":"https:\/\/www.anffasms.it\/wp-content\/uploads\/2018\/07\/logo_anffas_onlus_massa_carrara.png","width":274,"height":108,"caption":"Anffas Massa Carrara Onlus"},"image":{"@id":"https:\/\/www.anffasms.it\/#\/schema\/logo\/image\/"},"sameAs":["https:\/\/www.facebook.com\/anffasms\/"]}]}},"_links":{"self":[{"href":"https:\/\/www.anffasms.it\/index.php?rest_route=\/wp\/v2\/pages\/566","targetHints":{"allow":["GET"]}}],"collection":[{"href":"https:\/\/www.anffasms.it\/index.php?rest_route=\/wp\/v2\/pages"}],"about":[{"href":"https:\/\/www.anffasms.it\/index.php?rest_route=\/wp\/v2\/types\/page"}],"author":[{"embeddable":true,"href":"https:\/\/www.anffasms.it\/index.php?rest_route=\/wp\/v2\/users\/1"}],"replies":[{"embeddable":true,"href":"https:\/\/www.anffasms.it\/index.php?rest_route=%2Fwp%2Fv2%2Fcomments&post=566"}],"version-history":[{"count":14,"href":"https:\/\/www.anffasms.it\/index.php?rest_route=\/wp\/v2\/pages\/566\/revisions"}],"predecessor-version":[{"id":569,"href":"https:\/\/www.anffasms.it\/index.php?rest_route=\/wp\/v2\/pages\/566\/revisions\/569"}],"wp:attachment":[{"href":"https:\/\/www.anffasms.it\/index.php?rest_route=%2Fwp%2Fv2%2Fmedia&parent=566"}],"curies":[{"name":"wp","href":"https:\/\/api.w.org\/{rel}","templated":true}]}}