{"id":6416,"date":"2020-03-27T11:30:19","date_gmt":"2020-03-27T10:30:19","guid":{"rendered":"https:\/\/www.anffasms.it\/?page_id=6416"},"modified":"2021-02-03T12:40:19","modified_gmt":"2021-02-03T11:40:19","slug":"emergenza-coronavirus","status":"publish","type":"page","link":"https:\/\/www.anffasms.it\/?page_id=6416","title":{"rendered":"Covid-19"},"content":{"rendered":"<div class=\"fusion-fullwidth fullwidth-box fusion-builder-row-1 nonhundred-percent-fullwidth non-hundred-percent-height-scrolling\" style=\"--awb-border-radius-top-left:0px;--awb-border-radius-top-right:0px;--awb-border-radius-bottom-right:0px;--awb-border-radius-bottom-left:0px;--awb-flex-wrap:wrap;\" ><div class=\"fusion-builder-row fusion-row\"><div class=\"fusion-layout-column fusion_builder_column fusion-builder-column-0 fusion_builder_column_1_1 1_1 fusion-one-full fusion-column-first fusion-column-last\" style=\"--awb-bg-size:cover;--awb-margin-bottom:0px;\"><div class=\"fusion-column-wrapper fusion-flex-column-wrapper-legacy\"><div class=\"fusion-text fusion-text-1\"><h2>Covid: il difficile post dimissioni delle persone con disabilit\u00e0<\/h2>\n<p class=\"subtitle\" data-wahfont=\"17\">Non \u00e8 cos\u00ec raro il caso di una persona con disabilit\u00e0 che vive con un genitore anziano, entrambi positivi al Covid. Anffas \u00e8 stata pienamente coinvolta sia sul piano associativo che su quello di gestore dei servizi. Un\u2019esperienza che ha portato risultati validi, pur nelle difficolt\u00e0: prima fra tutte la carenza di infermieri nelle strutture territoriali del Terzo settore, migrati verso il pubblico.<br \/>\n<strong>Ecco l\u2019esperienza toscana raccontata nell\u2019articolo\u00a0<em>del Dott. Giuseppe Mussi, Direttore generale di Anffas Massa Carrara e componente del Comitato Tecnico Scientifico Anffas Nazionale <\/em><\/strong>pubblicata sul magazine <strong>VITA<\/strong>\u00a0&#8211; <strong><a href=\"https:\/\/www.anffasms.it\/?page_id=6735\">Vai all&#8217;articolo<\/a><\/strong><\/p>\n<h2><acronym title=\"Associazione di Famiglie di Persone con disabilit\u00e0 intellettiva e\/o relazionale\">Creazione Unit\u00e0 di Crisi Covid-19 Anffas Nazionale<\/acronym><\/h2>\n<p>Anffas Onlus ha attivato una Unit\u00e0 di Crisi a livello nazionale per affrontare l\u2019emergenza Coronavirus.<br \/>\nUn gruppo di tecnici della Rete Anffas Onlus Nazionale operer\u00e0 a supporto di tutte le Strutture.<\/p>\n<p>L&#8217;obiettivo \u00e8 quello di fornire informazioni utili e garantire il supporto necessario a gestire le innumerevoli criticit\u00e0 che si verificano quotidianamente.<\/p>\n<p>Per eventuali esigenze e\/o richieste di supporto \u00e8 possibile inviare una mail all&#8217;indirizzo nazionale@anffas.net o chiamare al numero 3482572694<\/p>\n<h2><\/h2>\n<h2>Riepiloghiamo di seguito i contenuti prodotti<\/h2>\n<p>(la sezione \u00e8 in continuo aggiornamento)<\/p>\n<ul>\n<li>Coronavirus e disabilit\u00e0 intellettive: alcuni suggerimenti per una corretta informazione e per gestire lo stress<br \/>\n<em>Prima parte<\/em> a cura della Dott.ssa Roberta Speziale &#8211; <a href=\"http:\/\/www.anffas.net\/it\/news\/13962\/coronavirus-e-disabilita-intellettive-alcuni-suggerimenti-per-una-corretta-informazione-e-per-gestire-lo-stress\/\" target=\"_blank\" rel=\"noopener noreferrer\"><strong>Vai alla sezione<\/strong><\/a><br \/>\nInformazioni e raccomandazioni in formato audiovisivo &#8211; <strong><strong><a href=\"https:\/\/www.youtube.com\/watch?v=q4h98D_Gsss&amp;t=172s\" target=\"_blank\" rel=\"noopener noreferrer\">Guarda il Video<\/a><br \/>\n<\/strong><\/strong><\/li>\n<li>Coronavirus e disabilit\u00e0 intellettive: alcuni suggerimenti per una corretta informazione e per gestire lo stress<br \/>\n<em>Seconda parte<\/em> a cura della Dott.ssa Chiara Canali &#8211; <a href=\"http:\/\/www.anffas.net\/it\/news\/13985\/coronavirus-e-disabilita-intellettive-informazioni-e-consigli-per-gestire-lo-stress-parte-seconda\/\" target=\"_blank\" rel=\"noopener noreferrer\"><strong>Vai alla sezione<\/strong><\/a><br \/>\nInformazioni e raccomandazioni in formato audiovisivo &#8211; <strong><strong><a href=\"https:\/\/www.youtube.com\/watch?v=2nPkEv7lv1U&amp;t=\" target=\"_blank\" rel=\"noopener noreferrer\">Guarda il Video<\/a><\/strong><\/strong><\/li>\n<li>Gestione delle emergenze nei centri residenziali &#8211; <a href=\"http:\/\/www.anffas.net\/dld\/files\/Gestione%20delle%20emergenze%20nei%20centri_residenziali(3).pdf\" target=\"_blank\" rel=\"noopener noreferrer\"><strong>Vai alla sezione<\/strong><\/a><\/li>\n<li>Commento al decreto legge del 17 marzo 2020, n. 18, conosciuto come \u201cCura Italia\u201d &#8211; <a href=\"http:\/\/www.anffas.net\/dld\/files\/Commento%20versione%20ridotta%20DL_18_2020%20def.pdf\" target=\"_blank\" rel=\"noopener noreferrer\"><strong>Vai alla sezione<\/strong><\/a><\/li>\n<li>Emergenza Covid-19 e servizi sospesi: ecco i prototipi per le istanze ex art. 48 dl 18\/20 \u2013 conversione servizi sospesi &#8211; <a href=\"http:\/\/www.anffas.net\/it\/news\/13992\/emergenza-codiv19-e-servizi-sospesi-ecco-i-prototipi-per-le-istanze-ex-art48-dl-1820-conversione-servizi-sospesi\/\" target=\"_blank\" rel=\"noopener noreferrer\"><strong>Vai alla sezione<\/strong><\/a><\/li>\n<li>Emergenza Covid-19: istanza di accesso prioritario al rifornimento dei Dispositivi di Protezione Individuale (art. 5 dl 18\/2020) &#8211; <a href=\"http:\/\/www.anffas.net\/it\/news\/13993\/emergenza-covid19-istanza-di-accesso-prioritario-al-rifornimento-dei-dispositivi-di-protezione-individuale-art-5-dl-182020\/\" target=\"_blank\" rel=\"noopener noreferrer\"><strong>Vai alla sezione<\/strong><\/a><\/li>\n<li>Modello aggiornato Autodichiarazione &#8211; <a href=\"http:\/\/www.anffas.net\/dld\/files\/AUTODICHIARAZIONE%20-%20MODELLO%20AGGIORNATO.pdf\" target=\"_blank\" rel=\"noopener noreferrer\"><strong>Scarica il modulo<\/strong><\/a><\/li>\n<\/ul>\n<h2><\/h2>\n<h2>Esami di Stato per gli alunni con disabilit\u00e0<\/h2>\n<ul>\n<li>Mio figlio con disabilit\u00e0 ha terminato il terzo anno di scuola secondaria di primo grado (terza media) sar\u00e0 in automatico ammesso all&#8217;esame di stato e poi promosso al ciclo successivo?<br \/>\n(<a href=\"https:\/\/www.anffasms.it\/wp-content\/uploads\/2020\/06\/Pillola-n.-34-esami-di-stato-pergli-alunni-con-disabilit\u00e0.pdf\" target=\"_blank\" rel=\"noopener noreferrer\"><strong>pillola informatina Numero 34<\/strong><\/a>)<\/li>\n<li>Come si svolgsr\u00e0 l&#8217;esame di scuola secondaria di primo livello (terza media) per mio figlio con disabilit\u00e0?<br \/>\n(<a href=\"https:\/\/www.anffasms.it\/wp-content\/uploads\/2020\/06\/Pillola-n.-35-esami-di-stato-per-gli-alunni-con-disabilit\u00e0.pdf\" target=\"_blank\" rel=\"noopener noreferrer\"><strong>pillola informatina Numero 35<\/strong><\/a>)<\/li>\n<li>Chi stabilisce contenuti e modalit\u00e0 di svolgimento della prova per l&#8217;esame finale del secondo ciclo di istruzione (scuoele superiori) per mio figlio con disabilit\u00e0?<br \/>\n(<a href=\"https:\/\/www.anffasms.it\/wp-content\/uploads\/2020\/06\/Pillola-n.-36-esami-di-stato-pergli-alunni-con-disabilit\u00e0.pdf\" target=\"_blank\" rel=\"noopener noreferrer\"><strong>pillola informatina Numero 36<\/strong><\/a>)<\/li>\n<li>Un mio figlio con disabilit\u00e0 frequenta la quinta classe della scuola primaria ed un altro mi figlio, sempre con disabilit\u00e0, frequesnta la seconda classe della scuola secondaria di primo grado. Verranno automaticamente promossi entrambi?<br \/>\n(<strong><a href=\"https:\/\/www.anffasms.it\/wp-content\/uploads\/2020\/06\/Pillola-n.-37-valutazione-degli-alunni-con-disabilit\u00e0.pdf\" target=\"_blank\" rel=\"noopener noreferrer\">pillola informatina Numero 37<\/a><\/strong>)<\/li>\n<\/ul>\n<h2><\/h2>\n<h2>Bonus e benefici<\/h2>\n<ul>\n<li>Incremento pensione di invalidit\u00e0 civile 100% &#8211; Condizioni\u00a0 (<a href=\"https:\/\/www.anffasms.it\/wp-content\/uploads\/2020\/09\/Pillola-n.-49-incremento-pensione-invalidit\u00e0.pdf\" target=\"_blank\" rel=\"noopener noreferrer\"><strong>pillola informatina Numero 49<\/strong><\/a>)<\/li>\n<li>Incremento pensione di invalidit\u00e0 civile 100% &#8211; Decorrenza (<a href=\"https:\/\/www.anffasms.it\/wp-content\/uploads\/2020\/06\/Pillola-n.-34-esami-di-stato-pergli-alunni-con-disabilit\u00e0.pdf\" target=\"_blank\" rel=\"noopener noreferrer\"><strong>pillola informatina Numero 50<\/strong><\/a>)<\/li>\n<li>Bonus baby-sitting (<a href=\"https:\/\/www.anffasms.it\/wp-content\/uploads\/2020\/09\/Pillola-n.-51-bonus-baby_sitting.pdf\" target=\"_blank\" rel=\"noopener noreferrer\"><strong>pillola informatina Numero 51<\/strong><\/a>)<\/li>\n<li>Visite di revisione e benefici (<a href=\"https:\/\/www.anffasms.it\/wp-content\/uploads\/2020\/09\/Pillola-n.-52-Visite-di_revisione-e-benefici.pdf\" target=\"_blank\" rel=\"noopener noreferrer\"><strong>pillola informatina Numero 52<\/strong><\/a>)<\/li>\n<\/ul>\n<p>Contenuti tratti dalla <a href=\"http:\/\/www.anffas.net\/it\/news\/13964\/creazione-unita-di-crisi-covid-19-anffas-nazionale\/\" target=\"_blank\" rel=\"noopener noreferrer\">sezione dedicata all&#8217;emergenza Coronavirus<\/a> sul sito di Anffas Nazionale.<\/p>\n<\/div><div class=\"fusion-sep-clear\"><\/div><div class=\"fusion-separator fusion-full-width-sep\" style=\"margin-left: auto;margin-right: auto;margin-top:16px;margin-bottom:16px;width:100%;\"><\/div><div class=\"fusion-sep-clear\"><\/div><div class=\"fusion-clearfix\"><\/div><\/div><\/div><\/div><\/div>\n","protected":false},"excerpt":{"rendered":"","protected":false},"author":1,"featured_media":6418,"parent":0,"menu_order":0,"comment_status":"closed","ping_status":"closed","template":"","meta":{"_acf_changed":false,"footnotes":""},"class_list":["post-6416","page","type-page","status-publish","has-post-thumbnail","hentry"],"acf":[],"yoast_head":"<!-- This site is optimized with the Yoast SEO plugin v27.4 - https:\/\/yoast.com\/product\/yoast-seo-wordpress\/ -->\n<title>Covid-19 - Anffas Onlus - Massa Carrara<\/title>\n<meta name=\"robots\" content=\"index, follow, max-snippet:-1, max-image-preview:large, max-video-preview:-1\" \/>\n<link rel=\"canonical\" href=\"https:\/\/www.anffasms.it\/?page_id=6416\" \/>\n<meta property=\"og:locale\" content=\"it_IT\" \/>\n<meta property=\"og:type\" content=\"article\" \/>\n<meta property=\"og:title\" content=\"Covid-19 - Anffas Onlus - Massa Carrara\" \/>\n<meta property=\"og:url\" content=\"https:\/\/www.anffasms.it\/?page_id=6416\" \/>\n<meta property=\"og:site_name\" content=\"Anffas Onlus - Massa Carrara\" \/>\n<meta property=\"article:publisher\" content=\"https:\/\/www.facebook.com\/anffasms\/\" \/>\n<meta property=\"article:modified_time\" content=\"2021-02-03T11:40:19+00:00\" \/>\n<meta property=\"og:image\" content=\"https:\/\/www.anffasms.it\/wp-content\/uploads\/2020\/03\/emergenzaCoronaVirus_AnffasMassaCarrara.jpg\" \/>\n\t<meta property=\"og:image:width\" content=\"1280\" \/>\n\t<meta property=\"og:image:height\" content=\"551\" \/>\n\t<meta property=\"og:image:type\" content=\"image\/jpeg\" \/>\n<meta name=\"twitter:card\" content=\"summary_large_image\" \/>\n<meta name=\"twitter:label1\" content=\"Tempo di lettura stimato\" \/>\n\t<meta name=\"twitter:data1\" content=\"3 minuti\" \/>\n<script type=\"application\/ld+json\" class=\"yoast-schema-graph\">{\"@context\":\"https:\\\/\\\/schema.org\",\"@graph\":[{\"@type\":\"WebPage\",\"@id\":\"https:\\\/\\\/www.anffasms.it\\\/?page_id=6416\",\"url\":\"https:\\\/\\\/www.anffasms.it\\\/?page_id=6416\",\"name\":\"Covid-19 - Anffas Onlus - Massa Carrara\",\"isPartOf\":{\"@id\":\"https:\\\/\\\/www.anffasms.it\\\/#website\"},\"primaryImageOfPage\":{\"@id\":\"https:\\\/\\\/www.anffasms.it\\\/?page_id=6416#primaryimage\"},\"image\":{\"@id\":\"https:\\\/\\\/www.anffasms.it\\\/?page_id=6416#primaryimage\"},\"thumbnailUrl\":\"https:\\\/\\\/www.anffasms.it\\\/wp-content\\\/uploads\\\/2020\\\/03\\\/emergenzaCoronaVirus_AnffasMassaCarrara.jpg\",\"datePublished\":\"2020-03-27T10:30:19+00:00\",\"dateModified\":\"2021-02-03T11:40:19+00:00\",\"breadcrumb\":{\"@id\":\"https:\\\/\\\/www.anffasms.it\\\/?page_id=6416#breadcrumb\"},\"inLanguage\":\"it-IT\",\"potentialAction\":[{\"@type\":\"ReadAction\",\"target\":[\"https:\\\/\\\/www.anffasms.it\\\/?page_id=6416\"]}]},{\"@type\":\"ImageObject\",\"inLanguage\":\"it-IT\",\"@id\":\"https:\\\/\\\/www.anffasms.it\\\/?page_id=6416#primaryimage\",\"url\":\"https:\\\/\\\/www.anffasms.it\\\/wp-content\\\/uploads\\\/2020\\\/03\\\/emergenzaCoronaVirus_AnffasMassaCarrara.jpg\",\"contentUrl\":\"https:\\\/\\\/www.anffasms.it\\\/wp-content\\\/uploads\\\/2020\\\/03\\\/emergenzaCoronaVirus_AnffasMassaCarrara.jpg\",\"width\":1280,\"height\":551,\"caption\":\"Emergenza Coronavirus Anffas Onlus Massa Carrara\"},{\"@type\":\"BreadcrumbList\",\"@id\":\"https:\\\/\\\/www.anffasms.it\\\/?page_id=6416#breadcrumb\",\"itemListElement\":[{\"@type\":\"ListItem\",\"position\":1,\"name\":\"Home\",\"item\":\"https:\\\/\\\/www.anffasms.it\\\/\"},{\"@type\":\"ListItem\",\"position\":2,\"name\":\"Covid-19\"}]},{\"@type\":\"WebSite\",\"@id\":\"https:\\\/\\\/www.anffasms.it\\\/#website\",\"url\":\"https:\\\/\\\/www.anffasms.it\\\/\",\"name\":\"Anffas Onlus - Massa Carrara\",\"description\":\"\",\"publisher\":{\"@id\":\"https:\\\/\\\/www.anffasms.it\\\/#organization\"},\"potentialAction\":[{\"@type\":\"SearchAction\",\"target\":{\"@type\":\"EntryPoint\",\"urlTemplate\":\"https:\\\/\\\/www.anffasms.it\\\/?s={search_term_string}\"},\"query-input\":{\"@type\":\"PropertyValueSpecification\",\"valueRequired\":true,\"valueName\":\"search_term_string\"}}],\"inLanguage\":\"it-IT\"},{\"@type\":\"Organization\",\"@id\":\"https:\\\/\\\/www.anffasms.it\\\/#organization\",\"name\":\"Anffas Massa Carrara Onlus\",\"url\":\"https:\\\/\\\/www.anffasms.it\\\/\",\"logo\":{\"@type\":\"ImageObject\",\"inLanguage\":\"it-IT\",\"@id\":\"https:\\\/\\\/www.anffasms.it\\\/#\\\/schema\\\/logo\\\/image\\\/\",\"url\":\"https:\\\/\\\/www.anffasms.it\\\/wp-content\\\/uploads\\\/2018\\\/07\\\/logo_anffas_onlus_massa_carrara.png\",\"contentUrl\":\"https:\\\/\\\/www.anffasms.it\\\/wp-content\\\/uploads\\\/2018\\\/07\\\/logo_anffas_onlus_massa_carrara.png\",\"width\":274,\"height\":108,\"caption\":\"Anffas Massa Carrara Onlus\"},\"image\":{\"@id\":\"https:\\\/\\\/www.anffasms.it\\\/#\\\/schema\\\/logo\\\/image\\\/\"},\"sameAs\":[\"https:\\\/\\\/www.facebook.com\\\/anffasms\\\/\"]}]}<\/script>\n<!-- \/ Yoast SEO plugin. -->","yoast_head_json":{"title":"Covid-19 - Anffas Onlus - Massa Carrara","robots":{"index":"index","follow":"follow","max-snippet":"max-snippet:-1","max-image-preview":"max-image-preview:large","max-video-preview":"max-video-preview:-1"},"canonical":"https:\/\/www.anffasms.it\/?page_id=6416","og_locale":"it_IT","og_type":"article","og_title":"Covid-19 - Anffas Onlus - Massa Carrara","og_url":"https:\/\/www.anffasms.it\/?page_id=6416","og_site_name":"Anffas Onlus - Massa Carrara","article_publisher":"https:\/\/www.facebook.com\/anffasms\/","article_modified_time":"2021-02-03T11:40:19+00:00","og_image":[{"width":1280,"height":551,"url":"https:\/\/www.anffasms.it\/wp-content\/uploads\/2020\/03\/emergenzaCoronaVirus_AnffasMassaCarrara.jpg","type":"image\/jpeg"}],"twitter_card":"summary_large_image","twitter_misc":{"Tempo di lettura stimato":"3 minuti"},"schema":{"@context":"https:\/\/schema.org","@graph":[{"@type":"WebPage","@id":"https:\/\/www.anffasms.it\/?page_id=6416","url":"https:\/\/www.anffasms.it\/?page_id=6416","name":"Covid-19 - Anffas Onlus - Massa Carrara","isPartOf":{"@id":"https:\/\/www.anffasms.it\/#website"},"primaryImageOfPage":{"@id":"https:\/\/www.anffasms.it\/?page_id=6416#primaryimage"},"image":{"@id":"https:\/\/www.anffasms.it\/?page_id=6416#primaryimage"},"thumbnailUrl":"https:\/\/www.anffasms.it\/wp-content\/uploads\/2020\/03\/emergenzaCoronaVirus_AnffasMassaCarrara.jpg","datePublished":"2020-03-27T10:30:19+00:00","dateModified":"2021-02-03T11:40:19+00:00","breadcrumb":{"@id":"https:\/\/www.anffasms.it\/?page_id=6416#breadcrumb"},"inLanguage":"it-IT","potentialAction":[{"@type":"ReadAction","target":["https:\/\/www.anffasms.it\/?page_id=6416"]}]},{"@type":"ImageObject","inLanguage":"it-IT","@id":"https:\/\/www.anffasms.it\/?page_id=6416#primaryimage","url":"https:\/\/www.anffasms.it\/wp-content\/uploads\/2020\/03\/emergenzaCoronaVirus_AnffasMassaCarrara.jpg","contentUrl":"https:\/\/www.anffasms.it\/wp-content\/uploads\/2020\/03\/emergenzaCoronaVirus_AnffasMassaCarrara.jpg","width":1280,"height":551,"caption":"Emergenza Coronavirus Anffas Onlus Massa Carrara"},{"@type":"BreadcrumbList","@id":"https:\/\/www.anffasms.it\/?page_id=6416#breadcrumb","itemListElement":[{"@type":"ListItem","position":1,"name":"Home","item":"https:\/\/www.anffasms.it\/"},{"@type":"ListItem","position":2,"name":"Covid-19"}]},{"@type":"WebSite","@id":"https:\/\/www.anffasms.it\/#website","url":"https:\/\/www.anffasms.it\/","name":"Anffas Onlus - Massa Carrara","description":"","publisher":{"@id":"https:\/\/www.anffasms.it\/#organization"},"potentialAction":[{"@type":"SearchAction","target":{"@type":"EntryPoint","urlTemplate":"https:\/\/www.anffasms.it\/?s={search_term_string}"},"query-input":{"@type":"PropertyValueSpecification","valueRequired":true,"valueName":"search_term_string"}}],"inLanguage":"it-IT"},{"@type":"Organization","@id":"https:\/\/www.anffasms.it\/#organization","name":"Anffas Massa Carrara Onlus","url":"https:\/\/www.anffasms.it\/","logo":{"@type":"ImageObject","inLanguage":"it-IT","@id":"https:\/\/www.anffasms.it\/#\/schema\/logo\/image\/","url":"https:\/\/www.anffasms.it\/wp-content\/uploads\/2018\/07\/logo_anffas_onlus_massa_carrara.png","contentUrl":"https:\/\/www.anffasms.it\/wp-content\/uploads\/2018\/07\/logo_anffas_onlus_massa_carrara.png","width":274,"height":108,"caption":"Anffas Massa Carrara Onlus"},"image":{"@id":"https:\/\/www.anffasms.it\/#\/schema\/logo\/image\/"},"sameAs":["https:\/\/www.facebook.com\/anffasms\/"]}]}},"_links":{"self":[{"href":"https:\/\/www.anffasms.it\/index.php?rest_route=\/wp\/v2\/pages\/6416","targetHints":{"allow":["GET"]}}],"collection":[{"href":"https:\/\/www.anffasms.it\/index.php?rest_route=\/wp\/v2\/pages"}],"about":[{"href":"https:\/\/www.anffasms.it\/index.php?rest_route=\/wp\/v2\/types\/page"}],"author":[{"embeddable":true,"href":"https:\/\/www.anffasms.it\/index.php?rest_route=\/wp\/v2\/users\/1"}],"replies":[{"embeddable":true,"href":"https:\/\/www.anffasms.it\/index.php?rest_route=%2Fwp%2Fv2%2Fcomments&post=6416"}],"version-history":[{"count":22,"href":"https:\/\/www.anffasms.it\/index.php?rest_route=\/wp\/v2\/pages\/6416\/revisions"}],"predecessor-version":[{"id":6592,"href":"https:\/\/www.anffasms.it\/index.php?rest_route=\/wp\/v2\/pages\/6416\/revisions\/6592"}],"wp:featuredmedia":[{"embeddable":true,"href":"https:\/\/www.anffasms.it\/index.php?rest_route=\/wp\/v2\/media\/6418"}],"wp:attachment":[{"href":"https:\/\/www.anffasms.it\/index.php?rest_route=%2Fwp%2Fv2%2Fmedia&parent=6416"}],"curies":[{"name":"wp","href":"https:\/\/api.w.org\/{rel}","templated":true}]}}