{"id":8119,"date":"2025-04-22T18:17:00","date_gmt":"2025-04-22T16:17:00","guid":{"rendered":"https:\/\/www.anffasms.it\/?page_id=8119"},"modified":"2025-06-19T17:46:15","modified_gmt":"2025-06-19T15:46:15","slug":"vita-indipendente","status":"publish","type":"page","link":"https:\/\/www.anffasms.it\/?page_id=8119","title":{"rendered":"Progetti di Vita Indipendente"},"content":{"rendered":"<p><div class=\"fusion-fullwidth fullwidth-box fusion-builder-row-1 fusion-flex-container has-pattern-background has-mask-background nonhundred-percent-fullwidth non-hundred-percent-height-scrolling\" style=\"--awb-border-radius-top-left:0px;--awb-border-radius-top-right:0px;--awb-border-radius-bottom-right:0px;--awb-border-radius-bottom-left:0px;--awb-flex-wrap:wrap;\" ><div class=\"fusion-builder-row fusion-row fusion-flex-align-items-flex-start fusion-flex-content-wrap\" style=\"max-width:1331.2px;margin-left: calc(-4% \/ 2 );margin-right: calc(-4% \/ 2 );\"><div class=\"fusion-layout-column fusion_builder_column fusion-builder-column-0 fusion_builder_column_1_1 1_1 fusion-flex-column\" style=\"--awb-bg-size:cover;--awb-width-large:100%;--awb-margin-top-large:0px;--awb-spacing-right-large:1.92%;--awb-margin-bottom-large:20px;--awb-spacing-left-large:1.92%;--awb-width-medium:100%;--awb-order-medium:0;--awb-spacing-right-medium:1.92%;--awb-spacing-left-medium:1.92%;--awb-width-small:100%;--awb-order-small:0;--awb-spacing-right-small:1.92%;--awb-spacing-left-small:1.92%;\"><div class=\"fusion-column-wrapper fusion-column-has-shadow fusion-flex-justify-content-flex-start fusion-content-layout-column\"><div class=\"fusion-video fusion-youtube\" style=\"--awb-max-width:1220px;--awb-max-height:686px;--awb-align-self:center;--awb-width:100%;\"><div class=\"video-shortcode\"><div class=\"fluid-width-video-wrapper\" style=\"padding-top:56.23%;\" ><iframe title=\"YouTube video player 1\" src=\"https:\/\/www.youtube.com\/embed\/aEZ7HAKLKoQ?wmode=transparent&autoplay=0&amp;loop=1&amp;playlist=aEZ7HAKLKoQ\" width=\"1220\" height=\"686\" allowfullscreen allow=\"autoplay; clipboard-write; encrypted-media; gyroscope; picture-in-picture;\"><\/iframe><\/div><\/div><\/div><\/div><\/div><\/div><\/div><div class=\"fusion-fullwidth fullwidth-box fusion-builder-row-2 fusion-flex-container has-pattern-background has-mask-background nonhundred-percent-fullwidth non-hundred-percent-height-scrolling\" style=\"--awb-border-radius-top-left:0px;--awb-border-radius-top-right:0px;--awb-border-radius-bottom-right:0px;--awb-border-radius-bottom-left:0px;--awb-flex-wrap:wrap;\" ><div class=\"fusion-builder-row fusion-row fusion-flex-align-items-flex-start fusion-flex-content-wrap\" style=\"max-width:1331.2px;margin-left: calc(-4% \/ 2 );margin-right: calc(-4% \/ 2 );\"><div class=\"fusion-layout-column fusion_builder_column fusion-builder-column-1 fusion_builder_column_1_1 1_1 fusion-flex-column\" style=\"--awb-bg-size:cover;--awb-width-large:100%;--awb-margin-top-large:0px;--awb-spacing-right-large:1.92%;--awb-margin-bottom-large:20px;--awb-spacing-left-large:1.92%;--awb-width-medium:100%;--awb-order-medium:0;--awb-spacing-right-medium:1.92%;--awb-spacing-left-medium:1.92%;--awb-width-small:100%;--awb-order-small:0;--awb-spacing-right-small:1.92%;--awb-spacing-left-small:1.92%;\"><div class=\"fusion-column-wrapper fusion-column-has-shadow fusion-flex-justify-content-flex-start fusion-content-layout-column\"><div class=\"fusion-text fusion-text-1\"><h1>I progetti di &#8220;Vita Indipendente&#8221; di Anffas Onlus Massa Carrara<\/h1>\n<\/div><\/div><\/div><\/div><\/div><div class=\"fusion-fullwidth fullwidth-box fusion-builder-row-3 fusion-flex-container has-pattern-background has-mask-background nonhundred-percent-fullwidth non-hundred-percent-height-scrolling\" style=\"--awb-border-radius-top-left:0px;--awb-border-radius-top-right:0px;--awb-border-radius-bottom-right:0px;--awb-border-radius-bottom-left:0px;--awb-background-color:#fafafa;--awb-flex-wrap:wrap;\" ><div class=\"fusion-builder-row fusion-row fusion-flex-align-items-flex-start fusion-flex-content-wrap\" style=\"max-width:1331.2px;margin-left: calc(-4% \/ 2 );margin-right: calc(-4% \/ 2 );\"><div class=\"fusion-layout-column fusion_builder_column fusion-builder-column-2 fusion_builder_column_1_6 1_6 fusion-flex-column\" style=\"--awb-bg-size:cover;--awb-width-large:16.666666666667%;--awb-margin-top-large:0px;--awb-spacing-right-large:11.52%;--awb-margin-bottom-large:20px;--awb-spacing-left-large:11.52%;--awb-width-medium:33.333333333333%;--awb-order-medium:0;--awb-spacing-right-medium:5.76%;--awb-spacing-left-medium:5.76%;--awb-width-small:33.333333333333%;--awb-order-small:0;--awb-spacing-right-small:5.76%;--awb-spacing-left-small:5.76%;\" data-scroll-devices=\"small-visibility,medium-visibility,large-visibility\"><div class=\"fusion-column-wrapper fusion-column-has-shadow fusion-flex-justify-content-flex-start fusion-content-layout-column\"><div class=\"fusion-separator fusion-full-width-sep\" style=\"align-self: center;margin-left: auto;margin-right: auto;margin-top:16px;margin-bottom:16px;width:100%;\"><\/div><div class=\"fusion-image-element \" style=\"--awb-caption-title-font-family:var(--h2_typography-font-family);--awb-caption-title-font-weight:var(--h2_typography-font-weight);--awb-caption-title-font-style:var(--h2_typography-font-style);--awb-caption-title-size:var(--h2_typography-font-size);--awb-caption-title-transform:var(--h2_typography-text-transform);--awb-caption-title-line-height:var(--h2_typography-line-height);--awb-caption-title-letter-spacing:var(--h2_typography-letter-spacing);\"><span class=\" fusion-imageframe imageframe-none imageframe-1 hover-type-none\"><img decoding=\"async\" width=\"721\" height=\"1134\" alt=\"Vita Indipendente - ieri\" title=\"Vita Indipendente &#8211; ieri\" src=\"https:\/\/www.anffasms.it\/wp-content\/uploads\/2025\/04\/VitaIndipendente-ieri.png\" class=\"img-responsive wp-image-8126\" srcset=\"https:\/\/www.anffasms.it\/wp-content\/uploads\/2025\/04\/VitaIndipendente-ieri-200x315.png 200w, https:\/\/www.anffasms.it\/wp-content\/uploads\/2025\/04\/VitaIndipendente-ieri-400x629.png 400w, https:\/\/www.anffasms.it\/wp-content\/uploads\/2025\/04\/VitaIndipendente-ieri-600x944.png 600w, https:\/\/www.anffasms.it\/wp-content\/uploads\/2025\/04\/VitaIndipendente-ieri.png 721w\" sizes=\"(max-width: 1024px) 100vw, (max-width: 640px) 100vw, 200px\" \/><\/span><\/div><div class=\"fusion-text fusion-text-2\" style=\"--awb-font-size:28px;--awb-line-height:38px;--awb-margin-top:20px;--awb-text-font-family:&quot;Atkinson Hyperlegible&quot;;--awb-text-font-style:normal;--awb-text-font-weight:400;\"><p style=\"text-align: center;\">Ieri<\/p>\n<\/div><\/div><\/div><div class=\"fusion-layout-column fusion_builder_column fusion-builder-column-3 fusion_builder_column_1_6 1_6 fusion-flex-column\" style=\"--awb-bg-size:cover;--awb-width-large:16.666666666667%;--awb-margin-top-large:0px;--awb-spacing-right-large:11.52%;--awb-margin-bottom-large:20px;--awb-spacing-left-large:11.52%;--awb-width-medium:33.333333333333%;--awb-order-medium:0;--awb-spacing-right-medium:5.76%;--awb-spacing-left-medium:5.76%;--awb-width-small:33.333333333333%;--awb-order-small:0;--awb-spacing-right-small:5.76%;--awb-spacing-left-small:5.76%;\" data-scroll-devices=\"small-visibility,medium-visibility,large-visibility\"><div class=\"fusion-column-wrapper fusion-column-has-shadow fusion-flex-justify-content-flex-start fusion-content-layout-column\"><div class=\"fusion-separator fusion-full-width-sep\" style=\"align-self: center;margin-left: auto;margin-right: auto;margin-top:16px;margin-bottom:16px;width:100%;\"><\/div><div class=\"fusion-image-element \" style=\"--awb-caption-title-font-family:var(--h2_typography-font-family);--awb-caption-title-font-weight:var(--h2_typography-font-weight);--awb-caption-title-font-style:var(--h2_typography-font-style);--awb-caption-title-size:var(--h2_typography-font-size);--awb-caption-title-transform:var(--h2_typography-text-transform);--awb-caption-title-line-height:var(--h2_typography-line-height);--awb-caption-title-letter-spacing:var(--h2_typography-letter-spacing);\"><span class=\" fusion-imageframe imageframe-none imageframe-2 hover-type-none\"><img decoding=\"async\" width=\"721\" height=\"1134\" alt=\"Vita Indipendente - oggi\" title=\"Vita Indipendente &#8211; oggi\" src=\"https:\/\/www.anffasms.it\/wp-content\/uploads\/2025\/04\/VitaIndipendente-oggi.png\" class=\"img-responsive wp-image-8127\" srcset=\"https:\/\/www.anffasms.it\/wp-content\/uploads\/2025\/04\/VitaIndipendente-oggi-200x315.png 200w, https:\/\/www.anffasms.it\/wp-content\/uploads\/2025\/04\/VitaIndipendente-oggi-400x629.png 400w, https:\/\/www.anffasms.it\/wp-content\/uploads\/2025\/04\/VitaIndipendente-oggi-600x944.png 600w, https:\/\/www.anffasms.it\/wp-content\/uploads\/2025\/04\/VitaIndipendente-oggi.png 721w\" sizes=\"(max-width: 1024px) 100vw, (max-width: 640px) 100vw, 200px\" \/><\/span><\/div><div class=\"fusion-text fusion-text-3\" style=\"--awb-font-size:28px;--awb-line-height:38px;--awb-margin-top:20px;--awb-text-font-family:&quot;Atkinson Hyperlegible&quot;;--awb-text-font-style:normal;--awb-text-font-weight:400;\"><p style=\"text-align: center;\">Oggi<\/p>\n<\/div><\/div><\/div><div class=\"fusion-layout-column fusion_builder_column fusion-builder-column-4 fusion_builder_column_1_6 1_6 fusion-flex-column\" style=\"--awb-bg-size:cover;--awb-width-large:16.666666666667%;--awb-margin-top-large:0px;--awb-spacing-right-large:11.52%;--awb-margin-bottom-large:20px;--awb-spacing-left-large:11.52%;--awb-width-medium:33.333333333333%;--awb-order-medium:0;--awb-spacing-right-medium:5.76%;--awb-spacing-left-medium:5.76%;--awb-width-small:33.333333333333%;--awb-order-small:0;--awb-spacing-right-small:5.76%;--awb-spacing-left-small:5.76%;\" data-scroll-devices=\"small-visibility,medium-visibility,large-visibility\"><div class=\"fusion-column-wrapper fusion-column-has-shadow fusion-flex-justify-content-flex-start fusion-content-layout-column\"><div class=\"fusion-separator fusion-full-width-sep\" style=\"align-self: center;margin-left: auto;margin-right: auto;margin-top:16px;margin-bottom:16px;width:100%;\"><\/div><div class=\"fusion-image-element \" style=\"--awb-caption-title-font-family:var(--h2_typography-font-family);--awb-caption-title-font-weight:var(--h2_typography-font-weight);--awb-caption-title-font-style:var(--h2_typography-font-style);--awb-caption-title-size:var(--h2_typography-font-size);--awb-caption-title-transform:var(--h2_typography-text-transform);--awb-caption-title-line-height:var(--h2_typography-line-height);--awb-caption-title-letter-spacing:var(--h2_typography-letter-spacing);\"><span class=\" fusion-imageframe imageframe-none imageframe-3 hover-type-none\"><img decoding=\"async\" width=\"721\" height=\"1134\" alt=\"Vita Indipendente - domani\" title=\"Vita Indipendente &#8211; domani\" src=\"https:\/\/www.anffasms.it\/wp-content\/uploads\/2025\/04\/VitaIndipendente-domani.png\" class=\"img-responsive wp-image-8128\" srcset=\"https:\/\/www.anffasms.it\/wp-content\/uploads\/2025\/04\/VitaIndipendente-domani-200x315.png 200w, https:\/\/www.anffasms.it\/wp-content\/uploads\/2025\/04\/VitaIndipendente-domani-400x629.png 400w, https:\/\/www.anffasms.it\/wp-content\/uploads\/2025\/04\/VitaIndipendente-domani-600x944.png 600w, https:\/\/www.anffasms.it\/wp-content\/uploads\/2025\/04\/VitaIndipendente-domani.png 721w\" sizes=\"(max-width: 1024px) 100vw, (max-width: 640px) 100vw, 200px\" \/><\/span><\/div><div class=\"fusion-text fusion-text-4\" style=\"--awb-font-size:28px;--awb-line-height:38px;--awb-margin-top:20px;--awb-text-font-family:&quot;Atkinson Hyperlegible&quot;;--awb-text-font-style:normal;--awb-text-font-weight:400;\"><p style=\"text-align: center;\">Domani<\/p>\n<\/div><\/div><\/div><div class=\"fusion-layout-column fusion_builder_column fusion-builder-column-5 fusion_builder_column_1_2 1_2 fusion-flex-column\" style=\"--awb-bg-color:#fafafa;--awb-bg-color-hover:#fafafa;--awb-bg-size:cover;--awb-width-large:50%;--awb-margin-top-large:0px;--awb-spacing-right-large:3.84%;--awb-margin-bottom-large:20px;--awb-spacing-left-large:3.84%;--awb-width-medium:100%;--awb-order-medium:0;--awb-spacing-right-medium:1.92%;--awb-spacing-left-medium:1.92%;--awb-width-small:100%;--awb-order-small:0;--awb-spacing-right-small:1.92%;--awb-spacing-left-small:1.92%;\" data-scroll-devices=\"small-visibility,medium-visibility,large-visibility\"><div class=\"fusion-column-wrapper fusion-column-has-shadow fusion-flex-justify-content-flex-start fusion-content-layout-column\"><div class=\"fusion-separator fusion-full-width-sep\" style=\"align-self: center;margin-left: auto;margin-right: auto;margin-top:16px;margin-bottom:16px;width:100%;\"><\/div><div class=\"fusion-text fusion-text-5\"><p>Da oltre vent&#8217;anni Anffas Massa Carrara si impegna nello sviluppo di<strong> progetti di &#8220;Vita Indipendente&#8221;<\/strong>.<br \/>\nPercorsi personalizzati, che mirano a sviluppare al massimo, le autonomie delle persone con disabilit\u00e0.<\/p>\n<p>Sono circa trenta le persone che oggi, con i dovuti ausili, hanno raggiunto una qualit\u00e0 di vita che \u00e8 la pi\u00f9 indipendente possibile.<br \/>\nSono per\u00f2 molte altre le persone che domani potrebbero essere coinvolte.<br \/>\nE&#8217; quindi necessario riuscire ad offrire anche ad altri nuove opportunit\u00e0.<\/p>\n<\/div><div class=\"fusion-text fusion-text-6\"><h3><span style=\"font-size: 110%;\">Sostieni, con il tuo 5&#215;1000, i progetti di Vita Indipendente di\u00a0Anffas Massa Carrara<\/span><\/h3>\n<p>Nella tua dichiarazione o nel CUD scrivi:<br \/>\n<span style=\"font-size: 150%;\">Anffas Onlus Massa Carrara<br \/>\n<abbr title=\"Codice Fiscale\">CF<\/abbr>\u00a001045900451<\/span><\/p>\n<\/div><div ><a class=\"fusion-button button-flat fusion-button-default-size button-default fusion-button-default button-1 fusion-button-default-span fusion-button-default-type\" target=\"_blank\" rel=\"noopener noreferrer\" href=\"https:\/\/www.anffasms.it\/?page_id=7955\"><span class=\"fusion-button-text awb-button__text awb-button__text--default\">SCOPRI COME<\/span><\/a><\/div><div class=\"fusion-separator fusion-full-width-sep\" style=\"align-self: center;margin-left: auto;margin-right: auto;margin-top:16px;margin-bottom:16px;width:100%;\"><\/div><\/div><\/div><\/div><\/div><div class=\"fusion-fullwidth fullwidth-box fusion-builder-row-4 fusion-flex-container has-pattern-background has-mask-background nonhundred-percent-fullwidth non-hundred-percent-height-scrolling\" style=\"--awb-border-radius-top-left:0px;--awb-border-radius-top-right:0px;--awb-border-radius-bottom-right:0px;--awb-border-radius-bottom-left:0px;--awb-flex-wrap:wrap;\" ><div class=\"fusion-builder-row fusion-row fusion-flex-align-items-flex-start fusion-flex-content-wrap\" style=\"max-width:1331.2px;margin-left: calc(-4% \/ 2 );margin-right: calc(-4% \/ 2 );\"><div class=\"fusion-layout-column fusion_builder_column fusion-builder-column-6 fusion_builder_column_1_1 1_1 fusion-flex-column\" style=\"--awb-bg-size:cover;--awb-width-large:100%;--awb-margin-top-large:0px;--awb-spacing-right-large:1.92%;--awb-margin-bottom-large:20px;--awb-spacing-left-large:1.92%;--awb-width-medium:100%;--awb-order-medium:0;--awb-spacing-right-medium:1.92%;--awb-spacing-left-medium:1.92%;--awb-width-small:100%;--awb-order-small:0;--awb-spacing-right-small:1.92%;--awb-spacing-left-small:1.92%;\"><div class=\"fusion-column-wrapper fusion-column-has-shadow fusion-flex-justify-content-flex-start fusion-content-layout-column\"><div class=\"fusion-separator fusion-full-width-sep\" style=\"align-self: center;margin-left: auto;margin-right: auto;margin-top:16px;margin-bottom:16px;width:100%;\"><\/div><div class=\"fusion-text fusion-text-7\"><h2>Percorsi verso l\u2019autonomia, la dignit\u00e0 e la piena cittadinanza delle persone con disabilit\u00e0 intellettive e relazionali.<\/h2>\n<h3>Cos&#8217;\u00e8 la Vita Indipendente per le Persone con Disabilit\u00e0<\/h3>\n<p>La Vita Indipendente rappresenta una tappa fondamentale nel percorso di crescita e autodeterminazione di ogni persona, inclusa quella con <strong>disabilit\u00e0 intellettiva e\/o relazionale<\/strong>. Non si tratta semplicemente di \u201cautonomia\u201d, intesa come capacit\u00e0 di svolgere le attivit\u00e0 quotidiane senza aiuto, ma del diritto essenziale di <strong>prendere decisioni sulla propria vita<\/strong>, scegliere dove e con chi vivere, partecipare alla comunit\u00e0, essere protagonisti del proprio futuro.<\/p>\n<p>Per Anffas Massa Carrara, la <strong>vita indipendente<\/strong> \u00e8 un diritto, non un\u2019emergenza o una soluzione tardiva da attivare \u201cdopo di noi\u201d. \u00c8 un&#8217;opportunit\u00e0 che deve iniziare <strong>durante noi<\/strong>, come parte integrante del progetto di vita personalizzato.<\/p>\n<h3>Il Progetto Vita Indipendente di Anffas Massa Carrara<\/h3>\n<p>Come <strong>Associazione Nazionale di Famiglie di Persone con Disabilit\u00e0 Intellettive e\/o Relazionali<\/strong>, Anffas Massa Carrara ONLUS promuove da anni percorsi concreti per rendere possibile la vita indipendente attraverso:<\/p>\n<ul>\n<li><strong>Residenze e appartamenti protetti<\/strong> che simulano ambienti di vita reale;<\/li>\n<li><strong>Servizi domiciliari <\/strong>personalizzati e flessibili;<\/li>\n<li><strong>Supporti educativi e relazionali<\/strong> per sviluppare competenze decisionali ed emotive;<\/li>\n<li><strong>Progetti individualizzati<\/strong> basati sui Domini della Qualit\u00e0 della Vita, in particolare su autodeterminazione, inclusione sociale, benessere emotivo e sviluppo personale.<\/li>\n<\/ul>\n<p>Il progetto parte dal concetto che <strong>la casa non \u00e8 solo un luogo fisico<\/strong>, ma uno spazio di cura, sicurezza e incontro con il mondo. Avere una casa, scegliere gli orari, organizzare i propri spazi: tutto ci\u00f2 contribuisce a una piena cittadinanza attiva.<\/p>\n<h3>Una Visione Innovativa: Dall\u2019assistenzialismo alla cittadinanza<\/h3>\n<p>Anffas Massa Carrara rifiuta l\u2019approccio puramente assistenziale, spesso basato sulla riabilitazione continua o sulla sostituzione della persona nelle decisioni. Promuove invece<strong> il riconoscimento della persona adulta con disabilit\u00e0<\/strong> come soggetto pensante, capace di desideri, scelte, legami e aspirazioni.<\/p>\n<p>Ogni progetto \u00e8 costruito insieme alla persona, nel rispetto dei suoi tempi, delle sue preferenze e delle sue relazioni significative. Questo approccio riduce l\u2019isolamento sociale e favorisce la costruzione di reti di prossimit\u00e0 e comunit\u00e0 inclusive.<\/p>\n<h3>Perch\u00e9 la Vita Indipendente \u00e8 una scelta per tutti<\/h3>\n<blockquote>\n<p>Vita Indipendente riguarda soprattutto le persone con disabilit\u00e0, tuttavia chi la persegue sa che attorno a ogni persona con disabilit\u00e0 che sia libera, si aprono spazi di libert\u00e0 per madri, padri, fratelli, sorelle&#8230;<br \/>\n(<em>da Il Manifesto per la Vita Indipendente \u2013 ENIL Italia<\/em>)<\/p>\n<\/blockquote>\n<p>L\u2019esperienza della Vita Indipendente non riguarda solo chi la vive in prima persona, ma genera <strong>valore per tutta la rete familiare e sociale<\/strong>. \u00c8 un modello di inclusione e libert\u00e0 che moltiplica le opportunit\u00e0 per tutti.<\/p>\n<\/div><\/div><\/div><\/div><\/div><\/p>\n","protected":false},"excerpt":{"rendered":"","protected":false},"author":1,"featured_media":0,"parent":0,"menu_order":0,"comment_status":"closed","ping_status":"closed","template":"","meta":{"_acf_changed":false,"footnotes":""},"class_list":["post-8119","page","type-page","status-publish","hentry"],"acf":[],"yoast_head":"<!-- This site is optimized with the Yoast SEO plugin v27.4 - https:\/\/yoast.com\/product\/yoast-seo-wordpress\/ -->\n<title>Progetti di Vita Indipendente - Anffas Onlus - Massa Carrara<\/title>\n<meta name=\"robots\" content=\"index, follow, max-snippet:-1, max-image-preview:large, max-video-preview:-1\" \/>\n<link rel=\"canonical\" href=\"https:\/\/www.anffasms.it\/?page_id=8119\" \/>\n<meta property=\"og:locale\" content=\"it_IT\" \/>\n<meta property=\"og:type\" content=\"article\" \/>\n<meta property=\"og:title\" content=\"Progetti di Vita Indipendente - Anffas Onlus - Massa Carrara\" \/>\n<meta property=\"og:url\" content=\"https:\/\/www.anffasms.it\/?page_id=8119\" \/>\n<meta property=\"og:site_name\" content=\"Anffas Onlus - Massa Carrara\" \/>\n<meta property=\"article:publisher\" content=\"https:\/\/www.facebook.com\/anffasms\/\" \/>\n<meta property=\"article:modified_time\" content=\"2025-06-19T15:46:15+00:00\" \/>\n<meta name=\"twitter:card\" content=\"summary_large_image\" \/>\n<meta name=\"twitter:label1\" content=\"Tempo di lettura stimato\" \/>\n\t<meta name=\"twitter:data1\" content=\"4 minuti\" \/>\n<script type=\"application\/ld+json\" class=\"yoast-schema-graph\">{\"@context\":\"https:\\\/\\\/schema.org\",\"@graph\":[{\"@type\":\"WebPage\",\"@id\":\"https:\\\/\\\/www.anffasms.it\\\/?page_id=8119\",\"url\":\"https:\\\/\\\/www.anffasms.it\\\/?page_id=8119\",\"name\":\"Progetti di Vita Indipendente - Anffas Onlus - Massa Carrara\",\"isPartOf\":{\"@id\":\"https:\\\/\\\/www.anffasms.it\\\/#website\"},\"datePublished\":\"2025-04-22T16:17:00+00:00\",\"dateModified\":\"2025-06-19T15:46:15+00:00\",\"breadcrumb\":{\"@id\":\"https:\\\/\\\/www.anffasms.it\\\/?page_id=8119#breadcrumb\"},\"inLanguage\":\"it-IT\",\"potentialAction\":[{\"@type\":\"ReadAction\",\"target\":[\"https:\\\/\\\/www.anffasms.it\\\/?page_id=8119\"]}]},{\"@type\":\"BreadcrumbList\",\"@id\":\"https:\\\/\\\/www.anffasms.it\\\/?page_id=8119#breadcrumb\",\"itemListElement\":[{\"@type\":\"ListItem\",\"position\":1,\"name\":\"Home\",\"item\":\"https:\\\/\\\/www.anffasms.it\\\/\"},{\"@type\":\"ListItem\",\"position\":2,\"name\":\"Progetti di Vita Indipendente\"}]},{\"@type\":\"WebSite\",\"@id\":\"https:\\\/\\\/www.anffasms.it\\\/#website\",\"url\":\"https:\\\/\\\/www.anffasms.it\\\/\",\"name\":\"Anffas Onlus - Massa Carrara\",\"description\":\"\",\"publisher\":{\"@id\":\"https:\\\/\\\/www.anffasms.it\\\/#organization\"},\"potentialAction\":[{\"@type\":\"SearchAction\",\"target\":{\"@type\":\"EntryPoint\",\"urlTemplate\":\"https:\\\/\\\/www.anffasms.it\\\/?s={search_term_string}\"},\"query-input\":{\"@type\":\"PropertyValueSpecification\",\"valueRequired\":true,\"valueName\":\"search_term_string\"}}],\"inLanguage\":\"it-IT\"},{\"@type\":\"Organization\",\"@id\":\"https:\\\/\\\/www.anffasms.it\\\/#organization\",\"name\":\"Anffas Massa Carrara Onlus\",\"url\":\"https:\\\/\\\/www.anffasms.it\\\/\",\"logo\":{\"@type\":\"ImageObject\",\"inLanguage\":\"it-IT\",\"@id\":\"https:\\\/\\\/www.anffasms.it\\\/#\\\/schema\\\/logo\\\/image\\\/\",\"url\":\"https:\\\/\\\/www.anffasms.it\\\/wp-content\\\/uploads\\\/2018\\\/07\\\/logo_anffas_onlus_massa_carrara.png\",\"contentUrl\":\"https:\\\/\\\/www.anffasms.it\\\/wp-content\\\/uploads\\\/2018\\\/07\\\/logo_anffas_onlus_massa_carrara.png\",\"width\":274,\"height\":108,\"caption\":\"Anffas Massa Carrara Onlus\"},\"image\":{\"@id\":\"https:\\\/\\\/www.anffasms.it\\\/#\\\/schema\\\/logo\\\/image\\\/\"},\"sameAs\":[\"https:\\\/\\\/www.facebook.com\\\/anffasms\\\/\"]}]}<\/script>\n<!-- \/ Yoast SEO plugin. -->","yoast_head_json":{"title":"Progetti di Vita Indipendente - Anffas Onlus - Massa Carrara","robots":{"index":"index","follow":"follow","max-snippet":"max-snippet:-1","max-image-preview":"max-image-preview:large","max-video-preview":"max-video-preview:-1"},"canonical":"https:\/\/www.anffasms.it\/?page_id=8119","og_locale":"it_IT","og_type":"article","og_title":"Progetti di Vita Indipendente - Anffas Onlus - Massa Carrara","og_url":"https:\/\/www.anffasms.it\/?page_id=8119","og_site_name":"Anffas Onlus - Massa Carrara","article_publisher":"https:\/\/www.facebook.com\/anffasms\/","article_modified_time":"2025-06-19T15:46:15+00:00","twitter_card":"summary_large_image","twitter_misc":{"Tempo di lettura stimato":"4 minuti"},"schema":{"@context":"https:\/\/schema.org","@graph":[{"@type":"WebPage","@id":"https:\/\/www.anffasms.it\/?page_id=8119","url":"https:\/\/www.anffasms.it\/?page_id=8119","name":"Progetti di Vita Indipendente - Anffas Onlus - Massa Carrara","isPartOf":{"@id":"https:\/\/www.anffasms.it\/#website"},"datePublished":"2025-04-22T16:17:00+00:00","dateModified":"2025-06-19T15:46:15+00:00","breadcrumb":{"@id":"https:\/\/www.anffasms.it\/?page_id=8119#breadcrumb"},"inLanguage":"it-IT","potentialAction":[{"@type":"ReadAction","target":["https:\/\/www.anffasms.it\/?page_id=8119"]}]},{"@type":"BreadcrumbList","@id":"https:\/\/www.anffasms.it\/?page_id=8119#breadcrumb","itemListElement":[{"@type":"ListItem","position":1,"name":"Home","item":"https:\/\/www.anffasms.it\/"},{"@type":"ListItem","position":2,"name":"Progetti di Vita Indipendente"}]},{"@type":"WebSite","@id":"https:\/\/www.anffasms.it\/#website","url":"https:\/\/www.anffasms.it\/","name":"Anffas Onlus - Massa Carrara","description":"","publisher":{"@id":"https:\/\/www.anffasms.it\/#organization"},"potentialAction":[{"@type":"SearchAction","target":{"@type":"EntryPoint","urlTemplate":"https:\/\/www.anffasms.it\/?s={search_term_string}"},"query-input":{"@type":"PropertyValueSpecification","valueRequired":true,"valueName":"search_term_string"}}],"inLanguage":"it-IT"},{"@type":"Organization","@id":"https:\/\/www.anffasms.it\/#organization","name":"Anffas Massa Carrara Onlus","url":"https:\/\/www.anffasms.it\/","logo":{"@type":"ImageObject","inLanguage":"it-IT","@id":"https:\/\/www.anffasms.it\/#\/schema\/logo\/image\/","url":"https:\/\/www.anffasms.it\/wp-content\/uploads\/2018\/07\/logo_anffas_onlus_massa_carrara.png","contentUrl":"https:\/\/www.anffasms.it\/wp-content\/uploads\/2018\/07\/logo_anffas_onlus_massa_carrara.png","width":274,"height":108,"caption":"Anffas Massa Carrara Onlus"},"image":{"@id":"https:\/\/www.anffasms.it\/#\/schema\/logo\/image\/"},"sameAs":["https:\/\/www.facebook.com\/anffasms\/"]}]}},"_links":{"self":[{"href":"https:\/\/www.anffasms.it\/index.php?rest_route=\/wp\/v2\/pages\/8119","targetHints":{"allow":["GET"]}}],"collection":[{"href":"https:\/\/www.anffasms.it\/index.php?rest_route=\/wp\/v2\/pages"}],"about":[{"href":"https:\/\/www.anffasms.it\/index.php?rest_route=\/wp\/v2\/types\/page"}],"author":[{"embeddable":true,"href":"https:\/\/www.anffasms.it\/index.php?rest_route=\/wp\/v2\/users\/1"}],"replies":[{"embeddable":true,"href":"https:\/\/www.anffasms.it\/index.php?rest_route=%2Fwp%2Fv2%2Fcomments&post=8119"}],"version-history":[{"count":49,"href":"https:\/\/www.anffasms.it\/index.php?rest_route=\/wp\/v2\/pages\/8119\/revisions"}],"predecessor-version":[{"id":8361,"href":"https:\/\/www.anffasms.it\/index.php?rest_route=\/wp\/v2\/pages\/8119\/revisions\/8361"}],"wp:attachment":[{"href":"https:\/\/www.anffasms.it\/index.php?rest_route=%2Fwp%2Fv2%2Fmedia&parent=8119"}],"curies":[{"name":"wp","href":"https:\/\/api.w.org\/{rel}","templated":true}]}}